{"id":8402,"date":"2025-10-02T12:26:43","date_gmt":"2025-10-02T12:26:43","guid":{"rendered":"https:\/\/www.metron-ks.com\/?post_type=product&#038;p=8402"},"modified":"2025-10-04T10:25:30","modified_gmt":"2025-10-04T10:25:30","slug":"aparat-per-kafe-elit-cm-18","status":"publish","type":"product","link":"https:\/\/www.metron-ks.com\/?product=aparat-per-kafe-elit-cm-18","title":{"rendered":"Aparat p\u00ebr Kafe Elit CM-18"},"content":{"rendered":"<p>Aparati i kafes\u00eb 1.5L \u00ebsht\u00eb perfekte p\u00ebr p\u00ebrgatitjen deri n\u00eb 12 filxhan\u00ebve t\u00eb kafes\u00eb suaj t\u00eb preferuar. Fuqia 800W siguron p\u00ebrgatitje t\u00eb shpejt\u00eb dhe efikase, nd\u00ebrsa p\u00ebrputhshm\u00ebria me standardin ErP2 garanton efikasitet t\u00eb energjis\u00eb.<\/p>\n<p>Ky aparat vjen me nj\u00eb fikje automatike, e cila rrit sigurin\u00eb dhe komoditetin e p\u00ebrdorimit. Funksioni &#8220;kund\u00ebr pikave&#8221; mbron nga pikat, duke ju lejuar t\u00eb sh\u00ebrbeni leht\u00ebsisht kafe pa rr\u00ebmuj\u00eb.<\/p>\n<p>Filtri i q\u00ebndruesh\u00ebm me dorez\u00eb e b\u00ebn pastrimin t\u00eb leht\u00eb, nd\u00ebrsa mat\u00ebsi i nivelit t\u00eb ujit e b\u00ebn t\u00eb leht\u00eb monitorimin e sasis\u00eb s\u00eb k\u00ebrkuar. Pjata q\u00eb mban ngroht\u00eb siguron q\u00eb kafeja juaj t\u00eb mbetet e ngroht\u00eb nd\u00ebrsa ju shijoni \u00e7do gll\u00ebnjk\u00eb.<\/p>\n<p>Kapaciteti: 1.5L, 12 gota<br \/>\nFuqia: 800W<br \/>\nN\u00eb p\u00ebrputhje me standardin ErP2<br \/>\nFikje automatike<br \/>\nFunksioni mbrojt\u00ebs nga pikat &#8220;Anti-pikim&#8221;<br \/>\nFilt\u00ebr i p\u00ebrhersh\u00ebm me dorez\u00eb<br \/>\nMat\u00ebs i nivelit t\u00eb ujit<br \/>\nPllak\u00eb ngroh\u00ebse<\/p>\n<p>&nbsp;<\/p>\n","protected":false},"excerpt":{"rendered":"<p>CM-18<\/p>\n","protected":false},"featured_media":8403,"comment_status":"closed","ping_status":"closed","template":"","meta":[],"product_brand":[],"product_cat":[118,216,215,136],"product_tag":[],"class_list":{"0":"post-8402","1":"product","2":"type-product","3":"status-publish","4":"has-post-thumbnail","6":"product_cat-aksesore","7":"product_cat-aparat-per-kafe","8":"product_cat-kuzhine","9":"product_cat-pajisje-shtepiake","11":"first","12":"instock","13":"shipping-taxable","14":"purchasable","15":"product-type-simple"},"_links":{"self":[{"href":"https:\/\/www.metron-ks.com\/index.php?rest_route=\/wp\/v2\/product\/8402","targetHints":{"allow":["GET"]}}],"collection":[{"href":"https:\/\/www.metron-ks.com\/index.php?rest_route=\/wp\/v2\/product"}],"about":[{"href":"https:\/\/www.metron-ks.com\/index.php?rest_route=\/wp\/v2\/types\/product"}],"replies":[{"embeddable":true,"href":"https:\/\/www.metron-ks.com\/index.php?rest_route=%2Fwp%2Fv2%2Fcomments&post=8402"}],"wp:featuredmedia":[{"embeddable":true,"href":"https:\/\/www.metron-ks.com\/index.php?rest_route=\/wp\/v2\/media\/8403"}],"wp:attachment":[{"href":"https:\/\/www.metron-ks.com\/index.php?rest_route=%2Fwp%2Fv2%2Fmedia&parent=8402"}],"wp:term":[{"taxonomy":"product_brand","embeddable":true,"href":"https:\/\/www.metron-ks.com\/index.php?rest_route=%2Fwp%2Fv2%2Fproduct_brand&post=8402"},{"taxonomy":"product_cat","embeddable":true,"href":"https:\/\/www.metron-ks.com\/index.php?rest_route=%2Fwp%2Fv2%2Fproduct_cat&post=8402"},{"taxonomy":"product_tag","embeddable":true,"href":"https:\/\/www.metron-ks.com\/index.php?rest_route=%2Fwp%2Fv2%2Fproduct_tag&post=8402"}],"curies":[{"name":"wp","href":"https:\/\/api.w.org\/{rel}","templated":true}]}}