{"id":8405,"date":"2025-10-02T12:31:54","date_gmt":"2025-10-02T12:31:54","guid":{"rendered":"https:\/\/www.metron-ks.com\/?post_type=product&#038;p=8405"},"modified":"2025-10-04T10:24:25","modified_gmt":"2025-10-04T10:24:25","slug":"tharese-flokesh-elit-ht-1600","status":"publish","type":"product","link":"https:\/\/www.metron-ks.com\/?product=tharese-flokesh-elit-ht-1600","title":{"rendered":"Thar\u00ebse Flok\u00ebsh ELIT HT-1600"},"content":{"rendered":"<p>Nj\u00eb thar\u00ebse flok\u00ebsh kompakte me fuqi 1600W, e pajisur me nj\u00eb motor t\u00eb fuqish\u00ebm DC.<\/p>\n<p>Me dy cil\u00ebsime t\u00eb fuqis\u00eb s\u00eb fryrjes, ju lejon ta p\u00ebrshtatni at\u00eb sipas nevojave tuaja. Deflektori i ajrit ndihmon n\u00eb drejtimin e rrjedh\u00ebs, nd\u00ebrsa grila e pasme e l\u00ebvizshme e b\u00ebn pastrimin m\u00eb t\u00eb leht\u00eb.<\/p>\n<p>Me funksionin e ftoht\u00eb, mund ta rregulloni modelin tuaj t\u00eb flok\u00ebve me kontroll shtes\u00eb. Laku i varjes dhe doreza e palosshme e b\u00ebjn\u00eb k\u00ebt\u00eb pajisje praktike p\u00ebr ruajtje dhe udh\u00ebtim t\u00eb leht\u00eb.<\/p>\n<p>Fuqia: Motor DC 1600W<br \/>\n2 shpejt\u00ebsi<br \/>\nKapak i pasm\u00eb i l\u00ebvizsh\u00ebm<br \/>\nDorez\u00eb e palosshme<br \/>\nP\u00ebrqendrues<br \/>\nGrep p\u00ebr varje<br \/>\nMbrojtje nga mbinxehja<\/p>\n","protected":false},"excerpt":{"rendered":"<p>ELit HT-1600<\/p>\n","protected":false},"featured_media":8406,"comment_status":"closed","ping_status":"closed","template":"","meta":[],"product_brand":[],"product_cat":[174,118,136,217],"product_tag":[],"class_list":{"0":"post-8405","1":"product","2":"type-product","3":"status-publish","4":"has-post-thumbnail","6":"product_cat-aksesor","7":"product_cat-aksesore","8":"product_cat-pajisje-shtepiake","9":"product_cat-tharese-per-floke","11":"first","12":"instock","13":"shipping-taxable","14":"purchasable","15":"product-type-simple"},"_links":{"self":[{"href":"https:\/\/www.metron-ks.com\/index.php?rest_route=\/wp\/v2\/product\/8405","targetHints":{"allow":["GET"]}}],"collection":[{"href":"https:\/\/www.metron-ks.com\/index.php?rest_route=\/wp\/v2\/product"}],"about":[{"href":"https:\/\/www.metron-ks.com\/index.php?rest_route=\/wp\/v2\/types\/product"}],"replies":[{"embeddable":true,"href":"https:\/\/www.metron-ks.com\/index.php?rest_route=%2Fwp%2Fv2%2Fcomments&post=8405"}],"wp:featuredmedia":[{"embeddable":true,"href":"https:\/\/www.metron-ks.com\/index.php?rest_route=\/wp\/v2\/media\/8406"}],"wp:attachment":[{"href":"https:\/\/www.metron-ks.com\/index.php?rest_route=%2Fwp%2Fv2%2Fmedia&parent=8405"}],"wp:term":[{"taxonomy":"product_brand","embeddable":true,"href":"https:\/\/www.metron-ks.com\/index.php?rest_route=%2Fwp%2Fv2%2Fproduct_brand&post=8405"},{"taxonomy":"product_cat","embeddable":true,"href":"https:\/\/www.metron-ks.com\/index.php?rest_route=%2Fwp%2Fv2%2Fproduct_cat&post=8405"},{"taxonomy":"product_tag","embeddable":true,"href":"https:\/\/www.metron-ks.com\/index.php?rest_route=%2Fwp%2Fv2%2Fproduct_tag&post=8405"}],"curies":[{"name":"wp","href":"https:\/\/api.w.org\/{rel}","templated":true}]}}