{"id":8415,"date":"2025-10-02T12:54:13","date_gmt":"2025-10-02T12:54:13","guid":{"rendered":"https:\/\/www.metron-ks.com\/?post_type=product&#038;p=8415"},"modified":"2025-10-04T10:23:41","modified_gmt":"2025-10-04T10:23:41","slug":"tharese-flokesh-elit-aurra-lux-kafe","status":"publish","type":"product","link":"https:\/\/www.metron-ks.com\/?product=tharese-flokesh-elit-aurra-lux-kafe","title":{"rendered":"Thar\u00ebse Flok\u00ebsh ELIT Aurra, Lux Kafe"},"content":{"rendered":"<p>Thar\u00ebse flok\u00ebsh BLDC me shpejt\u00ebsi t\u00eb lart\u00eb me ekran dixhital LED, funksion jonik dhe motor 110,000\u00a0 o\/min.<br \/>\nOfron nivele t\u00eb shum\u00ebfishta nxeht\u00ebsie dhe shpejt\u00ebsie, funksion nxeht\u00ebsi-ftohje, aksesor\u00eb magnetik\u00eb dhe mbrojtje nga mbinxehja.<\/p>\n<p>Thar\u00ebse flok\u00ebsh me shpejt\u00ebsi t\u00eb lart\u00eb BLDC<br \/>\nP\u00ebrzierja perfekte e fuqis\u00eb, teknologjis\u00eb dhe kujdesit p\u00ebr flok\u00ebt tuaj.<\/p>\n<p>Performanc\u00eb e lart\u00eb me nj\u00eb dizajn p\u00ebr tharje t\u00eb shpejt\u00eb dhe efikase me elektricitet statik t\u00eb reduktuar p\u00ebr flok\u00eb m\u00eb t\u00eb shndritsh\u00ebm.<\/p>\n<p>Motori inovativ me shpejt\u00ebsi t\u00eb lart\u00eb BLDC ofron nj\u00eb rrjedhje ajri jasht\u00ebzakonisht t\u00eb fuqishme p\u00ebr tharje t\u00eb shpejt\u00eb dhe efikase . Zgjidhni midis ajrit t\u00eb ftoht\u00eb, t\u00eb that\u00eb ose t\u00eb p\u00ebrzier.<\/p>\n<p>Fuqia optimale siguron performanc\u00eb maksimale, pavar\u00ebsisht n\u00ebse d\u00ebshironi tharje t\u00eb shpejt\u00eb apo stilim t\u00eb sakt\u00eb.<\/p>\n<p>Ekrani i madh LED tregon temperatur\u00ebn e ajrit q\u00eb po p\u00ebrdorni dhe forc\u00ebn e ajrit p\u00ebr kontroll t\u00eb plot\u00eb gjat\u00eb p\u00ebrdorimit.<br \/>\nRrethi elegant ndryshon ngjyrat, k\u00ebshtu q\u00eb ju mund t\u00eb gjurmoni edhe m\u00eb leht\u00eb se cilin modalitet tharjeje po p\u00ebrdorni.<\/p>\n<p>Teknologjia e p\u00ebrparuar q\u00eb alternon automatikisht ajrin e nxeht\u00eb dhe t\u00eb ftoht\u00eb gjat\u00eb tharjes ofron kujdes optimal t\u00eb flok\u00ebve. Nxeht\u00ebsia p\u00ebrshpejton procesin e tharjes dhe hap kutikul\u00ebn, nd\u00ebrsa ajri i ftoht\u00eb mbyll boshtin e flok\u00ebve, ruan lag\u00ebshtin\u00eb dhe siguron shk\u00eblqim afatgjat\u00eb. Ky funksion parandalon tharjen, zvog\u00eblon rrezikun e d\u00ebmtimit dhe ndihmon n\u00eb rregullimin e modelit t\u00eb flok\u00ebve, duke i l\u00ebn\u00eb flok\u00ebt t\u00eb l\u00ebmuar, elastik\u00eb dhe natyrsh\u00ebm t\u00eb sh\u00ebndetsh\u00ebm.<\/p>\n<p>Thar\u00ebse flok\u00ebsh BLDC me shpejt\u00ebsi t\u00eb lart\u00eb<br \/>\nMotor: 110,000 RPM<br \/>\nFuqia: 1600W \/ 230V~50Hz<br \/>\nEkran LED dixhital<br \/>\nFunksion jonik<br \/>\nCil\u00ebsimi i shpejt\u00ebsis\u00eb 0-1-2 i kontrolluar nga butoni i nd\u00ebrrimit<br \/>\nCil\u00ebsimi i ngrohjes Cool-1-2-3<br \/>\nDiapazoni i temperatur\u00ebs: 25 \/ 55 \/ 75 \/ 95\u00b0C<br \/>\nFunksioni i qarkullimit t\u00eb nxeht\u00ebsis\u00eb dhe ftohjes<br \/>\nShpejt\u00ebsia e er\u00ebs 21-23m\/s<br \/>\nGryk\u00eb magnetike<br \/>\nDifuzor magnetik<br \/>\nMbrojtje nga mbinxehja<br \/>\nFilt\u00ebr i shk\u00ebputsh\u00ebm dhe magnetik p\u00ebr pastrim t\u00eb leht\u00eb<br \/>\nGjat\u00ebsia e kabllit t\u00eb energjis\u00eb: 1.7m<\/p>\n","protected":false},"excerpt":{"rendered":"<p>ELIT Aurra Lux Kafe<\/p>\n","protected":false},"featured_media":8420,"comment_status":"closed","ping_status":"closed","template":"","meta":[],"product_brand":[],"product_cat":[174,118,136,217],"product_tag":[],"class_list":{"0":"post-8415","1":"product","2":"type-product","3":"status-publish","4":"has-post-thumbnail","6":"product_cat-aksesor","7":"product_cat-aksesore","8":"product_cat-pajisje-shtepiake","9":"product_cat-tharese-per-floke","11":"first","12":"instock","13":"shipping-taxable","14":"purchasable","15":"product-type-simple"},"_links":{"self":[{"href":"https:\/\/www.metron-ks.com\/index.php?rest_route=\/wp\/v2\/product\/8415","targetHints":{"allow":["GET"]}}],"collection":[{"href":"https:\/\/www.metron-ks.com\/index.php?rest_route=\/wp\/v2\/product"}],"about":[{"href":"https:\/\/www.metron-ks.com\/index.php?rest_route=\/wp\/v2\/types\/product"}],"replies":[{"embeddable":true,"href":"https:\/\/www.metron-ks.com\/index.php?rest_route=%2Fwp%2Fv2%2Fcomments&post=8415"}],"wp:featuredmedia":[{"embeddable":true,"href":"https:\/\/www.metron-ks.com\/index.php?rest_route=\/wp\/v2\/media\/8420"}],"wp:attachment":[{"href":"https:\/\/www.metron-ks.com\/index.php?rest_route=%2Fwp%2Fv2%2Fmedia&parent=8415"}],"wp:term":[{"taxonomy":"product_brand","embeddable":true,"href":"https:\/\/www.metron-ks.com\/index.php?rest_route=%2Fwp%2Fv2%2Fproduct_brand&post=8415"},{"taxonomy":"product_cat","embeddable":true,"href":"https:\/\/www.metron-ks.com\/index.php?rest_route=%2Fwp%2Fv2%2Fproduct_cat&post=8415"},{"taxonomy":"product_tag","embeddable":true,"href":"https:\/\/www.metron-ks.com\/index.php?rest_route=%2Fwp%2Fv2%2Fproduct_tag&post=8415"}],"curies":[{"name":"wp","href":"https:\/\/api.w.org\/{rel}","templated":true}]}}