{"id":842,"date":"2023-03-06T22:23:48","date_gmt":"2023-03-06T22:23:48","guid":{"rendered":"https:\/\/www.metron-ks.com\/product\/mbajtes-per-tv-lcd-sbox-plb-3446t-37-70\/"},"modified":"2025-01-15T08:41:53","modified_gmt":"2025-01-15T08:41:53","slug":"mbajtes-per-tv-lcd-sbox-plb-3446t-37-70","status":"publish","type":"product","link":"https:\/\/www.metron-ks.com\/?product=mbajtes-per-tv-lcd-sbox-plb-3446t-37-70","title":{"rendered":"Mbajt\u00ebs p\u00ebr TV LCD SBOX PLB-3446T, 37\u201c-80\u201c"},"content":{"rendered":"<p>I thjesht\u00eb p\u00ebr t\u2019u p\u00ebrdorur dhe instaluar, modeli PLB-3446T \u00ebsht\u00eb krijuar p\u00ebr t\u00eb p\u00ebrshtatur \u00e7do TV t\u00eb shesht\u00eb 37 &#8220;-80&#8243; deri n\u00eb 45 kg.\u00a0Ky\u00a0mbajt\u00ebs\u00a0distancohet nga muri 20 mm dhe lejon aft\u00ebsi me l\u00ebvizje t\u00eb plot\u00eb. L\u00ebvizja e plot\u00eb lejon fleksibilitet maksimal 14\u00a0\u00b0 dhe kthej TV tuaj p\u00ebr shikim t\u00eb leht\u00eb nga \u00e7do vend n\u00eb nj\u00eb dhom\u00eb. Rregullimi i nivelit t\u00eb tij pas instalimit siguron q\u00eb TV t\u00eb pozicionohet n\u00eb m\u00ebnyr\u00eb t\u00eb p\u00ebrsosur n\u00eb mur.<\/p>\n<p>Modeli: PLB-3446T<\/p>\n<p>Madhesia e ekranit: 37&#8243;-80&#8221; \/ 94 &#8211; 203cm<br \/>\nLloji i mbajtesit: Me pjerr\u00ebsi<br \/>\nVESA minimale: 200&#215;200<br \/>\nVESA maksimale: 600&#215;400<br \/>\nNgarkesa maksimale (kg): 45<br \/>\nDistanca minimale\/maksimale nga muri\u00a0(mm): 20<br \/>\nPjerr\u00ebsia vertikale: 0\u00b0\/ -8\u00b0<br \/>\nPllak\u00eb VESA e ndashme: Po<br \/>\nMontimi: Mur<br \/>\nNgjyra: E zez\u00eb<br \/>\nMateriali: \u00e7elik\/plastik\u00eb<br \/>\nDimensionet (mm): 20x650x418<\/p>\n","protected":false},"excerpt":{"rendered":"<p>MBAJT\u00cbS L\u00cbVIZ\u00cbS TV LCD SBOX, 37\u201c-80\u201c PLB-3446T<\/p>\n","protected":false},"featured_media":5157,"comment_status":"closed","ping_status":"closed","template":"","meta":[],"product_brand":[],"product_cat":[118,160,138],"product_tag":[],"class_list":{"0":"post-842","1":"product","2":"type-product","3":"status-publish","4":"has-post-thumbnail","6":"product_cat-aksesore","7":"product_cat-mbajtese-tv","8":"product_cat-tv","10":"first","11":"instock","12":"sale","13":"shipping-taxable","14":"purchasable","15":"product-type-simple"},"_links":{"self":[{"href":"https:\/\/www.metron-ks.com\/index.php?rest_route=\/wp\/v2\/product\/842","targetHints":{"allow":["GET"]}}],"collection":[{"href":"https:\/\/www.metron-ks.com\/index.php?rest_route=\/wp\/v2\/product"}],"about":[{"href":"https:\/\/www.metron-ks.com\/index.php?rest_route=\/wp\/v2\/types\/product"}],"replies":[{"embeddable":true,"href":"https:\/\/www.metron-ks.com\/index.php?rest_route=%2Fwp%2Fv2%2Fcomments&post=842"}],"wp:featuredmedia":[{"embeddable":true,"href":"https:\/\/www.metron-ks.com\/index.php?rest_route=\/wp\/v2\/media\/5157"}],"wp:attachment":[{"href":"https:\/\/www.metron-ks.com\/index.php?rest_route=%2Fwp%2Fv2%2Fmedia&parent=842"}],"wp:term":[{"taxonomy":"product_brand","embeddable":true,"href":"https:\/\/www.metron-ks.com\/index.php?rest_route=%2Fwp%2Fv2%2Fproduct_brand&post=842"},{"taxonomy":"product_cat","embeddable":true,"href":"https:\/\/www.metron-ks.com\/index.php?rest_route=%2Fwp%2Fv2%2Fproduct_cat&post=842"},{"taxonomy":"product_tag","embeddable":true,"href":"https:\/\/www.metron-ks.com\/index.php?rest_route=%2Fwp%2Fv2%2Fproduct_tag&post=842"}],"curies":[{"name":"wp","href":"https:\/\/api.w.org\/{rel}","templated":true}]}}