{"id":8428,"date":"2025-10-15T10:33:20","date_gmt":"2025-10-15T10:33:20","guid":{"rendered":"https:\/\/www.metron-ks.com\/?post_type=product&#038;p=8428"},"modified":"2025-12-18T11:57:44","modified_gmt":"2025-12-18T11:57:44","slug":"philips-usb-3-1-2ne1-usb-c-128gb","status":"publish","type":"product","link":"https:\/\/www.metron-ks.com\/?product=philips-usb-3-1-2ne1-usb-c-128gb","title":{"rendered":"Philips USB 3.1, 2n\u00eb1 USB-C, 128GB"},"content":{"rendered":"<p>USB Philips USB 3.1 Edicioni 2-n\u00eb-1 kombinon shkatht\u00ebsin\u00eb dhe shpejt\u00ebsin\u00eb me lidhjet USB-A dhe USB-C, duke ju lejuar t\u00eb transferoni leht\u00ebsisht te dhena midis pajisjeve t\u00eb ndryshme. N\u00ebse d\u00ebshironi t\u00eb sinkronizoni laptopin tuaj me smartfonin tuaj ose t\u00eb ruani shpejt t\u00eb dh\u00ebna t\u00eb m\u00ebdha, kjo Usb ofron fleksibilitetin dhe shpejt\u00ebsin\u00eb q\u00eb ju nevojitet.<\/p>\n<p>Me interface te p\u00ebrparuar USB 3.1,\u00a0 ofron shpejt\u00ebsi leximi deri n\u00eb 180MB\/s, ideale p\u00ebr kopjimin e shpejt\u00eb t\u00eb skedar\u00ebve t\u00eb m\u00ebdhenj si filma, foto dhe dokumente. Mekanizmi rrotullues mbron lidh\u00ebsin USB-C, k\u00ebshtu q\u00eb nuk nevojitet kapak dhe nj\u00ebsia \u00ebsht\u00eb gjithmon\u00eb gati p\u00ebr p\u00ebrdorim.<\/p>\n<p>Fal\u00eb lidh\u00ebsve t\u00eb dyfisht\u00eb, kjo nj\u00ebsi \u00ebsht\u00eb perfekte p\u00ebr p\u00ebrdorim me laptop\u00eb, desktop\u00eb, smartfon\u00eb dhe tableta, pa pasur nevoj\u00eb p\u00ebr adaptor\u00eb. Funksionaliteti plug-and-play siguron q\u00eb ju t\u00eb mund t\u00eb filloni ta p\u00ebrdorni menj\u00ebher\u00eb pa instaluar softuer shtes\u00eb. Me dimensione kompakte prej 1.2 x 3.3 x 0.8 cm,USB futet leht\u00ebsisht n\u00eb xhep ose \u00e7ant\u00eb.<\/p>\n<p>Kapaciteti: 128GB<br \/>\nShpejt\u00ebsia maksimale e leximit: 180 MB\/s<br \/>\nShpejt\u00ebsia maksimale e shkrimit 35 MB\/s<\/p>\n","protected":false},"excerpt":{"rendered":"<p>FM12DC152B<\/p>\n","protected":false},"featured_media":8430,"comment_status":"closed","ping_status":"closed","template":"","meta":[],"product_brand":[],"product_cat":[118,141,34],"product_tag":[],"class_list":{"0":"post-8428","1":"product","2":"type-product","3":"status-publish","4":"has-post-thumbnail","6":"product_cat-aksesore","7":"product_cat-pclaptop","8":"product_cat-usb","10":"first","11":"instock","12":"shipping-taxable","13":"purchasable","14":"product-type-simple"},"_links":{"self":[{"href":"https:\/\/www.metron-ks.com\/index.php?rest_route=\/wp\/v2\/product\/8428","targetHints":{"allow":["GET"]}}],"collection":[{"href":"https:\/\/www.metron-ks.com\/index.php?rest_route=\/wp\/v2\/product"}],"about":[{"href":"https:\/\/www.metron-ks.com\/index.php?rest_route=\/wp\/v2\/types\/product"}],"replies":[{"embeddable":true,"href":"https:\/\/www.metron-ks.com\/index.php?rest_route=%2Fwp%2Fv2%2Fcomments&post=8428"}],"wp:featuredmedia":[{"embeddable":true,"href":"https:\/\/www.metron-ks.com\/index.php?rest_route=\/wp\/v2\/media\/8430"}],"wp:attachment":[{"href":"https:\/\/www.metron-ks.com\/index.php?rest_route=%2Fwp%2Fv2%2Fmedia&parent=8428"}],"wp:term":[{"taxonomy":"product_brand","embeddable":true,"href":"https:\/\/www.metron-ks.com\/index.php?rest_route=%2Fwp%2Fv2%2Fproduct_brand&post=8428"},{"taxonomy":"product_cat","embeddable":true,"href":"https:\/\/www.metron-ks.com\/index.php?rest_route=%2Fwp%2Fv2%2Fproduct_cat&post=8428"},{"taxonomy":"product_tag","embeddable":true,"href":"https:\/\/www.metron-ks.com\/index.php?rest_route=%2Fwp%2Fv2%2Fproduct_tag&post=8428"}],"curies":[{"name":"wp","href":"https:\/\/api.w.org\/{rel}","templated":true}]}}