{"id":844,"date":"2023-03-06T22:23:49","date_gmt":"2023-03-06T22:23:49","guid":{"rendered":"https:\/\/www.metron-ks.com\/product\/mbajtes-per-tv-sbox-fix-plb-7036f-43-80-40kg\/"},"modified":"2025-01-15T08:30:45","modified_gmt":"2025-01-15T08:30:45","slug":"mbajtes-per-tv-sbox-fix-plb-7036f-43-80-40kg","status":"publish","type":"product","link":"https:\/\/www.metron-ks.com\/?product=mbajtes-per-tv-sbox-fix-plb-7036f-43-80-40kg","title":{"rendered":"Mbajt\u00ebs p\u00ebr TV SBOX Fix PLB-7036F, 43&#8243;-80&#8243;\/ 40kg"},"content":{"rendered":"<p>PLB-7036F \u00ebsht\u00eb fiks, mbajt\u00ebs p\u00ebr TV me profil jasht\u00ebzakonisht t\u00eb ul\u00ebt vet\u00ebm 18 mm. Rekomandohet p\u00ebr p\u00ebrdorim me ekranet nga 43 n\u00eb 80 in\u00e7, pesha maksimale prej 40 kg. Pllaka VESA \u00ebsht\u00eb e ndashme p\u00ebr montim t\u00eb leht\u00eb. Paneli (TV) mund t\u00eb shk\u00ebputet nga pllaka kryesore duke t\u00ebrhequr lidh\u00ebzat nga secila an\u00eb.<\/p>\n<p>Madh\u00ebsia e ekranit: 43 &#8220;-80&#8221;<br \/>\nKapaciteti i pesh\u00ebs: 40 kg<br \/>\nVESA: 200&#215;200 b\u00ebj 600&#215;300<br \/>\nProfili: 18mm<br \/>\nMateriali: \u00c7elik, Plastik\u00eb<br \/>\nNgjyra: E zez\u00eb mat<br \/>\nPaneli i ndash\u00ebm: Po<br \/>\nP\u00ebrmasat: 643x531x33 mm<\/p>\n","protected":false},"excerpt":{"rendered":"<p>Mbajt\u00ebs p\u00ebr TV SBOX Fix, 43&#8243;-80&#8243;\/ 40kg, PLB-7036F<\/p>\n","protected":false},"featured_media":2268,"comment_status":"closed","ping_status":"closed","template":"","meta":[],"product_brand":[],"product_cat":[118,160,138],"product_tag":[],"class_list":{"0":"post-844","1":"product","2":"type-product","3":"status-publish","4":"has-post-thumbnail","6":"product_cat-aksesore","7":"product_cat-mbajtese-tv","8":"product_cat-tv","10":"first","11":"instock","12":"shipping-taxable","13":"purchasable","14":"product-type-simple"},"_links":{"self":[{"href":"https:\/\/www.metron-ks.com\/index.php?rest_route=\/wp\/v2\/product\/844","targetHints":{"allow":["GET"]}}],"collection":[{"href":"https:\/\/www.metron-ks.com\/index.php?rest_route=\/wp\/v2\/product"}],"about":[{"href":"https:\/\/www.metron-ks.com\/index.php?rest_route=\/wp\/v2\/types\/product"}],"replies":[{"embeddable":true,"href":"https:\/\/www.metron-ks.com\/index.php?rest_route=%2Fwp%2Fv2%2Fcomments&post=844"}],"wp:featuredmedia":[{"embeddable":true,"href":"https:\/\/www.metron-ks.com\/index.php?rest_route=\/wp\/v2\/media\/2268"}],"wp:attachment":[{"href":"https:\/\/www.metron-ks.com\/index.php?rest_route=%2Fwp%2Fv2%2Fmedia&parent=844"}],"wp:term":[{"taxonomy":"product_brand","embeddable":true,"href":"https:\/\/www.metron-ks.com\/index.php?rest_route=%2Fwp%2Fv2%2Fproduct_brand&post=844"},{"taxonomy":"product_cat","embeddable":true,"href":"https:\/\/www.metron-ks.com\/index.php?rest_route=%2Fwp%2Fv2%2Fproduct_cat&post=844"},{"taxonomy":"product_tag","embeddable":true,"href":"https:\/\/www.metron-ks.com\/index.php?rest_route=%2Fwp%2Fv2%2Fproduct_tag&post=844"}],"curies":[{"name":"wp","href":"https:\/\/api.w.org\/{rel}","templated":true}]}}