{"id":8478,"date":"2025-10-31T12:33:56","date_gmt":"2025-10-31T12:33:56","guid":{"rendered":"https:\/\/www.metron-ks.com\/?post_type=product&#038;p=8478"},"modified":"2025-10-31T12:38:48","modified_gmt":"2025-10-31T12:38:48","slug":"kufje-earbuds-white-shark-blaze-2","status":"publish","type":"product","link":"https:\/\/www.metron-ks.com\/?product=kufje-earbuds-white-shark-blaze-2","title":{"rendered":"Kufje Earbuds White Shark BLAZE"},"content":{"rendered":"<p>Kufjet e loj\u00ebrave White Shark Blaze BT ofrojn\u00eb tingull t\u00eb fuqish\u00ebm dhe t\u00eb qart\u00eb pa tel, t\u00eb krijuara p\u00ebr lojtar\u00eb dhe entuziast\u00eb t\u00eb multimedias q\u00eb vler\u00ebsojn\u00eb lirin\u00eb e l\u00ebvizjes. T\u00eb pajisura me altoparlant\u00eb t\u00eb m\u00ebdhenj 13 mm, Blaze ofron audio t\u00eb pasur me bas t\u00eb fuqish\u00ebm, nd\u00ebrsa Bluetooth 5.4 siguron nj\u00eb lidhje t\u00eb q\u00ebndrueshme dhe t\u00eb shpejt\u00eb. Me bateri 30 mAh p\u00ebr kufje dhe nj\u00eb kuti shtes\u00eb karikimi 200 mAh, mund t\u00eb mb\u00ebshteteni n\u00eb koh\u00eb t\u00eb zgjatur loje dhe besueshm\u00ebri. Me ngjyr\u00eb t\u00eb zez\u00eb ose t\u00eb bardh\u00eb elegante me nj\u00eb faktor forme kompakte, Blaze kombinon stilin dhe funksionalitetin, t\u00eb mb\u00ebshtetur nga karikimi i shpejt\u00eb Type-C. Perfekte p\u00ebr muzik\u00eb, thirrje ose loj\u00ebra n\u00eb l\u00ebvizje.<\/p>\n<p>Lloji i kufjeve: Bluetooth, Brenda veshit<br \/>\nShtrirja e frekuenc\u00ebs (Hz): 20-20000<br \/>\nImpedanca e kufjeve (Ohm): 32<br \/>\nNdjeshm\u00ebria e kufjeve (dB): 105 +\/- 3<br \/>\nMadh\u00ebsia e kufjes (mm): 13<br \/>\nInterface: Bluetooth 5.4 \/ Tipi-C (p\u00ebr karikim)<br \/>\nMateriali: Plastik\u00eb<br \/>\nNgjyra: E bardh\u00eb<br \/>\nDistanca (m): 10<br \/>\n\u00c7ipi: AB5656C<br \/>\nBateria: Litium-polimer, kufje 30mAh + kuti karikimi 200mAh<br \/>\nDimensionet (mm): 17x18x20 (kufje) \/ 23x48x39 (kuti karikimi)<\/p>\n","protected":false},"excerpt":{"rendered":"<p>GEB-TWS-201<\/p>\n","protected":false},"featured_media":8482,"comment_status":"closed","ping_status":"closed","template":"","meta":[],"product_brand":[],"product_cat":[118,116,131],"product_tag":[],"class_list":{"0":"post-8478","1":"product","2":"type-product","3":"status-publish","4":"has-post-thumbnail","6":"product_cat-aksesore","7":"product_cat-gaming","8":"product_cat-kufje-gaming","10":"first","11":"instock","12":"shipping-taxable","13":"purchasable","14":"product-type-simple"},"_links":{"self":[{"href":"https:\/\/www.metron-ks.com\/index.php?rest_route=\/wp\/v2\/product\/8478","targetHints":{"allow":["GET"]}}],"collection":[{"href":"https:\/\/www.metron-ks.com\/index.php?rest_route=\/wp\/v2\/product"}],"about":[{"href":"https:\/\/www.metron-ks.com\/index.php?rest_route=\/wp\/v2\/types\/product"}],"replies":[{"embeddable":true,"href":"https:\/\/www.metron-ks.com\/index.php?rest_route=%2Fwp%2Fv2%2Fcomments&post=8478"}],"wp:featuredmedia":[{"embeddable":true,"href":"https:\/\/www.metron-ks.com\/index.php?rest_route=\/wp\/v2\/media\/8482"}],"wp:attachment":[{"href":"https:\/\/www.metron-ks.com\/index.php?rest_route=%2Fwp%2Fv2%2Fmedia&parent=8478"}],"wp:term":[{"taxonomy":"product_brand","embeddable":true,"href":"https:\/\/www.metron-ks.com\/index.php?rest_route=%2Fwp%2Fv2%2Fproduct_brand&post=8478"},{"taxonomy":"product_cat","embeddable":true,"href":"https:\/\/www.metron-ks.com\/index.php?rest_route=%2Fwp%2Fv2%2Fproduct_cat&post=8478"},{"taxonomy":"product_tag","embeddable":true,"href":"https:\/\/www.metron-ks.com\/index.php?rest_route=%2Fwp%2Fv2%2Fproduct_tag&post=8478"}],"curies":[{"name":"wp","href":"https:\/\/api.w.org\/{rel}","templated":true}]}}