{"id":852,"date":"2023-03-06T22:23:52","date_gmt":"2023-03-06T22:23:52","guid":{"rendered":"https:\/\/www.metron-ks.com\/product\/mbajtes-sbox-fix-per-tv-plb-2222f-23-42\/"},"modified":"2025-01-15T08:17:49","modified_gmt":"2025-01-15T08:17:49","slug":"mbajtes-sbox-fix-per-tv-plb-2222f-23-42","status":"publish","type":"product","link":"https:\/\/www.metron-ks.com\/?product=mbajtes-sbox-fix-per-tv-plb-2222f-23-42","title":{"rendered":"Mbajt\u00ebs SBOX Fix p\u00ebr TV PLB-2222F 23\u201c &#8211; 43\u201c"},"content":{"rendered":"<p>PLB-2222F \u00ebsht\u00eb nj\u00eb mbajt\u00ebs Fix ultra i holl\u00eb i murit p\u00ebr TV i cili \u00ebsht\u00eb krijuar p\u00ebr t\u00eb p\u00ebrshtatur \u00e7do TV t\u00eb shesht\u00eb 23 &#8220;-43&#8221; deri n\u00eb 35kg. Dizajni Super Slim \u00ebsht\u00eb vet\u00ebm 19.5 mm nga muri p\u00ebr t\u00eb plot\u00ebsuar pamjen e hijshme t\u00eb TV ultra t\u00eb holl\u00eb. Ajo p\u00ebrmban nj\u00eb dizajn t\u00eb hapur i cili maksimizon rrjedh\u00ebn e ajrit n\u00eb pajisje dhe siguron qasje t\u00eb leht\u00eb n\u00eb pjes\u00ebn e prapme t\u00eb komponent\u00ebve. Ai gjithashtu lejon rregullimin lateral t\u00eb zhvendosjes, duke lejuar TV t\u00eb rr\u00ebshqas\u00eb majtas dhe djathtas n\u00eb pllak\u00ebn e murit, k\u00ebshtu q\u00eb t\u00eb pozicionohet sakt\u00ebsisht aty ku e d\u00ebshironi. Ky mbajt\u00ebs me pozit\u00eb fikse \u00ebsht\u00eb i p\u00ebrsosur p\u00ebr t\u00eb par\u00eb televizorin tuaj n\u00eb nivelin e syve<\/p>\n<p>Modeli: PLB-2222F<\/p>\n<p>Madh\u00ebsia e ekranit: 23 \u201d- 43\u201d \/ 58 &#8211; 109 cm<br \/>\nLloji i mbajtesit: Fiks<br \/>\nVESA minimale: 75&#215;75<br \/>\nVESA maksimale: 200&#215;200<br \/>\nNgarkesa maksimale (kg): 35<br \/>\nDistanca minimale\/maksimale nga murit (mm): 19.5<br \/>\nPllak\u00eb VESA e ndashme: Po<br \/>\nMontimi: Mur<br \/>\nNgjyra: E zez\u00eb<br \/>\nMateriali: \u00c7eliku<br \/>\nDimensionet (mm): 19.5x265x222<\/p>\n","protected":false},"excerpt":{"rendered":"<p>Mbajt\u00ebs SBOX Fix p\u00ebr TV PLB-2222F 23\u201c &#8211; 43\u201c<\/p>\n","protected":false},"featured_media":5150,"comment_status":"closed","ping_status":"closed","template":"","meta":[],"product_brand":[],"product_cat":[118,160,138],"product_tag":[],"class_list":{"0":"post-852","1":"product","2":"type-product","3":"status-publish","4":"has-post-thumbnail","6":"product_cat-aksesore","7":"product_cat-mbajtese-tv","8":"product_cat-tv","10":"first","11":"instock","12":"shipping-taxable","13":"purchasable","14":"product-type-simple"},"_links":{"self":[{"href":"https:\/\/www.metron-ks.com\/index.php?rest_route=\/wp\/v2\/product\/852","targetHints":{"allow":["GET"]}}],"collection":[{"href":"https:\/\/www.metron-ks.com\/index.php?rest_route=\/wp\/v2\/product"}],"about":[{"href":"https:\/\/www.metron-ks.com\/index.php?rest_route=\/wp\/v2\/types\/product"}],"replies":[{"embeddable":true,"href":"https:\/\/www.metron-ks.com\/index.php?rest_route=%2Fwp%2Fv2%2Fcomments&post=852"}],"wp:featuredmedia":[{"embeddable":true,"href":"https:\/\/www.metron-ks.com\/index.php?rest_route=\/wp\/v2\/media\/5150"}],"wp:attachment":[{"href":"https:\/\/www.metron-ks.com\/index.php?rest_route=%2Fwp%2Fv2%2Fmedia&parent=852"}],"wp:term":[{"taxonomy":"product_brand","embeddable":true,"href":"https:\/\/www.metron-ks.com\/index.php?rest_route=%2Fwp%2Fv2%2Fproduct_brand&post=852"},{"taxonomy":"product_cat","embeddable":true,"href":"https:\/\/www.metron-ks.com\/index.php?rest_route=%2Fwp%2Fv2%2Fproduct_cat&post=852"},{"taxonomy":"product_tag","embeddable":true,"href":"https:\/\/www.metron-ks.com\/index.php?rest_route=%2Fwp%2Fv2%2Fproduct_tag&post=852"}],"curies":[{"name":"wp","href":"https:\/\/api.w.org\/{rel}","templated":true}]}}