{"id":8564,"date":"2025-11-17T08:55:27","date_gmt":"2025-11-17T08:55:27","guid":{"rendered":"https:\/\/www.metron-ks.com\/?post_type=product&#038;p=8564"},"modified":"2025-11-17T08:58:19","modified_gmt":"2025-11-17T08:58:19","slug":"maus-gaming-baracuda-turtle-wireless-bgm-121-i-zi","status":"publish","type":"product","link":"https:\/\/www.metron-ks.com\/?product=maus-gaming-baracuda-turtle-wireless-bgm-121-i-zi","title":{"rendered":"Maus Gaming Baracuda Turtle Wireless BGM-121, i zi"},"content":{"rendered":"<p>Baracuda Turtle sjell mausin pa tel n\u00eb sistemin tuaj me nj\u00eb ngjyr\u00eb te zez\u00eb, duke sh\u00ebnuar mausin e par\u00eb pa tel n\u00eb linj\u00ebn Baracuda. \u200b\u200bI pajisur me sensorin optik INSTANT S201C me deri n\u00eb 3200 DPI, ai ofron kontroll t\u00eb sakt\u00eb si p\u00ebr loj\u00ebra ashtu edhe p\u00ebr detyra t\u00eb p\u00ebrditshme. Butonat HUANO jan\u00eb nd\u00ebrtuar p\u00ebr t&#8217;i b\u00ebr\u00eb ball\u00eb mbi 20 milion\u00eb klikimeve, nd\u00ebrsa nd\u00ebrtimi i leht\u00eb prej 95 g dhe forma ergonomike sigurojn\u00eb rehati gjat\u00eb p\u00ebrdorimit t\u00eb zgjatur. Nano-marr\u00ebsi 2.4 GHz garanton nj\u00eb lidhje t\u00eb q\u00ebndrueshme dhe pa vonesa, dhe bateria zgjat deri n\u00eb 70 or\u00eb me dritat e fikura ose 25 or\u00eb me efektin LED Rainbow t\u00eb ndezur. Gati p\u00ebr t\u2019u p\u00ebrdorur menj\u00ebher\u00eb pas nxjerrjes nga kutia, nuk k\u00ebrkohet softuer.<\/p>\n<p>Lloji: 6D &#8211; 6 butona<br \/>\nLloji i sensorit: Optik<br \/>\n\u00c7ipseti: INSTANT S201C<br \/>\nRezolucioni (DPI): 3200<br \/>\nJet\u00ebtgjat\u00ebsia: HUANO Mbi 20 mil. klikime<br \/>\n(Hz): 125<br \/>\nPershpejtimi: 10 G<br \/>\nNdri\u00e7imi: Efekti LED Rainbow<br \/>\nNgjyra: Zi<br \/>\nMateriali: Plastik\u00eb<br \/>\nInterface: Nano marr\u00ebs USB-A 2.4GHz<br \/>\nGjat\u00ebsia e kabllit (m): 0.5 (p\u00ebr karikim)<br \/>\nDimensionet (mm): 126 x 67 x 40<br \/>\nPesha (g): 95<br \/>\nDistanca e punes (m): 10<br \/>\nP\u00ebrputhshm\u00ebria e mausit: Win 7 \/ 8\/ 10 \/ 11 i Mac S<br \/>\nKoha e funksionimit (or\u00eb): 70 or\u00eb (Dritat e fikura) 25 or\u00eb (Dritat e ndezura)<\/p>\n","protected":false},"excerpt":{"rendered":"<p>BGM-121<\/p>\n","protected":false},"featured_media":8565,"comment_status":"closed","ping_status":"closed","template":"","meta":[],"product_brand":[],"product_cat":[118,116,124],"product_tag":[],"class_list":{"0":"post-8564","1":"product","2":"type-product","3":"status-publish","4":"has-post-thumbnail","6":"product_cat-aksesore","7":"product_cat-gaming","8":"product_cat-mouse-gaming","10":"first","11":"instock","12":"shipping-taxable","13":"purchasable","14":"product-type-simple"},"_links":{"self":[{"href":"https:\/\/www.metron-ks.com\/index.php?rest_route=\/wp\/v2\/product\/8564","targetHints":{"allow":["GET"]}}],"collection":[{"href":"https:\/\/www.metron-ks.com\/index.php?rest_route=\/wp\/v2\/product"}],"about":[{"href":"https:\/\/www.metron-ks.com\/index.php?rest_route=\/wp\/v2\/types\/product"}],"replies":[{"embeddable":true,"href":"https:\/\/www.metron-ks.com\/index.php?rest_route=%2Fwp%2Fv2%2Fcomments&post=8564"}],"wp:featuredmedia":[{"embeddable":true,"href":"https:\/\/www.metron-ks.com\/index.php?rest_route=\/wp\/v2\/media\/8565"}],"wp:attachment":[{"href":"https:\/\/www.metron-ks.com\/index.php?rest_route=%2Fwp%2Fv2%2Fmedia&parent=8564"}],"wp:term":[{"taxonomy":"product_brand","embeddable":true,"href":"https:\/\/www.metron-ks.com\/index.php?rest_route=%2Fwp%2Fv2%2Fproduct_brand&post=8564"},{"taxonomy":"product_cat","embeddable":true,"href":"https:\/\/www.metron-ks.com\/index.php?rest_route=%2Fwp%2Fv2%2Fproduct_cat&post=8564"},{"taxonomy":"product_tag","embeddable":true,"href":"https:\/\/www.metron-ks.com\/index.php?rest_route=%2Fwp%2Fv2%2Fproduct_tag&post=8564"}],"curies":[{"name":"wp","href":"https:\/\/api.w.org\/{rel}","templated":true}]}}