{"id":857,"date":"2023-03-06T22:23:54","date_gmt":"2023-03-06T22:23:54","guid":{"rendered":"https:\/\/www.metron-ks.com\/product\/mbajtese-e-levizshme-sbox-fs-224-per-tv-lcd-32-55\/"},"modified":"2025-03-24T13:43:32","modified_gmt":"2025-03-24T13:43:32","slug":"mbajtese-e-levizshme-sbox-fs-224-per-tv-lcd-32-55","status":"publish","type":"product","link":"https:\/\/www.metron-ks.com\/?product=mbajtese-e-levizshme-sbox-fs-224-per-tv-lcd-32-55","title":{"rendered":"Mbajt\u00ebse e l\u00ebvizshme SBOX, FS-224, p\u00ebr TV LCD, 32&#8243;-55&#8243;"},"content":{"rendered":"<div>Ky mbajt\u00ebs muri p\u00ebr TV ju lejon t\u00eb shijoni filmat tuaj t\u00eb preferuar, serit\u00eb televizive,\u00a0pa marr\u00eb parasysh se nga cili k\u00ebnd jeni duke par\u00eb.<\/div>\n<div><\/div>\n<div>Mund t\u00eb pozicionohet n\u00eb m\u00ebnyr\u00eb perfekte: n\u00eb nj\u00eb dhom\u00eb t\u00eb dit\u00ebs, kuzhin\u00eb ose dhom\u00eb gjumi.<\/div>\n<div><\/div>\n<div>N\u00ebse d\u00ebshironi t\u00eb instaloni televizorin tuaj shum\u00eb af\u00ebr murit,\u00a0ky \u00ebsht\u00eb sakt\u00ebsisht mbajt\u00ebsi i duhur p\u00ebr nevojat tuaja i cili mund\u00ebson vendosjen e TV me madh\u00ebsi\u00a0 prej 32&#8221;-55&#8221;.<\/div>\n<div><\/div>\n<div>Profili jasht\u00ebzakonisht i holl\u00eb mund\u00ebson kursimin e hapsir\u00ebs dhe\u00a0leht\u00eb i l\u00ebvizsh\u00ebm fal\u00eb rrotave.<\/div>\n<div><\/div>\n<div>\n<p>Modeli: FS-224<br \/>\nMadh\u00ebsia e ekranit: 32 \u201d- 55\u201d \/ 81 &#8211; 140 cm TV<br \/>\nKapaciteti i pesh\u00ebs: 35 kg \/ 77 lbs<br \/>\nPjerr\u00ebsia: -10 \u00b0 deri + 10 \u00b0<br \/>\nRregullimi i lart\u00ebsis\u00eb: 1020 mm \/ 1070 mm \/ 1120 mm \/ 1170 mm \/ 1220 mm \/ 1270 mm \/ 1320 mm<br \/>\nKapaciteti i pesh\u00ebs s\u00eb raftit: 5 kg (11 bs)<br \/>\nRregullimi i lart\u00ebsis\u00eb s\u00eb raftit: Po<br \/>\nMenaxhimi i kabllove: Po<br \/>\nNgjyra: E zez\u00eb<br \/>\nMateriali: Metal, plastik<br \/>\nDimensionet (mm): 677 x 540 x 1240\/1540<\/p>\n<\/div>\n","protected":false},"excerpt":{"rendered":"<p>Mbajt\u00ebse e l\u00ebvizshme SBOX, FS-224, p\u00ebr TV LCD, 32&#8243;-55&#8243;<\/p>\n","protected":false},"featured_media":2219,"comment_status":"closed","ping_status":"closed","template":"","meta":[],"product_brand":[],"product_cat":[118,160,138],"product_tag":[],"class_list":{"0":"post-857","1":"product","2":"type-product","3":"status-publish","4":"has-post-thumbnail","6":"product_cat-aksesore","7":"product_cat-mbajtese-tv","8":"product_cat-tv","10":"first","11":"instock","12":"shipping-taxable","13":"purchasable","14":"product-type-simple"},"_links":{"self":[{"href":"https:\/\/www.metron-ks.com\/index.php?rest_route=\/wp\/v2\/product\/857","targetHints":{"allow":["GET"]}}],"collection":[{"href":"https:\/\/www.metron-ks.com\/index.php?rest_route=\/wp\/v2\/product"}],"about":[{"href":"https:\/\/www.metron-ks.com\/index.php?rest_route=\/wp\/v2\/types\/product"}],"replies":[{"embeddable":true,"href":"https:\/\/www.metron-ks.com\/index.php?rest_route=%2Fwp%2Fv2%2Fcomments&post=857"}],"wp:featuredmedia":[{"embeddable":true,"href":"https:\/\/www.metron-ks.com\/index.php?rest_route=\/wp\/v2\/media\/2219"}],"wp:attachment":[{"href":"https:\/\/www.metron-ks.com\/index.php?rest_route=%2Fwp%2Fv2%2Fmedia&parent=857"}],"wp:term":[{"taxonomy":"product_brand","embeddable":true,"href":"https:\/\/www.metron-ks.com\/index.php?rest_route=%2Fwp%2Fv2%2Fproduct_brand&post=857"},{"taxonomy":"product_cat","embeddable":true,"href":"https:\/\/www.metron-ks.com\/index.php?rest_route=%2Fwp%2Fv2%2Fproduct_cat&post=857"},{"taxonomy":"product_tag","embeddable":true,"href":"https:\/\/www.metron-ks.com\/index.php?rest_route=%2Fwp%2Fv2%2Fproduct_tag&post=857"}],"curies":[{"name":"wp","href":"https:\/\/api.w.org\/{rel}","templated":true}]}}