{"id":8603,"date":"2025-11-25T12:34:25","date_gmt":"2025-11-25T12:34:25","guid":{"rendered":"https:\/\/www.metron-ks.com\/?post_type=product&#038;p=8603"},"modified":"2025-11-25T13:08:54","modified_gmt":"2025-11-25T13:08:54","slug":"kufje-gaming-white-shark-gh-2540-elephant-e-kuqe","status":"publish","type":"product","link":"https:\/\/www.metron-ks.com\/?product=kufje-gaming-white-shark-gh-2540-elephant-e-kuqe","title":{"rendered":"Kufje Gaming White Shark GH-2540 Elephant, e kuqe"},"content":{"rendered":"<p>Fuqi dhe rehati t\u00eb kombinuara. T\u00eb pajisura me altoparlant\u00eb t\u00eb fuqish\u00ebm 50 mm, nj\u00eb mikrofon t\u00eb shk\u00ebputsh\u00ebm dhe jast\u00ebk\u00eb t\u00eb but\u00eb prej l\u00ebkure ekologjike, kufjet Elephant ofrojn\u00eb tingull t\u00eb pasur stereo dhe rehati gjat\u00eb gjith\u00eb dit\u00ebs. Me detaje alumini t\u00eb q\u00ebndrueshme dhe nj\u00eb kabllo t\u00eb thurur, \u00ebsht\u00eb zgjedhja perfekte p\u00ebr lojtar\u00ebt serioz\u00eb q\u00eb k\u00ebrkojn\u00eb besueshm\u00ebri pa kompromis.<\/p>\n<p>Lloji i kufjeve: Kufje loj\u00ebrash stereo 2.0<br \/>\nShtrirja e frekuenc\u00ebs (Hz): 20 &#8211; 20000<br \/>\nImpedanca e kufjeve (Ohm): 32 +\/- 15%<br \/>\nNdjeshm\u00ebria e kufjeve (dB): 108 +\/- 3<br \/>\nMadh\u00ebsia e altoparlantit (mm): 50<br \/>\nDimensionet e mikrofonit (mm): 6&#215;5<br \/>\nImpedanca e mikrofonit (Ohm): &lt;=2200<br \/>\nNdjeshm\u00ebria e mikrofonit (dB): -38 +\/- 2<br \/>\nModeli i kapjes: Gjith\u00ebp\u00ebrfshir\u00ebs<br \/>\nInterface: 3,5 mm (4 kunja) me adaptor 2x 3.5 mm 3-kunj mashkull<br \/>\nGjat\u00ebsia e kabllit (m): 1.8<br \/>\nKabllo i thurur: Po<br \/>\nKontrolli i volumit: N\u00eb kabllo<br \/>\nMikrofon: Po (i shk\u00ebputsh\u00ebm)<br \/>\nMateriali: Alumini, plastika, l\u00ebkura ekologjike<br \/>\nNgjyra: E kuqe<br \/>\nDimensionet (mm): 159x98x221<br \/>\nPesha (g): 330<br \/>\nTjet\u00ebr: Nd\u00ebrprer\u00ebs mikrofoni ON\/OFF, kontroll i volumit<br \/>\nP\u00ebrputhshm\u00ebria: PC, PS4\/5, MAC<\/p>\n","protected":false},"excerpt":{"rendered":"<p>GH-2540 Elephant<\/p>\n","protected":false},"featured_media":8604,"comment_status":"closed","ping_status":"closed","template":"","meta":[],"product_brand":[],"product_cat":[118,116,131],"product_tag":[],"class_list":{"0":"post-8603","1":"product","2":"type-product","3":"status-publish","4":"has-post-thumbnail","6":"product_cat-aksesore","7":"product_cat-gaming","8":"product_cat-kufje-gaming","10":"first","11":"instock","12":"shipping-taxable","13":"purchasable","14":"product-type-simple"},"_links":{"self":[{"href":"https:\/\/www.metron-ks.com\/index.php?rest_route=\/wp\/v2\/product\/8603","targetHints":{"allow":["GET"]}}],"collection":[{"href":"https:\/\/www.metron-ks.com\/index.php?rest_route=\/wp\/v2\/product"}],"about":[{"href":"https:\/\/www.metron-ks.com\/index.php?rest_route=\/wp\/v2\/types\/product"}],"replies":[{"embeddable":true,"href":"https:\/\/www.metron-ks.com\/index.php?rest_route=%2Fwp%2Fv2%2Fcomments&post=8603"}],"wp:featuredmedia":[{"embeddable":true,"href":"https:\/\/www.metron-ks.com\/index.php?rest_route=\/wp\/v2\/media\/8604"}],"wp:attachment":[{"href":"https:\/\/www.metron-ks.com\/index.php?rest_route=%2Fwp%2Fv2%2Fmedia&parent=8603"}],"wp:term":[{"taxonomy":"product_brand","embeddable":true,"href":"https:\/\/www.metron-ks.com\/index.php?rest_route=%2Fwp%2Fv2%2Fproduct_brand&post=8603"},{"taxonomy":"product_cat","embeddable":true,"href":"https:\/\/www.metron-ks.com\/index.php?rest_route=%2Fwp%2Fv2%2Fproduct_cat&post=8603"},{"taxonomy":"product_tag","embeddable":true,"href":"https:\/\/www.metron-ks.com\/index.php?rest_route=%2Fwp%2Fv2%2Fproduct_tag&post=8603"}],"curies":[{"name":"wp","href":"https:\/\/api.w.org\/{rel}","templated":true}]}}