{"id":8637,"date":"2025-12-02T13:19:44","date_gmt":"2025-12-02T13:19:44","guid":{"rendered":"https:\/\/www.metron-ks.com\/?post_type=product&#038;p=8637"},"modified":"2025-12-02T13:19:44","modified_gmt":"2025-12-02T13:19:44","slug":"altoparlant-bluetooth-sbox-bt-161-i-zi","status":"publish","type":"product","link":"https:\/\/www.metron-ks.com\/?product=altoparlant-bluetooth-sbox-bt-161-i-zi","title":{"rendered":"Altoparlant Bluetooth Sbox BT-161, i zi"},"content":{"rendered":"<p>Altoparlant Bluetooth (BT 5.1)<br \/>\nFuqia dal\u00ebse (mW): 2 x 8W (RMS)<br \/>\nShtrirja e frekuenc\u00ebs (Hz): 80 Hz &#8211; 20 kHz<br \/>\nS\/N (dB): &gt;=75dB +- 3dB<br \/>\nMadh\u00ebsia e altoparlantit (mm): 2 x 66 mm<br \/>\nTensioni i pun\u00ebs (V): 3.7<br \/>\nMateriali: Plastik\u00eb ABS + P\u00eblhur\u00eb + Silikon<br \/>\nNgjyra: E zez\u00eb<br \/>\nInterface: USB 2.0<br \/>\nBateria: 2400 mAh \/ 3.7V<br \/>\nDistanca e punes (m): 10<br \/>\nKoha e muzik\u00ebs (or\u00eb): 3 &#8211; 4<br \/>\nDimensionet e altoparlantit (mm): 145x80x126<br \/>\nPesha (g): 676<\/p>\n","protected":false},"excerpt":{"rendered":"<p>BT-161<\/p>\n","protected":false},"featured_media":8638,"comment_status":"closed","ping_status":"closed","template":"","meta":[],"product_brand":[],"product_cat":[118,22,158],"product_tag":[],"class_list":{"0":"post-8637","1":"product","2":"type-product","3":"status-publish","4":"has-post-thumbnail","6":"product_cat-aksesore","7":"product_cat-altoparlant-aksesore","8":"product_cat-pajisje-zerimi","10":"first","11":"instock","12":"shipping-taxable","13":"purchasable","14":"product-type-simple"},"_links":{"self":[{"href":"https:\/\/www.metron-ks.com\/index.php?rest_route=\/wp\/v2\/product\/8637","targetHints":{"allow":["GET"]}}],"collection":[{"href":"https:\/\/www.metron-ks.com\/index.php?rest_route=\/wp\/v2\/product"}],"about":[{"href":"https:\/\/www.metron-ks.com\/index.php?rest_route=\/wp\/v2\/types\/product"}],"replies":[{"embeddable":true,"href":"https:\/\/www.metron-ks.com\/index.php?rest_route=%2Fwp%2Fv2%2Fcomments&post=8637"}],"wp:featuredmedia":[{"embeddable":true,"href":"https:\/\/www.metron-ks.com\/index.php?rest_route=\/wp\/v2\/media\/8638"}],"wp:attachment":[{"href":"https:\/\/www.metron-ks.com\/index.php?rest_route=%2Fwp%2Fv2%2Fmedia&parent=8637"}],"wp:term":[{"taxonomy":"product_brand","embeddable":true,"href":"https:\/\/www.metron-ks.com\/index.php?rest_route=%2Fwp%2Fv2%2Fproduct_brand&post=8637"},{"taxonomy":"product_cat","embeddable":true,"href":"https:\/\/www.metron-ks.com\/index.php?rest_route=%2Fwp%2Fv2%2Fproduct_cat&post=8637"},{"taxonomy":"product_tag","embeddable":true,"href":"https:\/\/www.metron-ks.com\/index.php?rest_route=%2Fwp%2Fv2%2Fproduct_tag&post=8637"}],"curies":[{"name":"wp","href":"https:\/\/api.w.org\/{rel}","templated":true}]}}