{"id":865,"date":"2023-03-06T22:24:00","date_gmt":"2023-03-06T22:24:00","guid":{"rendered":"https:\/\/www.metron-ks.com\/product\/mbajtese-per-projektor-sbox-pm-18s-13-5-kg\/"},"modified":"2025-01-13T14:51:26","modified_gmt":"2025-01-13T14:51:26","slug":"mbajtese-per-projektor-sbox-pm-18s-13-5-kg","status":"publish","type":"product","link":"https:\/\/www.metron-ks.com\/?product=mbajtese-per-projektor-sbox-pm-18s-13-5-kg","title":{"rendered":"Mbajt\u00ebse p\u00ebr projektor SBOX, PM-18S, 13.5 kg"},"content":{"rendered":"<p>PM-18S \u00ebsht\u00eb nj\u00eb mbajt\u00ebs\u00a0p\u00ebr projektor\u00ebt\u00a0deri n\u00eb 13.5 kg. Ajo ofron pozicionim multidireksional me kat\u00ebr krah\u00eb mb\u00ebshtet\u00ebs t\u00eb rregulluesh\u00ebm q\u00eb mund t\u00eb p\u00ebrshtaten me nj\u00eb gam\u00eb t\u00eb gjer\u00eb t\u00eb vrimave n\u00eb rritje. Konektori i l\u00ebshimit t\u00eb shpejt\u00eb lejon q\u00eb projektori t\u00eb instalohet shpejt dhe pastaj l\u00ebshohet leht\u00ebsisht p\u00ebr mir\u00ebmbajtje, pa rivendosje. Ky mbajt\u00ebs\u00a0i projektorit \u00ebsht\u00eb i p\u00ebrsosur p\u00ebr t\u2019u p\u00ebrdorur n\u00eb klasa, dhoma bordi, hotele, bare dhe restorante ose kudo tjet\u00ebr q\u00eb duhet t\u00eb montohet nj\u00eb projektor.<\/p>\n<p>Kapaciteti i pesh\u00ebs: deri n\u00eb 13,5 kg<br \/>\nMontimi: nga 54 n\u00eb 320 mm<br \/>\nLart\u00ebsia: 380-580 mm<br \/>\nPjerrt\u00ebsia: -15 \u00b0 deri + 15 \u00b0<br \/>\nRrotullimi: 360 \u00b0<br \/>\nMateriali: Plastik\u00eb, \u00e7elik, alumin<br \/>\nNgjyra: E bardh\u00eb<br \/>\nDimensionet [mm]: 334 x 334 x 580<\/p>\n","protected":false},"excerpt":{"rendered":"<p>Mbajt\u00ebse p\u00ebr projektor SBOX, PM-18S, 13.5 kg<\/p>\n","protected":false},"featured_media":2199,"comment_status":"closed","ping_status":"closed","template":"","meta":[],"product_brand":[],"product_cat":[118,145,143],"product_tag":[],"class_list":{"0":"post-865","1":"product","2":"type-product","3":"status-publish","4":"has-post-thumbnail","6":"product_cat-aksesore","7":"product_cat-mbajtese-projektor","8":"product_cat-projektor","10":"first","11":"instock","12":"shipping-taxable","13":"purchasable","14":"product-type-simple"},"_links":{"self":[{"href":"https:\/\/www.metron-ks.com\/index.php?rest_route=\/wp\/v2\/product\/865","targetHints":{"allow":["GET"]}}],"collection":[{"href":"https:\/\/www.metron-ks.com\/index.php?rest_route=\/wp\/v2\/product"}],"about":[{"href":"https:\/\/www.metron-ks.com\/index.php?rest_route=\/wp\/v2\/types\/product"}],"replies":[{"embeddable":true,"href":"https:\/\/www.metron-ks.com\/index.php?rest_route=%2Fwp%2Fv2%2Fcomments&post=865"}],"wp:featuredmedia":[{"embeddable":true,"href":"https:\/\/www.metron-ks.com\/index.php?rest_route=\/wp\/v2\/media\/2199"}],"wp:attachment":[{"href":"https:\/\/www.metron-ks.com\/index.php?rest_route=%2Fwp%2Fv2%2Fmedia&parent=865"}],"wp:term":[{"taxonomy":"product_brand","embeddable":true,"href":"https:\/\/www.metron-ks.com\/index.php?rest_route=%2Fwp%2Fv2%2Fproduct_brand&post=865"},{"taxonomy":"product_cat","embeddable":true,"href":"https:\/\/www.metron-ks.com\/index.php?rest_route=%2Fwp%2Fv2%2Fproduct_cat&post=865"},{"taxonomy":"product_tag","embeddable":true,"href":"https:\/\/www.metron-ks.com\/index.php?rest_route=%2Fwp%2Fv2%2Fproduct_tag&post=865"}],"curies":[{"name":"wp","href":"https:\/\/api.w.org\/{rel}","templated":true}]}}