{"id":869,"date":"2023-03-06T22:24:02","date_gmt":"2023-03-06T22:24:02","guid":{"rendered":"https:\/\/www.metron-ks.com\/product\/mbajtese-per-tv-hama-lcd-23-65-118068\/"},"modified":"2025-01-13T14:42:37","modified_gmt":"2025-01-13T14:42:37","slug":"mbajtese-per-tv-hama-lcd-23-65-118068","status":"publish","type":"product","link":"https:\/\/www.metron-ks.com\/?product=mbajtese-per-tv-hama-lcd-23-65-118068","title":{"rendered":"Mbajt\u00ebse p\u00ebr TV HAMA LCD, 32\u201c &#8211; 75\u201c 118069"},"content":{"rendered":"<p>Ky mbajt\u00ebs\u00a0muri p\u00ebr\u00a0TV ju lejon t\u00eb shijoni filmat tuaj t\u00eb preferuar, serit\u00eb televizive etj., pa marr\u00eb parasysh se nga cili k\u00ebnd\u00a0jeni duke par\u00eb. Mund t\u00eb pozicionohet n\u00eb m\u00ebnyr\u00eb perfekte: n\u00eb nj\u00eb dhom\u00eb t\u00eb dit\u00ebs, kuzhin\u00eb ose dhom\u00eb gjumi.<\/p>\n<p id=\"tw-target-text\" dir=\"ltr\" data-placeholder=\"Translation\">N\u00ebse d\u00ebshironi t\u00eb instaloni televizorin tuaj shum\u00eb af\u00ebr murit, ky \u00ebsht\u00eb sakt\u00ebsisht mbajt\u00ebsi i\u00a0duhur p\u00ebr nevojat tuaja i cili mund\u00ebson vendosjen e TV me madh\u00ebsi\u00a0 prej 81cm deri\u00a0191cm (32inch deri\u00a075inch).<\/p>\n<p>Profili jasht\u00ebzakonisht i holl\u00eb mund\u00ebson kursimin\u00a0e hapsir\u00ebs.<\/p>\n<p>Ngjyra: Zez\u00eb<\/p>\n<p>81 cm deri 191cm (32&#8221; deri 75&#8221; inch).<br \/>\nLloji:Pjerresi<br \/>\nPesha max.:35kg<br \/>\nVESA : 75&#215;75 &#8211; 400&#215;400<br \/>\nMateriali:Hekur<br \/>\nDistanca maksimale nga muri. 2,4 cm<\/p>\n","protected":false},"excerpt":{"rendered":"<p>118069<\/p>\n","protected":false},"featured_media":6920,"comment_status":"closed","ping_status":"closed","template":"","meta":[],"product_brand":[],"product_cat":[118,160,138],"product_tag":[],"class_list":{"0":"post-869","1":"product","2":"type-product","3":"status-publish","4":"has-post-thumbnail","6":"product_cat-aksesore","7":"product_cat-mbajtese-tv","8":"product_cat-tv","10":"first","11":"instock","12":"shipping-taxable","13":"purchasable","14":"product-type-simple"},"_links":{"self":[{"href":"https:\/\/www.metron-ks.com\/index.php?rest_route=\/wp\/v2\/product\/869","targetHints":{"allow":["GET"]}}],"collection":[{"href":"https:\/\/www.metron-ks.com\/index.php?rest_route=\/wp\/v2\/product"}],"about":[{"href":"https:\/\/www.metron-ks.com\/index.php?rest_route=\/wp\/v2\/types\/product"}],"replies":[{"embeddable":true,"href":"https:\/\/www.metron-ks.com\/index.php?rest_route=%2Fwp%2Fv2%2Fcomments&post=869"}],"wp:featuredmedia":[{"embeddable":true,"href":"https:\/\/www.metron-ks.com\/index.php?rest_route=\/wp\/v2\/media\/6920"}],"wp:attachment":[{"href":"https:\/\/www.metron-ks.com\/index.php?rest_route=%2Fwp%2Fv2%2Fmedia&parent=869"}],"wp:term":[{"taxonomy":"product_brand","embeddable":true,"href":"https:\/\/www.metron-ks.com\/index.php?rest_route=%2Fwp%2Fv2%2Fproduct_brand&post=869"},{"taxonomy":"product_cat","embeddable":true,"href":"https:\/\/www.metron-ks.com\/index.php?rest_route=%2Fwp%2Fv2%2Fproduct_cat&post=869"},{"taxonomy":"product_tag","embeddable":true,"href":"https:\/\/www.metron-ks.com\/index.php?rest_route=%2Fwp%2Fv2%2Fproduct_tag&post=869"}],"curies":[{"name":"wp","href":"https:\/\/api.w.org\/{rel}","templated":true}]}}