{"id":8699,"date":"2025-12-11T13:39:43","date_gmt":"2025-12-11T13:39:43","guid":{"rendered":"https:\/\/www.metron-ks.com\/?post_type=product&#038;p=8699"},"modified":"2025-12-11T13:39:43","modified_gmt":"2025-12-11T13:39:43","slug":"tastiere-gaming-wireless-white-shark-excalibur-gk-007151-e-zeze","status":"publish","type":"product","link":"https:\/\/www.metron-ks.com\/?product=tastiere-gaming-wireless-white-shark-excalibur-gk-007151-e-zeze","title":{"rendered":"Tastier\u00eb Gaming Wireless White Shark Excalibur GK-007151, e zez\u00eb"},"content":{"rendered":"<p>White Shark Excalibur \u00ebsht\u00eb m\u00eb shum\u00eb sesa thjesht nj\u00eb tastier\u00eb, \u00ebsht\u00eb arma p\u00ebrfundimtare si p\u00ebr lojtar\u00ebt ashtu edhe p\u00ebr krijuesit. Me 97 taste dhe nj\u00eb buton metalik rrotullues, ajo ofron kontroll dhe precizion t\u00eb pakrahasuesh\u00ebm. Me taste mekanik\u00eb KTT Hot-Swap Wine Red, Excalibur siguron shtypje t\u00eb buta t\u00eb tasteve dhe q\u00ebndrueshm\u00ebri prej mbi 80 milion\u00eb shtypjesh. P\u00ebrdorni pa tel ose me tel &#8211; zgjedhja \u00ebsht\u00eb e juaja! Me lidhje USB 2.0, 2.4 GHz dhe Bluetooth, kjo tastier\u00eb p\u00ebrshtatet pa probleme nga loj\u00ebrat n\u00eb PC, n\u00eb tablet ose smartphone-in tuaj. Shtoni ndri\u00e7im RGB me 17 efekte t\u00eb ndryshme dhe tavolina juaj b\u00ebhet menj\u00ebher\u00eb nj\u00eb shesh loj\u00ebrash vizuale.Me peshe prej 1063 g p\u00ebr stabilitet, Excalibur \u00ebsht\u00eb nj\u00eb tastier\u00eb e projektuar p\u00ebr t\u00eb tejkaluar pritjet dhe p\u00ebr t\u00eb rritur performanc\u00ebn tuaj.<\/p>\n<p>Numri i tasteve: 97 + buton rrotullues metalik<br \/>\nParaqitja e tasteve: Pamje e plot\u00eb<br \/>\nLloji i tastit: Taste mekanik\u00eb KTT Hot-Swap (E kuqe vere)<br \/>\nJet\u00ebgjat\u00ebsia: Mbi 80 M shtypje<br \/>\nPresioni i tasteve: Forca e aktivizimit: 43g<br \/>\nDistanca e l\u00ebvizjes s\u00eb tastit: L\u00ebvizja e tastit: 4 mm Avancimi: 2 mm +\/- 0.3 mm<br \/>\nAnti-Ghosting: Po \/ Anti-Ghosting i plot\u00eb<br \/>\nNdri\u00e7imi: RGB (17 efekte t\u00eb ndryshme)<br \/>\nNgjyra: E zez\u00eb<br \/>\nMateriali: Plastik\u00eb<br \/>\nInterface: USB 2.0 + 2.4GHz + BT<br \/>\nK\u00ebmb\u00eb shtes\u00eb n\u00eb ngritje: Po (t\u00eb gomuara)<br \/>\nGjat\u00ebsia e kabllit (m): 1.8<br \/>\nParaqitjet e disponueshme: SHBA<br \/>\nDimensionet (mm): 394x143x41<br \/>\nPesha (g): 1063<br \/>\nP\u00ebrputhshm\u00ebria: Win \/ Linux \/ MacOS \/ iPadOS \/ IOS10+\/ Android 5.0+<br \/>\nSoftuer: Po<br \/>\n(Hz): 1000<br \/>\nKoha e karikimit (or\u00eb): 8<br \/>\nKoha e funksionimit (or\u00eb): &gt; 14 or\u00eb kur ndri\u00e7imi i pasm\u00eb \u00ebsht\u00eb ndezur, &gt; 80 or\u00eb kur ndri\u00e7imi i pasm\u00eb \u00ebsht\u00eb fikur<br \/>\nBateria: 400mAh, 3.7V, 4000mA<\/p>\n","protected":false},"excerpt":{"rendered":"<p>GK-007151<\/p>\n","protected":false},"featured_media":8700,"comment_status":"closed","ping_status":"closed","template":"","meta":[],"product_brand":[],"product_cat":[118,116,117],"product_tag":[],"class_list":{"0":"post-8699","1":"product","2":"type-product","3":"status-publish","4":"has-post-thumbnail","6":"product_cat-aksesore","7":"product_cat-gaming","8":"product_cat-tastiere-gaming","10":"first","11":"instock","12":"shipping-taxable","13":"purchasable","14":"product-type-simple"},"_links":{"self":[{"href":"https:\/\/www.metron-ks.com\/index.php?rest_route=\/wp\/v2\/product\/8699","targetHints":{"allow":["GET"]}}],"collection":[{"href":"https:\/\/www.metron-ks.com\/index.php?rest_route=\/wp\/v2\/product"}],"about":[{"href":"https:\/\/www.metron-ks.com\/index.php?rest_route=\/wp\/v2\/types\/product"}],"replies":[{"embeddable":true,"href":"https:\/\/www.metron-ks.com\/index.php?rest_route=%2Fwp%2Fv2%2Fcomments&post=8699"}],"wp:featuredmedia":[{"embeddable":true,"href":"https:\/\/www.metron-ks.com\/index.php?rest_route=\/wp\/v2\/media\/8700"}],"wp:attachment":[{"href":"https:\/\/www.metron-ks.com\/index.php?rest_route=%2Fwp%2Fv2%2Fmedia&parent=8699"}],"wp:term":[{"taxonomy":"product_brand","embeddable":true,"href":"https:\/\/www.metron-ks.com\/index.php?rest_route=%2Fwp%2Fv2%2Fproduct_brand&post=8699"},{"taxonomy":"product_cat","embeddable":true,"href":"https:\/\/www.metron-ks.com\/index.php?rest_route=%2Fwp%2Fv2%2Fproduct_cat&post=8699"},{"taxonomy":"product_tag","embeddable":true,"href":"https:\/\/www.metron-ks.com\/index.php?rest_route=%2Fwp%2Fv2%2Fproduct_tag&post=8699"}],"curies":[{"name":"wp","href":"https:\/\/api.w.org\/{rel}","templated":true}]}}