{"id":8766,"date":"2026-01-19T09:27:46","date_gmt":"2026-01-19T09:27:46","guid":{"rendered":"https:\/\/www.metron-ks.com\/?post_type=product&#038;p=8766"},"modified":"2026-01-19T09:31:14","modified_gmt":"2026-01-19T09:31:14","slug":"swissten-kufje-bluetooth-per-fitnes-run","status":"publish","type":"product","link":"https:\/\/www.metron-ks.com\/?product=swissten-kufje-bluetooth-per-fitnes-run","title":{"rendered":"SWISSTEN KUFJE BLUETOOTH PER FITNES RUN"},"content":{"rendered":"<p>P\u00ebrshkrimi i produktit:<\/p>\n<p>Kufjet Bluetooth SWISSTEN RUN jan\u00eb t\u00eb dizajnuara p\u00ebr p\u00ebrdorues aktiv\u00eb q\u00eb k\u00ebrkojn\u00eb rehati, performanc\u00eb dhe liri t\u00eb plot\u00eb l\u00ebvizjeje. Dizajni inovativ me vesh t\u00eb hapur ju lejon t\u00eb shijoni muzik\u00ebn tuaj nd\u00ebrsa q\u00ebndroni t\u00eb vet\u00ebdijsh\u00ebm p\u00ebr mjedisin p\u00ebrreth, duke i b\u00ebr\u00eb ato ideale p\u00ebr vrapim, fitnes dhe p\u00ebrdorim t\u00eb p\u00ebrditsh\u00ebm. T\u00eb lehta dhe t\u00eb q\u00ebndrueshme me mbrojtje IP54, ato i rezistojn\u00eb st\u00ebrvitjeve n\u00eb \u00e7do mot, nd\u00ebrsa Bluetooth 5.4 siguron nj\u00eb lidhje t\u00eb q\u00ebndrueshme dhe t\u00eb shpejt\u00eb. Kutia e karikimit zgjat koh\u00ebn e gatishm\u00ebris\u00eb deri n\u00eb 40 or\u00eb, k\u00ebshtu q\u00eb muzika dhe thirrjet tuaja jan\u00eb gjithmon\u00eb gati.<\/p>\n<p>Dizajn me vesh t\u00eb hapur p\u00ebr rehati maksimale<br \/>\nKufje ergonomik\u00eb t\u00eb vesh\u00ebve mb\u00ebshtjellin but\u00ebsisht vesh\u00ebt tuaj nd\u00ebrsa mbajn\u00eb kanalin e veshit t\u00eb hapur, duke siguruar rehati dhe siguri afatgjat\u00eb n\u00eb mjedise t\u00eb ngarkuara.<\/p>\n<p>Q\u00ebndrueshm\u00ebri premium IP54<br \/>\nNd\u00ebrtimi rezistent ndaj pluhurit, djers\u00ebs dhe sp\u00ebrkatjeve siguron q\u00eb kufjet t\u00eb funksionojn\u00eb n\u00eb m\u00ebnyr\u00eb t\u00eb besueshme gjat\u00eb st\u00ebrvitjeve intensive dhe n\u00eb kushte sfiduese n\u00eb natyr\u00eb.<\/p>\n<p>Q\u00ebndrueshm\u00ebri n\u00eb t\u00eb cil\u00ebn mund t\u00eb mb\u00ebshteteni<br \/>\nDeri n\u00eb 5 or\u00eb luajtje muzike dhe 3.5 or\u00eb koh\u00eb bisede me nj\u00eb karikim t\u00eb vet\u00ebm. Me kutin\u00eb e karikimit gjithmon\u00eb gati p\u00ebr t&#8217;u rimbushur, asgj\u00eb nuk do t&#8217;ju ngadal\u00ebsoj\u00eb.<\/p>\n<p>Lidhje e q\u00ebndrueshme dhe tingull i qart\u00eb<br \/>\nBluetooth 5.4 i p\u00ebrparuar ofron transmetim t\u00eb shpejt\u00eb, lidhje t\u00eb fort\u00eb dhe mb\u00ebshtetje p\u00ebr kodek\u00ebt SBC\/AAC p\u00ebr tingull t\u00eb qet\u00eb dhe t\u00eb ekuilibruar pa nd\u00ebrprerje.<\/p>\n<p>Materiali: Plastik ABS + silikon<br \/>\nBluetooth: Versioni 5.4, diapazoni 10 m<br \/>\nMb\u00ebshtetje p\u00ebr kodekun: SBC \/ AAC, A2DP, AVRCP, HFP, AVCTP, AVDTP, PNP, SDP<br \/>\nKontrollet: Me prekje, mb\u00ebshtetje p\u00ebr Siri\/Asistent Google<br \/>\nBateria \u2013 kufje: 35 mAh (Li-Ion), koha e karikimit 2 or\u00eb<br \/>\nJet\u00ebgjat\u00ebsia e bateris\u00eb: muzik\u00eb 5 or\u00eb, thirrje 3.5 or\u00eb<br \/>\nBateria \u2013 kutia: 350 mAh, koha e karikimit 2 or\u00eb, koha e gatishm\u00ebris\u00eb 40 or\u00eb<br \/>\nRezistenca ndaj ujit: IP54<br \/>\nPesha: kufje 8 g, kutia 48 g<br \/>\nDimensionet: kufje 5 \u00d7 3.9 \u00d7 1.5 cm, kutia 6.9 \u00d7 6.6 \u00d7 2.9 cm<br \/>\nKablloja e p\u00ebrfshir\u00eb: TPU, USB-A\/USB-C, 0.4 m, 1A<\/p>\n","protected":false},"excerpt":{"rendered":"<p>51107093<\/p>\n","protected":false},"featured_media":8768,"comment_status":"closed","ping_status":"closed","template":"","meta":[],"product_brand":[],"product_cat":[118,113,168],"product_tag":[],"class_list":{"0":"post-8766","1":"product","2":"type-product","3":"status-publish","4":"has-post-thumbnail","6":"product_cat-aksesore","7":"product_cat-celulartabletnavigim","8":"product_cat-kufje-celulartabletnavigim","10":"first","11":"instock","12":"shipping-taxable","13":"purchasable","14":"product-type-simple"},"_links":{"self":[{"href":"https:\/\/www.metron-ks.com\/index.php?rest_route=\/wp\/v2\/product\/8766","targetHints":{"allow":["GET"]}}],"collection":[{"href":"https:\/\/www.metron-ks.com\/index.php?rest_route=\/wp\/v2\/product"}],"about":[{"href":"https:\/\/www.metron-ks.com\/index.php?rest_route=\/wp\/v2\/types\/product"}],"replies":[{"embeddable":true,"href":"https:\/\/www.metron-ks.com\/index.php?rest_route=%2Fwp%2Fv2%2Fcomments&post=8766"}],"wp:featuredmedia":[{"embeddable":true,"href":"https:\/\/www.metron-ks.com\/index.php?rest_route=\/wp\/v2\/media\/8768"}],"wp:attachment":[{"href":"https:\/\/www.metron-ks.com\/index.php?rest_route=%2Fwp%2Fv2%2Fmedia&parent=8766"}],"wp:term":[{"taxonomy":"product_brand","embeddable":true,"href":"https:\/\/www.metron-ks.com\/index.php?rest_route=%2Fwp%2Fv2%2Fproduct_brand&post=8766"},{"taxonomy":"product_cat","embeddable":true,"href":"https:\/\/www.metron-ks.com\/index.php?rest_route=%2Fwp%2Fv2%2Fproduct_cat&post=8766"},{"taxonomy":"product_tag","embeddable":true,"href":"https:\/\/www.metron-ks.com\/index.php?rest_route=%2Fwp%2Fv2%2Fproduct_tag&post=8766"}],"curies":[{"name":"wp","href":"https:\/\/api.w.org\/{rel}","templated":true}]}}