{"id":8795,"date":"2026-01-26T15:04:06","date_gmt":"2026-01-26T15:04:06","guid":{"rendered":"https:\/\/www.metron-ks.com\/?post_type=product&#038;p=8795"},"modified":"2026-01-26T15:04:06","modified_gmt":"2026-01-26T15:04:06","slug":"mbajtese-sbox-per-tv-ne-tavan-cplb-m0748","status":"publish","type":"product","link":"https:\/\/www.metron-ks.com\/?product=mbajtese-sbox-per-tv-ne-tavan-cplb-m0748","title":{"rendered":"Mbajtese Sbox p\u00ebr TV ne tavan CPLB-M0748"},"content":{"rendered":"<p>Madh\u00ebsia e rekomanduar e ekranit: 43&#8243; &#8211; 86&#8243; \/ 109 cm &#8211; 218 cm<br \/>\nNgarkesa maksimale (kg): 45<br \/>\nVESA: 200&#215;100 &#8211; 800&#215;400<br \/>\nPjerr\u00ebsia vertikale: 0\u00b0 \/ 80\u00b0<br \/>\nRrotullimi: +2\u00b0 \/ -2\u00b0<br \/>\nMenaxhim i kabllove: Po<br \/>\nNgjyra: E zez\u00eb mat<br \/>\nMateriali: \u00c7elik, Plastik\u00eb, Alumini<br \/>\nInstalimi: Tavan i pjerr\u00ebt ose i thjesht\u00eb<br \/>\nDimensionet (mm): 771 x 864 x 496<br \/>\nSh\u00ebnim: I motorizuar. Gjat\u00eb montimit, kushtojini v\u00ebmendje VESA-s dhe maj\u00ebs s\u00eb vidave t\u00eb p\u00ebrdorura nga prodhuesit individual\u00eb t\u00eb televizor\u00ebve!<br \/>\nTelekomand\u00eb: Po<\/p>\n","protected":false},"excerpt":{"rendered":"<p>CPLB-M0748<\/p>\n","protected":false},"featured_media":8796,"comment_status":"closed","ping_status":"closed","template":"","meta":[],"product_brand":[],"product_cat":[118],"product_tag":[],"class_list":{"0":"post-8795","1":"product","2":"type-product","3":"status-publish","4":"has-post-thumbnail","6":"product_cat-aksesore","8":"first","9":"instock","10":"shipping-taxable","11":"purchasable","12":"product-type-simple"},"_links":{"self":[{"href":"https:\/\/www.metron-ks.com\/index.php?rest_route=\/wp\/v2\/product\/8795","targetHints":{"allow":["GET"]}}],"collection":[{"href":"https:\/\/www.metron-ks.com\/index.php?rest_route=\/wp\/v2\/product"}],"about":[{"href":"https:\/\/www.metron-ks.com\/index.php?rest_route=\/wp\/v2\/types\/product"}],"replies":[{"embeddable":true,"href":"https:\/\/www.metron-ks.com\/index.php?rest_route=%2Fwp%2Fv2%2Fcomments&post=8795"}],"wp:featuredmedia":[{"embeddable":true,"href":"https:\/\/www.metron-ks.com\/index.php?rest_route=\/wp\/v2\/media\/8796"}],"wp:attachment":[{"href":"https:\/\/www.metron-ks.com\/index.php?rest_route=%2Fwp%2Fv2%2Fmedia&parent=8795"}],"wp:term":[{"taxonomy":"product_brand","embeddable":true,"href":"https:\/\/www.metron-ks.com\/index.php?rest_route=%2Fwp%2Fv2%2Fproduct_brand&post=8795"},{"taxonomy":"product_cat","embeddable":true,"href":"https:\/\/www.metron-ks.com\/index.php?rest_route=%2Fwp%2Fv2%2Fproduct_cat&post=8795"},{"taxonomy":"product_tag","embeddable":true,"href":"https:\/\/www.metron-ks.com\/index.php?rest_route=%2Fwp%2Fv2%2Fproduct_tag&post=8795"}],"curies":[{"name":"wp","href":"https:\/\/api.w.org\/{rel}","templated":true}]}}