{"id":883,"date":"2023-03-06T22:24:07","date_gmt":"2023-03-06T22:24:07","guid":{"rendered":"https:\/\/www.metron-ks.com\/product\/mbajtese-sbox-cplb-102m-per-tv-lcd-30-50\/"},"modified":"2025-01-13T12:55:45","modified_gmt":"2025-01-13T12:55:45","slug":"mbajtese-sbox-cplb-102m-per-tv-lcd-30-50","status":"publish","type":"product","link":"https:\/\/www.metron-ks.com\/?product=mbajtese-sbox-cplb-102m-per-tv-lcd-30-50","title":{"rendered":"Mbajt\u00ebse SBOX, CPLB-102M, p\u00ebr TV LCD, 30\u201c &#8211; 50\u201c"},"content":{"rendered":"<p>Mbajt\u00ebse\u00a0SBOX p\u00ebr\u00a0TV LCD, 30\u201c &#8211; 50\u201c<\/p>\n<p>Modeli: CPLB-102M<br \/>\nMadh\u00ebsia e ekranit: 40 \u201d- 65\u201d \/ 102 cm &#8211; 165 cm<br \/>\nKapaciteti i pesh\u00ebs: deri n\u00eb 60 kg<br \/>\nPjerrt\u00ebsia: 0 deri\u00a0-20 \u00b0<br \/>\nRrotullues: + 180 \u00b0 deri + 180 \u00b0<br \/>\nRregullimi i lart\u00ebsis\u00eb: 570 &#8211; 798 mm (nga tavani n\u00eb TV)<br \/>\nMateriali: Metal<br \/>\nNgjyra: E zez\u00eb<\/p>\n","protected":false},"excerpt":{"rendered":"<p>Mbajt\u00ebse SBOX, CPLB-102M, p\u00ebr TV LCD, 30\u201c &#8211; 50\u201c<\/p>\n","protected":false},"featured_media":2139,"comment_status":"closed","ping_status":"closed","template":"","meta":[],"product_brand":[],"product_cat":[118,160,138],"product_tag":[],"class_list":{"0":"post-883","1":"product","2":"type-product","3":"status-publish","4":"has-post-thumbnail","6":"product_cat-aksesore","7":"product_cat-mbajtese-tv","8":"product_cat-tv","10":"first","11":"instock","12":"shipping-taxable","13":"purchasable","14":"product-type-simple"},"_links":{"self":[{"href":"https:\/\/www.metron-ks.com\/index.php?rest_route=\/wp\/v2\/product\/883","targetHints":{"allow":["GET"]}}],"collection":[{"href":"https:\/\/www.metron-ks.com\/index.php?rest_route=\/wp\/v2\/product"}],"about":[{"href":"https:\/\/www.metron-ks.com\/index.php?rest_route=\/wp\/v2\/types\/product"}],"replies":[{"embeddable":true,"href":"https:\/\/www.metron-ks.com\/index.php?rest_route=%2Fwp%2Fv2%2Fcomments&post=883"}],"wp:featuredmedia":[{"embeddable":true,"href":"https:\/\/www.metron-ks.com\/index.php?rest_route=\/wp\/v2\/media\/2139"}],"wp:attachment":[{"href":"https:\/\/www.metron-ks.com\/index.php?rest_route=%2Fwp%2Fv2%2Fmedia&parent=883"}],"wp:term":[{"taxonomy":"product_brand","embeddable":true,"href":"https:\/\/www.metron-ks.com\/index.php?rest_route=%2Fwp%2Fv2%2Fproduct_brand&post=883"},{"taxonomy":"product_cat","embeddable":true,"href":"https:\/\/www.metron-ks.com\/index.php?rest_route=%2Fwp%2Fv2%2Fproduct_cat&post=883"},{"taxonomy":"product_tag","embeddable":true,"href":"https:\/\/www.metron-ks.com\/index.php?rest_route=%2Fwp%2Fv2%2Fproduct_tag&post=883"}],"curies":[{"name":"wp","href":"https:\/\/api.w.org\/{rel}","templated":true}]}}