{"id":885,"date":"2023-03-06T22:24:08","date_gmt":"2023-03-06T22:24:08","guid":{"rendered":"https:\/\/www.metron-ks.com\/product\/mbajtese-sbox-lcd-s012-per-monitor-13-27\/"},"modified":"2025-01-13T12:52:51","modified_gmt":"2025-01-13T12:52:51","slug":"mbajtese-sbox-lcd-s012-per-monitor-13-27","status":"publish","type":"product","link":"https:\/\/www.metron-ks.com\/?product=mbajtese-sbox-lcd-s012-per-monitor-13-27","title":{"rendered":"Mbajt\u00ebse SBOX, LCD-S012, p\u00ebr monitor 13-27&#8243;"},"content":{"rendered":"<p>Mbajt\u00ebse\u00a0SBOX, p\u00ebr monitor\u00a013-27&#8243;.<\/p>\n<p>Modeli: LCD-S012<br \/>\nMadh\u00ebsia e ekranit: 13 \u201d- 27\u201d \/ 33 &#8211; 69 cm<br \/>\nKapaciteti i pesh\u00ebs: deri n\u00eb 6,5 kg<br \/>\nPjerrt\u00ebsia: + 90 \u00b0\/-45 \u00b0<br \/>\nI kthyesh\u00ebm: \u00b1 90 \u00b0<br \/>\nRrotullohet: \u00b1 180 \u00b0<br \/>\nMenaxhimi i kabllove: Po<br \/>\nMban monitorin n\u00eb pozicionin e d\u00ebshiruar.<br \/>\nMe lart\u00ebsi t\u00eb rregullueshme: Po<br \/>\nNgjyra: E zez\u00eb<br \/>\nMateriali: Alumin, \u00e7elik, plastik\u00eb<br \/>\nDimensionet: 117 x 468 x 570 m<\/p>\n","protected":false},"excerpt":{"rendered":"<p>Mbajt\u00ebse SBOX, LCD-S012, p\u00ebr monitor 13-27&#8243;<\/p>\n","protected":false},"featured_media":2127,"comment_status":"closed","ping_status":"closed","template":"","meta":[],"product_brand":[],"product_cat":[118,161,141],"product_tag":[],"class_list":{"0":"post-885","1":"product","2":"type-product","3":"status-publish","4":"has-post-thumbnail","6":"product_cat-aksesore","7":"product_cat-mbajtese-per-monitor","8":"product_cat-pclaptop","10":"first","11":"instock","12":"shipping-taxable","13":"purchasable","14":"product-type-simple"},"_links":{"self":[{"href":"https:\/\/www.metron-ks.com\/index.php?rest_route=\/wp\/v2\/product\/885","targetHints":{"allow":["GET"]}}],"collection":[{"href":"https:\/\/www.metron-ks.com\/index.php?rest_route=\/wp\/v2\/product"}],"about":[{"href":"https:\/\/www.metron-ks.com\/index.php?rest_route=\/wp\/v2\/types\/product"}],"replies":[{"embeddable":true,"href":"https:\/\/www.metron-ks.com\/index.php?rest_route=%2Fwp%2Fv2%2Fcomments&post=885"}],"wp:featuredmedia":[{"embeddable":true,"href":"https:\/\/www.metron-ks.com\/index.php?rest_route=\/wp\/v2\/media\/2127"}],"wp:attachment":[{"href":"https:\/\/www.metron-ks.com\/index.php?rest_route=%2Fwp%2Fv2%2Fmedia&parent=885"}],"wp:term":[{"taxonomy":"product_brand","embeddable":true,"href":"https:\/\/www.metron-ks.com\/index.php?rest_route=%2Fwp%2Fv2%2Fproduct_brand&post=885"},{"taxonomy":"product_cat","embeddable":true,"href":"https:\/\/www.metron-ks.com\/index.php?rest_route=%2Fwp%2Fv2%2Fproduct_cat&post=885"},{"taxonomy":"product_tag","embeddable":true,"href":"https:\/\/www.metron-ks.com\/index.php?rest_route=%2Fwp%2Fv2%2Fproduct_tag&post=885"}],"curies":[{"name":"wp","href":"https:\/\/api.w.org\/{rel}","templated":true}]}}