{"id":886,"date":"2023-03-06T22:24:09","date_gmt":"2023-03-06T22:24:09","guid":{"rendered":"https:\/\/www.metron-ks.com\/product\/mbajtese-sbox-plb-4269t-per-tv-60-100\/"},"modified":"2025-01-13T12:42:22","modified_gmt":"2025-01-13T12:42:22","slug":"mbajtese-sbox-plb-4269t-per-tv-60-100","status":"publish","type":"product","link":"https:\/\/www.metron-ks.com\/?product=mbajtese-sbox-plb-4269t-per-tv-60-100","title":{"rendered":"Mbajt\u00ebse SBOX, PLB-4269T, p\u00ebr TV 60&#8243; &#8211; 100&#8243;"},"content":{"rendered":"<p>PLB-4269T \u00ebsht\u00eb nj\u00eb mbajt\u00ebs i madh me pjerr\u00ebsi muri q\u00eb mund t\u00eb mbaj\u00eb m\u00eb s\u00eb shumti TV me dimensione\u00a060 &#8220;- 100&#8221; (152-254 cm) LED, panele LCD Flat dhe TV t\u00eb lakuar me pesh\u00eb maksimale 75 kg. Ofron pjerr\u00ebsi\u00a0deri n\u00eb + 5 \u00b0 dhe posht\u00eb -10 \u00b0 p\u00ebr k\u00ebnd t\u00eb p\u00ebrsosur t\u00eb shikimit. Dizajni i holl\u00eb ulet vet\u00ebm 85 mm nga muri p\u00ebr t\u00eb plot\u00ebsuar pamjen e hijshme t\u00eb TV ultra t\u00eb holl\u00eb. Ajo ka nj\u00eb mekaniz\u00ebm t\u00eb bllokimit me nj\u00eb klik p\u00ebr lidhjen e sigurt t\u00eb panelit tuaj t\u00eb shesht\u00eb n\u00eb mur.<\/p>\n<p>Madh\u00ebsia e ekranit: 60 &#8220;- 100&#8221; \/ 152-254 cm<br \/>\nKapaciteti i pesh\u00ebs: 75 kg<br \/>\nPjerr\u00ebsia: 5 \u00b0 -10 \u00b0<br \/>\nDistanca nga muri: 85 mm<br \/>\nMateriali: Metal, plastik<br \/>\nDimensionet: 954x625x85 mm<br \/>\nPaneli i shk\u00ebputur: Po<\/p>\n","protected":false},"excerpt":{"rendered":"<p>Mbajt\u00ebse SBOX, PLB-4269T, p\u00ebr TV 60&#8243; &#8211; 100&#8243;<\/p>\n","protected":false},"featured_media":2124,"comment_status":"closed","ping_status":"closed","template":"","meta":[],"product_brand":[],"product_cat":[118,160,138],"product_tag":[],"class_list":{"0":"post-886","1":"product","2":"type-product","3":"status-publish","4":"has-post-thumbnail","6":"product_cat-aksesore","7":"product_cat-mbajtese-tv","8":"product_cat-tv","10":"first","11":"instock","12":"shipping-taxable","13":"purchasable","14":"product-type-simple"},"_links":{"self":[{"href":"https:\/\/www.metron-ks.com\/index.php?rest_route=\/wp\/v2\/product\/886","targetHints":{"allow":["GET"]}}],"collection":[{"href":"https:\/\/www.metron-ks.com\/index.php?rest_route=\/wp\/v2\/product"}],"about":[{"href":"https:\/\/www.metron-ks.com\/index.php?rest_route=\/wp\/v2\/types\/product"}],"replies":[{"embeddable":true,"href":"https:\/\/www.metron-ks.com\/index.php?rest_route=%2Fwp%2Fv2%2Fcomments&post=886"}],"wp:featuredmedia":[{"embeddable":true,"href":"https:\/\/www.metron-ks.com\/index.php?rest_route=\/wp\/v2\/media\/2124"}],"wp:attachment":[{"href":"https:\/\/www.metron-ks.com\/index.php?rest_route=%2Fwp%2Fv2%2Fmedia&parent=886"}],"wp:term":[{"taxonomy":"product_brand","embeddable":true,"href":"https:\/\/www.metron-ks.com\/index.php?rest_route=%2Fwp%2Fv2%2Fproduct_brand&post=886"},{"taxonomy":"product_cat","embeddable":true,"href":"https:\/\/www.metron-ks.com\/index.php?rest_route=%2Fwp%2Fv2%2Fproduct_cat&post=886"},{"taxonomy":"product_tag","embeddable":true,"href":"https:\/\/www.metron-ks.com\/index.php?rest_route=%2Fwp%2Fv2%2Fproduct_tag&post=886"}],"curies":[{"name":"wp","href":"https:\/\/api.w.org\/{rel}","templated":true}]}}