{"id":8863,"date":"2026-02-19T09:30:45","date_gmt":"2026-02-19T09:30:45","guid":{"rendered":"https:\/\/www.metron-ks.com\/?post_type=product&#038;p=8863"},"modified":"2026-02-19T09:35:09","modified_gmt":"2026-02-19T09:35:09","slug":"8863","status":"publish","type":"product","link":"https:\/\/www.metron-ks.com\/?product=8863","title":{"rendered":"Aparat per kafe meanIT Portable Z01 PRO"},"content":{"rendered":"<p>Universale 3-n\u00eb-1: mb\u00ebshtetje p\u00ebr kapsula standarde t\u00eb vogla dhe t\u00eb m\u00ebdha<br \/>\nKapsula dhe adaptor\u00eb p\u00ebr kafe t\u00eb bluar ose t\u00eb menj\u00ebhershme<br \/>\nPlot\u00ebsisht portative dhe pa tel<br \/>\nEspresso me ose pa ngrohje uji!<br \/>\nDeri n\u00eb 5 kafe me ngrohje uji me nj\u00eb karikim t\u00eb vet\u00ebm baterie<br \/>\nDeri n\u00eb 40 kafe me uj\u00eb t\u00eb parangrohur<br \/>\nFunksionim i leht\u00eb me nj\u00eb buton,<br \/>\nduke p\u00ebrfshir\u00eb ekranin LED t\u00eb temperatur\u00ebs s\u00eb ujit<br \/>\nBateri e fuqishme e integruar 7500 mAh<br \/>\nPort\u00eb USB-C, duke p\u00ebrfshir\u00eb kabllon n\u00eb paketim<\/p>\n","protected":false},"excerpt":{"rendered":"<p>Z01 PRO<\/p>\n","protected":false},"featured_media":8864,"comment_status":"closed","ping_status":"closed","template":"","meta":[],"product_brand":[],"product_cat":[118,216,136],"product_tag":[],"class_list":{"0":"post-8863","1":"product","2":"type-product","3":"status-publish","4":"has-post-thumbnail","6":"product_cat-aksesore","7":"product_cat-aparat-per-kafe","8":"product_cat-pajisje-shtepiake","10":"first","11":"instock","12":"shipping-taxable","13":"purchasable","14":"product-type-simple"},"_links":{"self":[{"href":"https:\/\/www.metron-ks.com\/index.php?rest_route=\/wp\/v2\/product\/8863","targetHints":{"allow":["GET"]}}],"collection":[{"href":"https:\/\/www.metron-ks.com\/index.php?rest_route=\/wp\/v2\/product"}],"about":[{"href":"https:\/\/www.metron-ks.com\/index.php?rest_route=\/wp\/v2\/types\/product"}],"replies":[{"embeddable":true,"href":"https:\/\/www.metron-ks.com\/index.php?rest_route=%2Fwp%2Fv2%2Fcomments&post=8863"}],"wp:featuredmedia":[{"embeddable":true,"href":"https:\/\/www.metron-ks.com\/index.php?rest_route=\/wp\/v2\/media\/8864"}],"wp:attachment":[{"href":"https:\/\/www.metron-ks.com\/index.php?rest_route=%2Fwp%2Fv2%2Fmedia&parent=8863"}],"wp:term":[{"taxonomy":"product_brand","embeddable":true,"href":"https:\/\/www.metron-ks.com\/index.php?rest_route=%2Fwp%2Fv2%2Fproduct_brand&post=8863"},{"taxonomy":"product_cat","embeddable":true,"href":"https:\/\/www.metron-ks.com\/index.php?rest_route=%2Fwp%2Fv2%2Fproduct_cat&post=8863"},{"taxonomy":"product_tag","embeddable":true,"href":"https:\/\/www.metron-ks.com\/index.php?rest_route=%2Fwp%2Fv2%2Fproduct_tag&post=8863"}],"curies":[{"name":"wp","href":"https:\/\/api.w.org\/{rel}","templated":true}]}}