{"id":8870,"date":"2026-02-23T12:25:12","date_gmt":"2026-02-23T12:25:12","guid":{"rendered":"https:\/\/www.metron-ks.com\/?post_type=product&#038;p=8870"},"modified":"2026-02-23T12:25:12","modified_gmt":"2026-02-23T12:25:12","slug":"mbajtese-per-celular-ne-veture-ipeax-x01","status":"publish","type":"product","link":"https:\/\/www.metron-ks.com\/?product=mbajtese-per-celular-ne-veture-ipeax-x01","title":{"rendered":"Mbajtese p\u00ebr celular n\u00eb vetur\u00eb iPEAX X01"},"content":{"rendered":"<p>iPEAX X01 \u00ebsht\u00eb nj\u00eb mbajt\u00ebse mekanike p\u00ebr makin\u00eb me nj\u00eb sistem inteligjent graviteti q\u00eb mban automatikisht telefonin tuaj duke p\u00ebrdorur pesh\u00ebn e vet. Thjesht vendosni telefonin midis dy nofullave an\u00ebsore dhe mb\u00ebshtet\u00ebses s\u00eb poshtme &#8211; mbajt\u00ebsja automatikisht rregullohet dhe fiksohet fort n\u00eb telefon.<\/p>\n<p>Mbajtje e sigurt pa nd\u00ebrlikime<br \/>\nFal\u00eb dizajnit t\u00eb saj, ajo mban edhe telefona inteligjent\u00eb m\u00eb t\u00eb m\u00ebdhenj n\u00eb m\u00ebnyr\u00eb t\u00eb q\u00ebndrueshme edhe n\u00eb sip\u00ebrfaqe t\u00eb pabarabarta. Mbajt\u00ebsja \u00ebsht\u00eb e bashkangjitur n\u00eb gril\u00ebn e ventilimit, e cila lejon instalim t\u00eb leht\u00eb pa mjete. I gjith\u00eb procesi i bashkimit dhe heqjes s\u00eb telefonit \u00ebsht\u00eb jasht\u00ebzakonisht i shpejt\u00eb dhe intuitiv &#8211; ideal p\u00ebr udh\u00ebtime t\u00eb shpeshta.<\/p>\n<p>Dizajn modern dhe kompatibilitet universal<br \/>\niPEAX X01 \u00ebsht\u00eb b\u00ebr\u00eb nga plastik\u00eb ABS e q\u00ebndrueshme me ngjyr\u00eb t\u00eb zez\u00eb, e cila p\u00ebrshtatet n\u00eb m\u00ebnyr\u00eb t\u00eb p\u00ebrkryer n\u00eb \u00e7do ambient t\u00eb brendsh\u00ebm. \u00cbsht\u00eb i p\u00ebrshtatsh\u00ebm p\u00ebr shumic\u00ebn e telefonave inteligjent\u00eb me gjer\u00ebsi 55-90 mm.<\/p>\n<p>Karakteristikat kryesore:<br \/>\nMbajt\u00ebse graviteti &#8211; fiksim automatik duke p\u00ebrdorur pesh\u00ebn e telefonit<br \/>\nFiksim n\u00eb gril\u00ebn e ventilimit<br \/>\nI leht\u00eb p\u00ebr t\u2019u p\u00ebrdorur me nj\u00ebr\u00ebn dor\u00eb<br \/>\nMbajtje e q\u00ebndrueshme edhe gjat\u00eb goditjeve<\/p>\n<p>Specifikimet:<br \/>\nP\u00ebr telefona me gjer\u00ebsi 55 &#8211; 90 mm<br \/>\nPlastik\u00eb ABS me cil\u00ebsi t\u00eb lart\u00eb<br \/>\nNgjyr\u00eb e zez\u00eb elegante<\/p>\n","protected":false},"excerpt":{"rendered":"<p>90010146<\/p>\n","protected":false},"featured_media":8876,"comment_status":"closed","ping_status":"closed","template":"","meta":[],"product_brand":[],"product_cat":[118,113,162],"product_tag":[],"class_list":{"0":"post-8870","1":"product","2":"type-product","3":"status-publish","4":"has-post-thumbnail","6":"product_cat-aksesore","7":"product_cat-celulartabletnavigim","8":"product_cat-mbajtese-celulartabletnavigim","10":"first","11":"instock","12":"shipping-taxable","13":"purchasable","14":"product-type-simple"},"_links":{"self":[{"href":"https:\/\/www.metron-ks.com\/index.php?rest_route=\/wp\/v2\/product\/8870","targetHints":{"allow":["GET"]}}],"collection":[{"href":"https:\/\/www.metron-ks.com\/index.php?rest_route=\/wp\/v2\/product"}],"about":[{"href":"https:\/\/www.metron-ks.com\/index.php?rest_route=\/wp\/v2\/types\/product"}],"replies":[{"embeddable":true,"href":"https:\/\/www.metron-ks.com\/index.php?rest_route=%2Fwp%2Fv2%2Fcomments&post=8870"}],"wp:featuredmedia":[{"embeddable":true,"href":"https:\/\/www.metron-ks.com\/index.php?rest_route=\/wp\/v2\/media\/8876"}],"wp:attachment":[{"href":"https:\/\/www.metron-ks.com\/index.php?rest_route=%2Fwp%2Fv2%2Fmedia&parent=8870"}],"wp:term":[{"taxonomy":"product_brand","embeddable":true,"href":"https:\/\/www.metron-ks.com\/index.php?rest_route=%2Fwp%2Fv2%2Fproduct_brand&post=8870"},{"taxonomy":"product_cat","embeddable":true,"href":"https:\/\/www.metron-ks.com\/index.php?rest_route=%2Fwp%2Fv2%2Fproduct_cat&post=8870"},{"taxonomy":"product_tag","embeddable":true,"href":"https:\/\/www.metron-ks.com\/index.php?rest_route=%2Fwp%2Fv2%2Fproduct_tag&post=8870"}],"curies":[{"name":"wp","href":"https:\/\/api.w.org\/{rel}","templated":true}]}}