{"id":888,"date":"2023-03-06T22:24:09","date_gmt":"2023-03-06T22:24:09","guid":{"rendered":"https:\/\/www.metron-ks.com\/product\/mbeshtjelles-lekure-per-samsung-galaxy-s23-ultra-portokalli\/"},"modified":"2025-01-13T12:40:21","modified_gmt":"2025-01-13T12:40:21","slug":"mbeshtjelles-lekure-per-samsung-galaxy-s23-ultra-portokalli","status":"publish","type":"product","link":"https:\/\/www.metron-ks.com\/?product=mbeshtjelles-lekure-per-samsung-galaxy-s23-ultra-portokalli","title":{"rendered":"Mb\u00ebshtjell\u00ebs l\u00ebkure p\u00ebr Samsung Galaxy S23 Ultra, portokalli"},"content":{"rendered":"<p>E krijuar me eleganc\u00eb, mb\u00ebshtjelles prej l\u00ebkure origjinale i shton cil\u00ebsi dhe stil telefonit tuaj Galaxy S23 Ultra.<\/p>\n<p>Siguron nj\u00eb p\u00ebrshtatje t\u00eb rehatshme dhe t\u00eb sigurt p\u00ebr telefonin tuaj duke e mbrojtur at\u00eb nga d\u00ebmtimet e jashtme.<\/p>\n<p>Tekstura e l\u00ebmuar e l\u00ebkur\u00ebs premium ndjehet rehat n\u00eb dor\u00ebn tuaj q\u00eb ju lejon ta mbani pajisjen me leht\u00ebsi p\u00ebr nj\u00eb periudh\u00eb t\u00eb gjat\u00eb kohore.<\/p>\n","protected":false},"excerpt":{"rendered":"<p>Mb\u00ebshtjell\u00ebs l\u00ebkure p\u00ebr Samsung Galaxy S23 Ultra, portokalle<\/p>\n","protected":false},"featured_media":2119,"comment_status":"closed","ping_status":"closed","template":"","meta":[],"product_brand":[],"product_cat":[113,56],"product_tag":[],"class_list":{"0":"post-888","1":"product","2":"type-product","3":"status-publish","4":"has-post-thumbnail","6":"product_cat-celulartabletnavigim","7":"product_cat-mbeshtjelles","9":"first","10":"instock","11":"shipping-taxable","12":"purchasable","13":"product-type-simple"},"_links":{"self":[{"href":"https:\/\/www.metron-ks.com\/index.php?rest_route=\/wp\/v2\/product\/888","targetHints":{"allow":["GET"]}}],"collection":[{"href":"https:\/\/www.metron-ks.com\/index.php?rest_route=\/wp\/v2\/product"}],"about":[{"href":"https:\/\/www.metron-ks.com\/index.php?rest_route=\/wp\/v2\/types\/product"}],"replies":[{"embeddable":true,"href":"https:\/\/www.metron-ks.com\/index.php?rest_route=%2Fwp%2Fv2%2Fcomments&post=888"}],"wp:featuredmedia":[{"embeddable":true,"href":"https:\/\/www.metron-ks.com\/index.php?rest_route=\/wp\/v2\/media\/2119"}],"wp:attachment":[{"href":"https:\/\/www.metron-ks.com\/index.php?rest_route=%2Fwp%2Fv2%2Fmedia&parent=888"}],"wp:term":[{"taxonomy":"product_brand","embeddable":true,"href":"https:\/\/www.metron-ks.com\/index.php?rest_route=%2Fwp%2Fv2%2Fproduct_brand&post=888"},{"taxonomy":"product_cat","embeddable":true,"href":"https:\/\/www.metron-ks.com\/index.php?rest_route=%2Fwp%2Fv2%2Fproduct_cat&post=888"},{"taxonomy":"product_tag","embeddable":true,"href":"https:\/\/www.metron-ks.com\/index.php?rest_route=%2Fwp%2Fv2%2Fproduct_tag&post=888"}],"curies":[{"name":"wp","href":"https:\/\/api.w.org\/{rel}","templated":true}]}}