{"id":8891,"date":"2026-02-23T13:09:58","date_gmt":"2026-02-23T13:09:58","guid":{"rendered":"https:\/\/www.metron-ks.com\/?post_type=product&#038;p=8891"},"modified":"2026-02-23T13:09:58","modified_gmt":"2026-02-23T13:09:58","slug":"swissten-karikues-ne-veture-2x-usb-c-pd-50w","status":"publish","type":"product","link":"https:\/\/www.metron-ks.com\/?product=swissten-karikues-ne-veture-2x-usb-c-pd-50w","title":{"rendered":"SWISSTEN Karikues ne vetur\u00eb 2x USB-C PD, 50W"},"content":{"rendered":"<p>Nj\u00eb karikues i fuqish\u00ebm dhe kompakt me dy porta USB-C dhe mb\u00ebshtetje PD 3.0. Ofron karikim t\u00eb shpejt\u00eb p\u00ebr dy pajisje nj\u00ebkoh\u00ebsisht me nj\u00eb dalje totale deri n\u00eb 50W. Unaza blu LED e b\u00ebn lidhjen me kabllo t\u00eb leht\u00eb, edhe gjat\u00eb drejtimit t\u00eb makin\u00ebs nat\u00ebn.<\/p>\n<p>Karikim i shpejt\u00eb p\u00ebr dy pajisje<br \/>\nPorta USB-C1 ofron deri n\u00eb 20W, USB-C2 deri n\u00eb 30W &#8211; perfekte p\u00ebr t\u00eb karikuar nj\u00eb telefon dhe tablet n\u00eb t\u00eb nj\u00ebjt\u00ebn koh\u00eb.<\/p>\n<p>Unaz\u00eb praktike LED<br \/>\nNdri\u00e7imi blu i integruar LED e b\u00ebn t\u00eb leht\u00eb p\u00ebr t&#8217;u p\u00ebrdorur n\u00eb nj\u00eb brend\u00ebsi t\u00eb err\u00ebt t\u00eb makin\u00ebs.<\/p>\n<p>Specifikimet teknike:<br \/>\nMateriali: ABS + Polikarbonat<br \/>\nDimensionet: Diametri 3.08 \u00d7 6.43 cm<br \/>\nPesha: 26g<br \/>\nNgjyra: E zez\u00eb<\/p>\n<p>Hyrjet:<br \/>\n12V DC 4.90A<br \/>\n24VDC 2.45A<\/p>\n<p>Daljet:<br \/>\nUSB-C1 PD 3.0: 5V DC 3A, 9V DC 2.22A, 12V DC 1.67A \/ Maks. 20W<br \/>\nUSB-C2 PD 3.0: 5V DC 3A, 9V DC 3A, 12V DC 2.5A, 15V DC 2A, 20V DC 1.5A \/ Maks. 30W<br \/>\nDalja e p\u00ebrbashk\u00ebt: USB-C2 + USB-C1 = 30W + 20W<\/p>\n","protected":false},"excerpt":{"rendered":"<p>20111905<\/p>\n","protected":false},"featured_media":8895,"comment_status":"closed","ping_status":"closed","template":"","meta":[],"product_brand":[],"product_cat":[118,113,150],"product_tag":[],"class_list":{"0":"post-8891","1":"product","2":"type-product","3":"status-publish","4":"has-post-thumbnail","6":"product_cat-aksesore","7":"product_cat-celulartabletnavigim","8":"product_cat-karikues-ne-makine","10":"first","11":"instock","12":"shipping-taxable","13":"purchasable","14":"product-type-simple"},"_links":{"self":[{"href":"https:\/\/www.metron-ks.com\/index.php?rest_route=\/wp\/v2\/product\/8891","targetHints":{"allow":["GET"]}}],"collection":[{"href":"https:\/\/www.metron-ks.com\/index.php?rest_route=\/wp\/v2\/product"}],"about":[{"href":"https:\/\/www.metron-ks.com\/index.php?rest_route=\/wp\/v2\/types\/product"}],"replies":[{"embeddable":true,"href":"https:\/\/www.metron-ks.com\/index.php?rest_route=%2Fwp%2Fv2%2Fcomments&post=8891"}],"wp:featuredmedia":[{"embeddable":true,"href":"https:\/\/www.metron-ks.com\/index.php?rest_route=\/wp\/v2\/media\/8895"}],"wp:attachment":[{"href":"https:\/\/www.metron-ks.com\/index.php?rest_route=%2Fwp%2Fv2%2Fmedia&parent=8891"}],"wp:term":[{"taxonomy":"product_brand","embeddable":true,"href":"https:\/\/www.metron-ks.com\/index.php?rest_route=%2Fwp%2Fv2%2Fproduct_brand&post=8891"},{"taxonomy":"product_cat","embeddable":true,"href":"https:\/\/www.metron-ks.com\/index.php?rest_route=%2Fwp%2Fv2%2Fproduct_cat&post=8891"},{"taxonomy":"product_tag","embeddable":true,"href":"https:\/\/www.metron-ks.com\/index.php?rest_route=%2Fwp%2Fv2%2Fproduct_tag&post=8891"}],"curies":[{"name":"wp","href":"https:\/\/api.w.org\/{rel}","templated":true}]}}