{"id":8915,"date":"2026-03-05T08:20:35","date_gmt":"2026-03-05T08:20:35","guid":{"rendered":"https:\/\/www.metron-ks.com\/?post_type=product&#038;p=8915"},"modified":"2026-03-05T08:20:35","modified_gmt":"2026-03-05T08:20:35","slug":"projektor-smart-aurzen-eazze-d1","status":"publish","type":"product","link":"https:\/\/www.metron-ks.com\/?product=projektor-smart-aurzen-eazze-d1","title":{"rendered":"Projektor Smart Aurzen EAZZE D1"},"content":{"rendered":"<p>Sistem Operativ i Integruar p\u00ebr Televizor Smart me Aplikacione Transmetimi t\u00eb Certifikuara Zyrtarisht<br \/>\nProjektori inteligjent Aurzen EAZZE D1 vjen me nj\u00eb sistem operativ t\u00eb integruar p\u00ebr Televizor Smart, i cili ofron qasje n\u00eb miliona video, duke p\u00ebrfshir\u00eb p\u00ebrmbajtje t\u00eb certifikuar zyrtarisht nga NetfIix, Prime Video dhe YouTube pa p\u00ebrdorur nj\u00eb shkop shtes\u00eb televiziv. P\u00ebrve\u00e7 k\u00ebsaj, eksploroni arg\u00ebtim t\u00eb pafund nga qindra aplikacione t\u00eb integruara ose shikoni video n\u00eb internet me ve\u00e7ori si &#8216;My App&#8217;, &#8216;APP STORE&#8217; dhe &#8216;Open Browser&#8217;. Nuk mund t\u00eb shkarkoni aplikacione t\u00eb tjera transmetimi.<\/p>\n<p><strong>Fokus Automatik dhe Rreshtim i Ekranit Inteligjent<\/strong><br \/>\nShijoni fokus automatik t\u00eb menj\u00ebhersh\u00ebm dhe imazhe kristalore n\u00eb sekonda. Korrigjimi me 4 pika i keystone rregullon ekranin pa probleme me nj\u00eb gam\u00eb t\u00eb gjer\u00eb \u00b145\u00b0 nga t\u00eb gjitha drejtimet. Plus, ai ka shmangie automatike t\u00eb pengesave dhe shtrirje automatike t\u00eb ekranit, k\u00ebshtu q\u00eb imazhi gjithmon\u00eb p\u00ebrshtatet n\u00eb m\u00ebnyr\u00eb t\u00eb p\u00ebrsosur n\u00eb ekran, pavar\u00ebsisht se si e poziciononi projektorin ose madh\u00ebsin\u00eb e ekranit t\u00eb projektorit.<\/p>\n<p><strong>Zmadhim Dixhital 50%-100%<\/strong><br \/>\nZmadho nga 50% n\u00eb 100% pa pasur nevoj\u00eb t\u00eb l\u00ebviz\u00ebsh projektorin e filmit.<\/p>\n<p><strong>Stereo 3D, Dolby Audio Sound dhe Altoparlant\u00eb t\u00eb Dyfisht\u00eb 8W<\/strong><br \/>\nShijoni audio t\u00eb thell\u00eb dhe rezonante dhe detaje t\u00eb sakta t\u00eb z\u00ebrit q\u00eb ju b\u00ebjn\u00eb t\u00eb ndiheni sikur jeni pjes\u00eb e aksionit me Dolby Audio dhe tingullin stereo 3D. Altoparlant\u00ebt dixhital\u00eb t\u00eb integruar 2x8W ofrojn\u00eb tingull t\u00eb qart\u00eb dhe t\u00eb fuqish\u00ebm q\u00eb mbush dhom\u00ebn, duke siguruar q\u00eb \u00e7do p\u00ebrvoj\u00eb shikimi me Projektorin Smart Aurzen D1 t\u00eb jet\u00eb nj\u00eb k\u00ebnaq\u00ebsi e v\u00ebrtet\u00eb zanore.<\/p>\n<p><strong>HDR10, Mb\u00ebshtetje Native 1080P dhe 4K<\/strong><br \/>\nHDR10 rrit sakt\u00ebsin\u00eb e kontrastit dhe ngjyrave, duke i b\u00ebr\u00eb skenat e ndritshme m\u00eb t\u00eb ndritshme dhe skenat e err\u00ebta m\u00eb t\u00eb thella, k\u00ebshtu q\u00eb \u00e7do detaj dallohet dhe duket aq i pasur dhe dinamik sa \u00ebsht\u00eb menduar. Rezolucioni nativ 1080P ju ofron pamje t\u00eb mprehta dhe t\u00eb detajuara me cil\u00ebsi t\u00eb plot\u00eb HD, perfekte p\u00ebr t\u00eb shikuar filma, p\u00ebr t\u00eb luajtur loj\u00ebra ose p\u00ebr t\u00eb par\u00eb foto me qart\u00ebsi mahnit\u00ebse. (Sh\u00ebnim: Sigurohuni q\u00eb pajisjet 4K, si\u00e7 \u00ebsht\u00eb nj\u00eb TV stick, jan\u00eb t\u00eb lidhura n\u00ebp\u00ebrmjet HD p\u00ebr riprodhim video. Videot e etiketuara si 4K do t\u00eb shfaqen me nj\u00eb rezolucion nativ prej 1080P, shpesh e quajtur &#8216;mb\u00ebshtetur 4K&#8217;.)<\/p>\n<p><strong>5G\/2.4G WiFi me Dy Band<\/strong><br \/>\nMini-projektori portativ Aurzen EAZZE D1 ofron nj\u00eb p\u00ebrvoj\u00eb lidhjeje t\u00eb fuqishme dhe t\u00eb gjithanshme, me shpejt\u00ebsi m\u00eb t\u00eb larta, nd\u00ebrhyrje t\u00eb reduktuara dhe cil\u00ebsi t\u00eb p\u00ebrmir\u00ebsuar audio me WiFi me dy band 5G\/2.4G (Nuk mb\u00ebshtet WiFi 6) dhe Bluetooth.<\/p>\n<p><strong>Bluetooth 5.1 me dy drejtime<\/strong><br \/>\nMb\u00ebshtet transmetimin audio Bluetooth 5.1, duke lejuar lidhjen me pajisjet mobile si nj\u00eb altoparlant stereo i pavarur ose \u00e7ift\u00ebzimin me altoparlant\u00eb t\u00eb jasht\u00ebm Bluetooth, kufje dhe soundbar p\u00ebr t\u00eb p\u00ebrmir\u00ebsuar efektet audio p\u00ebr projektor\u00ebt sht\u00ebpiak\u00eb n\u00eb \u00e7do koh\u00eb dhe kudo.<\/p>\n<p>Ju lutemi vini re: Funksioni Bluetooth mb\u00ebshtet vet\u00ebm transmetimin e audios, jo videon.<\/p>\n<p><strong>P\u00ebrputhshm\u00ebri e Gjer\u00eb P\u00ebrmbush Nevoja t\u00eb Shum\u00ebfishta p\u00ebr Projektim<\/strong><\/p>\n<p>Mini-projektori portativ Aurzen D1 p\u00ebrmban nj\u00eb vrim\u00eb universale p\u00ebr vid\u00eb 1\/4&#8221; n\u00eb pjes\u00ebn e poshtme, duke e b\u00ebr\u00eb at\u00eb t\u00eb pajtuesh\u00ebm me montime n\u00eb tavan, trek\u00ebmb\u00ebsha, mb\u00ebshtet\u00ebse projektori, tavolina dhe montime n\u00eb mur.<\/p>\n<p>Ai p\u00ebrfshin 1 port\u00eb HDMI, 2 porta USB dhe nj\u00eb port kufjesh 3.5 mm, duke e b\u00ebr\u00eb at\u00eb t\u00eb pajtuesh\u00ebm me TV Stick, Roku, laptop\u00eb, iPhone, pajisje Android, iPad, disqe USB, Switch\/PS5 dhe m\u00eb shum\u00eb. \u00cbsht\u00eb gjithashtu nj\u00eb projektor portativ i mrekulluesh\u00ebm p\u00ebr filma brenda dhe jasht\u00eb, takime t\u00eb vogla, kamping n\u00eb natyr\u00eb, loj\u00ebra, festa, studime dhe biznes.<\/p>\n","protected":false},"excerpt":{"rendered":"<p>Aurzen EAZZE D1<\/p>\n","protected":false},"featured_media":8916,"comment_status":"closed","ping_status":"closed","template":"","meta":[],"product_brand":[],"product_cat":[118,143,210],"product_tag":[],"class_list":{"0":"post-8915","1":"product","2":"type-product","3":"status-publish","4":"has-post-thumbnail","6":"product_cat-aksesore","7":"product_cat-projektor","8":"product_cat-projektor-2","10":"first","11":"instock","12":"shipping-taxable","13":"purchasable","14":"product-type-simple"},"_links":{"self":[{"href":"https:\/\/www.metron-ks.com\/index.php?rest_route=\/wp\/v2\/product\/8915","targetHints":{"allow":["GET"]}}],"collection":[{"href":"https:\/\/www.metron-ks.com\/index.php?rest_route=\/wp\/v2\/product"}],"about":[{"href":"https:\/\/www.metron-ks.com\/index.php?rest_route=\/wp\/v2\/types\/product"}],"replies":[{"embeddable":true,"href":"https:\/\/www.metron-ks.com\/index.php?rest_route=%2Fwp%2Fv2%2Fcomments&post=8915"}],"wp:featuredmedia":[{"embeddable":true,"href":"https:\/\/www.metron-ks.com\/index.php?rest_route=\/wp\/v2\/media\/8916"}],"wp:attachment":[{"href":"https:\/\/www.metron-ks.com\/index.php?rest_route=%2Fwp%2Fv2%2Fmedia&parent=8915"}],"wp:term":[{"taxonomy":"product_brand","embeddable":true,"href":"https:\/\/www.metron-ks.com\/index.php?rest_route=%2Fwp%2Fv2%2Fproduct_brand&post=8915"},{"taxonomy":"product_cat","embeddable":true,"href":"https:\/\/www.metron-ks.com\/index.php?rest_route=%2Fwp%2Fv2%2Fproduct_cat&post=8915"},{"taxonomy":"product_tag","embeddable":true,"href":"https:\/\/www.metron-ks.com\/index.php?rest_route=%2Fwp%2Fv2%2Fproduct_tag&post=8915"}],"curies":[{"name":"wp","href":"https:\/\/api.w.org\/{rel}","templated":true}]}}