{"id":8920,"date":"2026-03-05T08:29:09","date_gmt":"2026-03-05T08:29:09","guid":{"rendered":"https:\/\/www.metron-ks.com\/?post_type=product&#038;p=8920"},"modified":"2026-03-05T08:29:11","modified_gmt":"2026-03-05T08:29:11","slug":"kabllo-sbox-utp-cat5e-1m","status":"publish","type":"product","link":"https:\/\/www.metron-ks.com\/?product=kabllo-sbox-utp-cat5e-1m","title":{"rendered":"Kabllo SBOX, UTP CAT5e, 1m"},"content":{"rendered":"<p>Lidh\u00ebsi 1: RJ45<br \/>\nLidh\u00ebsi 2: RJ45<br \/>\nKonektor\u00ebt: T\u00eb veshura me ar dhe t\u00eb derdhura<br \/>\nGjat\u00ebsia e kabllit (m): 1<br \/>\nCat: 5e<br \/>\nAWG: 26<br \/>\nNgjyra: Gri<br \/>\nMateriali i telit: CCA &#8211; Alumini i veshur me bak\u00ebr<\/p>\n","protected":false},"excerpt":{"rendered":"<p>UTP-1\/R<\/p>\n","protected":false},"featured_media":8921,"comment_status":"closed","ping_status":"closed","template":"","meta":[],"product_brand":[],"product_cat":[118,180,120],"product_tag":[],"class_list":{"0":"post-8920","1":"product","2":"type-product","3":"status-publish","4":"has-post-thumbnail","6":"product_cat-aksesore","7":"product_cat-kabllo-utp","8":"product_cat-pajisje-rrjeti","10":"first","11":"instock","12":"shipping-taxable","13":"purchasable","14":"product-type-simple"},"_links":{"self":[{"href":"https:\/\/www.metron-ks.com\/index.php?rest_route=\/wp\/v2\/product\/8920","targetHints":{"allow":["GET"]}}],"collection":[{"href":"https:\/\/www.metron-ks.com\/index.php?rest_route=\/wp\/v2\/product"}],"about":[{"href":"https:\/\/www.metron-ks.com\/index.php?rest_route=\/wp\/v2\/types\/product"}],"replies":[{"embeddable":true,"href":"https:\/\/www.metron-ks.com\/index.php?rest_route=%2Fwp%2Fv2%2Fcomments&post=8920"}],"wp:featuredmedia":[{"embeddable":true,"href":"https:\/\/www.metron-ks.com\/index.php?rest_route=\/wp\/v2\/media\/8921"}],"wp:attachment":[{"href":"https:\/\/www.metron-ks.com\/index.php?rest_route=%2Fwp%2Fv2%2Fmedia&parent=8920"}],"wp:term":[{"taxonomy":"product_brand","embeddable":true,"href":"https:\/\/www.metron-ks.com\/index.php?rest_route=%2Fwp%2Fv2%2Fproduct_brand&post=8920"},{"taxonomy":"product_cat","embeddable":true,"href":"https:\/\/www.metron-ks.com\/index.php?rest_route=%2Fwp%2Fv2%2Fproduct_cat&post=8920"},{"taxonomy":"product_tag","embeddable":true,"href":"https:\/\/www.metron-ks.com\/index.php?rest_route=%2Fwp%2Fv2%2Fproduct_tag&post=8920"}],"curies":[{"name":"wp","href":"https:\/\/api.w.org\/{rel}","templated":true}]}}