{"id":8922,"date":"2026-03-05T09:45:04","date_gmt":"2026-03-05T09:45:04","guid":{"rendered":"https:\/\/www.metron-ks.com\/?post_type=product&#038;p=8922"},"modified":"2026-03-16T11:59:58","modified_gmt":"2026-03-16T11:59:58","slug":"telekomande-universale-per-air-conditioner","status":"publish","type":"product","link":"https:\/\/www.metron-ks.com\/?product=telekomande-universale-per-air-conditioner","title":{"rendered":"Telekomand\u00eb Universale p\u00ebr Air Conditioner"},"content":{"rendered":"<p>Pajtueshm\u00ebria: Telekomand\u00eb universale e kondicionerit &#8211; e p\u00ebrshtatshme p\u00ebr shumic\u00ebn e markave n\u00eb mbar\u00eb bot\u00ebn<br \/>\nBaterit\u00eb: 2 x AAA (nuk p\u00ebrfshihen)<br \/>\nRrezja (m): 8<\/p>\n","protected":false},"excerpt":{"rendered":"<p>RC-01408<\/p>\n","protected":false},"featured_media":8923,"comment_status":"closed","ping_status":"closed","template":"","meta":[],"product_brand":[],"product_cat":[174,118,136],"product_tag":[],"class_list":{"0":"post-8922","1":"product","2":"type-product","3":"status-publish","4":"has-post-thumbnail","6":"product_cat-aksesor","7":"product_cat-aksesore","8":"product_cat-pajisje-shtepiake","10":"first","11":"instock","12":"shipping-taxable","13":"purchasable","14":"product-type-simple"},"_links":{"self":[{"href":"https:\/\/www.metron-ks.com\/index.php?rest_route=\/wp\/v2\/product\/8922","targetHints":{"allow":["GET"]}}],"collection":[{"href":"https:\/\/www.metron-ks.com\/index.php?rest_route=\/wp\/v2\/product"}],"about":[{"href":"https:\/\/www.metron-ks.com\/index.php?rest_route=\/wp\/v2\/types\/product"}],"replies":[{"embeddable":true,"href":"https:\/\/www.metron-ks.com\/index.php?rest_route=%2Fwp%2Fv2%2Fcomments&post=8922"}],"wp:featuredmedia":[{"embeddable":true,"href":"https:\/\/www.metron-ks.com\/index.php?rest_route=\/wp\/v2\/media\/8923"}],"wp:attachment":[{"href":"https:\/\/www.metron-ks.com\/index.php?rest_route=%2Fwp%2Fv2%2Fmedia&parent=8922"}],"wp:term":[{"taxonomy":"product_brand","embeddable":true,"href":"https:\/\/www.metron-ks.com\/index.php?rest_route=%2Fwp%2Fv2%2Fproduct_brand&post=8922"},{"taxonomy":"product_cat","embeddable":true,"href":"https:\/\/www.metron-ks.com\/index.php?rest_route=%2Fwp%2Fv2%2Fproduct_cat&post=8922"},{"taxonomy":"product_tag","embeddable":true,"href":"https:\/\/www.metron-ks.com\/index.php?rest_route=%2Fwp%2Fv2%2Fproduct_tag&post=8922"}],"curies":[{"name":"wp","href":"https:\/\/api.w.org\/{rel}","templated":true}]}}