{"id":8926,"date":"2026-03-05T09:54:40","date_gmt":"2026-03-05T09:54:40","guid":{"rendered":"https:\/\/www.metron-ks.com\/?post_type=product&#038;p=8926"},"modified":"2026-03-05T09:55:27","modified_gmt":"2026-03-05T09:55:27","slug":"mousepad-gaming-baracuda-octopus-bgmp-051-30x25cm","status":"publish","type":"product","link":"https:\/\/www.metron-ks.com\/?product=mousepad-gaming-baracuda-octopus-bgmp-051-30x25cm","title":{"rendered":"Mousepad Gaming Baracuda, Octopus BGMP-051, 30x25cm"},"content":{"rendered":"<p>Lloji i artikullit:Mauspad Gaming<br \/>\nDimensionet (mm): 300&#215;250<br \/>\nTrash\u00ebsia (mm): 2<br \/>\nMateriali: Gom\u00eb qelizore\/Tekstil<br \/>\nSip\u00ebrfaqe anti-rr\u00ebshqit\u00ebse: Po<br \/>\nNgjyra: Shum\u00ebngjyr\u00ebshe<br \/>\nPesha (g): 126<\/p>\n","protected":false},"excerpt":{"rendered":"<p>BGMP-051<\/p>\n","protected":false},"featured_media":8927,"comment_status":"closed","ping_status":"closed","template":"","meta":[],"product_brand":[],"product_cat":[118,116,130],"product_tag":[],"class_list":{"0":"post-8926","1":"product","2":"type-product","3":"status-publish","4":"has-post-thumbnail","6":"product_cat-aksesore","7":"product_cat-gaming","8":"product_cat-mousepad-gaming","10":"first","11":"instock","12":"shipping-taxable","13":"purchasable","14":"product-type-simple"},"_links":{"self":[{"href":"https:\/\/www.metron-ks.com\/index.php?rest_route=\/wp\/v2\/product\/8926","targetHints":{"allow":["GET"]}}],"collection":[{"href":"https:\/\/www.metron-ks.com\/index.php?rest_route=\/wp\/v2\/product"}],"about":[{"href":"https:\/\/www.metron-ks.com\/index.php?rest_route=\/wp\/v2\/types\/product"}],"replies":[{"embeddable":true,"href":"https:\/\/www.metron-ks.com\/index.php?rest_route=%2Fwp%2Fv2%2Fcomments&post=8926"}],"wp:featuredmedia":[{"embeddable":true,"href":"https:\/\/www.metron-ks.com\/index.php?rest_route=\/wp\/v2\/media\/8927"}],"wp:attachment":[{"href":"https:\/\/www.metron-ks.com\/index.php?rest_route=%2Fwp%2Fv2%2Fmedia&parent=8926"}],"wp:term":[{"taxonomy":"product_brand","embeddable":true,"href":"https:\/\/www.metron-ks.com\/index.php?rest_route=%2Fwp%2Fv2%2Fproduct_brand&post=8926"},{"taxonomy":"product_cat","embeddable":true,"href":"https:\/\/www.metron-ks.com\/index.php?rest_route=%2Fwp%2Fv2%2Fproduct_cat&post=8926"},{"taxonomy":"product_tag","embeddable":true,"href":"https:\/\/www.metron-ks.com\/index.php?rest_route=%2Fwp%2Fv2%2Fproduct_tag&post=8926"}],"curies":[{"name":"wp","href":"https:\/\/api.w.org\/{rel}","templated":true}]}}