{"id":8952,"date":"2026-03-12T12:45:06","date_gmt":"2026-03-12T12:45:06","guid":{"rendered":"https:\/\/www.metron-ks.com\/?post_type=product&#038;p=8952"},"modified":"2026-03-12T12:55:36","modified_gmt":"2026-03-12T12:55:36","slug":"samsung-galaxy-buds-4-pro-te-bardha","status":"publish","type":"product","link":"https:\/\/www.metron-ks.com\/?product=samsung-galaxy-buds-4-pro-te-bardha","title":{"rendered":"Samsung Galaxy Buds 4 Pro, t\u00eb bardha"},"content":{"rendered":"<div class=\"feature-benefit__desc-wrap\">\n<h2 class=\"feature-benefit__title contrast-target\" data-font-size-mo=\"30\" data-font-size-pc=\"48\">D\u00ebgjo \u00e7do detaj q\u00eb vjen n\u00eb jet\u00eb<\/h2>\n<div class=\"feature-benefit__desc-wrap\">\n<p class=\"feature-benefit__desc contrast-target\" data-font-size-mo=\"12\" data-font-size-pc=\"18\">D\u00ebgjo \u00e7do detaj q\u00eb vjen n\u00eb jet\u00eb me nj\u00eb thell\u00ebsi t\u00eb zgjeruar n\u00eb bit dhe shpejt\u00ebsi t\u00eb larta kampionimi. Samsung Seamless Codec (SSC) mb\u00ebshtet audion 24-bit \/ 96 kHz p\u00ebr t\u00eb ruajtur tingullin origjinal me nj\u00eb sasi t\u00eb madhe informacioni nd\u00ebrsa kontrolli i optimizuar i transmetimit t\u00eb t\u00eb dh\u00ebnave mund\u00ebson nj\u00eb p\u00ebrvoj\u00eb t\u00eb q\u00ebndrueshme d\u00ebgjimi me reduktim t\u00eb tingujve t\u00eb pad\u00ebshiruar ose shk\u00ebputjeve. Aktivizo opsionin &#8220;Audio me cil\u00ebsi ultra t\u00eb lart\u00eb (UHQ)&#8221; n\u00eb smartfonin t\u00ebnd Galaxy dhe rizbulo k\u00ebng\u00ebt e tua t\u00eb preferuara me detaje t\u00eb plota.<\/p>\n<h2 class=\"feature-benefit__title contrast-target\" data-font-size-mo=\"30\" data-font-size-pc=\"48\">Tingulli i pasur i rregulluar sipas m\u00ebnyr\u00ebs sate<\/h2>\n<div class=\"feature-benefit__desc-wrap\">\n<p class=\"feature-benefit__desc contrast-target\" data-font-size-mo=\"12\" data-font-size-pc=\"18\">Shko m\u00eb af\u00ebr drejt n\u00eb audioje t\u00eb p\u00ebrditshme t\u00eb q\u00ebndrueshme. Personalizo basin, alton dhe tonin me barazuesin me 9 breza p\u00ebr t&#8217;ju p\u00ebrshtatur preferenc\u00ebs sate, duke krijuar nj\u00eb tingull karakterizues t\u00eb p\u00ebrshtatur vet\u00ebm p\u00ebr ty. Galaxy Buds4 gjithashtu optimizon tingullin q\u00eb t\u00eb p\u00ebrshtatet me form\u00ebn e veshit t\u00ebnd dhe stilit t\u00eb vendosjes, duke garantuar nj\u00eb p\u00ebrvoj\u00eb d\u00ebgjimi konsistente ashtu si e percepton veshi yt \u2014 edhe kur rregullon volumin.<\/p>\n<h2 class=\"feature-benefit__title contrast-target\" data-font-size-mo=\"30\" data-font-size-pc=\"48\">Telefonat\u00eb super e qart\u00eb, edhe kur ka zhurm\u00eb<\/h2>\n<div class=\"feature-benefit__desc-wrap\">\n<p class=\"feature-benefit__desc contrast-target\" data-font-size-mo=\"12\" data-font-size-pc=\"18\">Z\u00ebri yt kapet qart\u00ebsisht nga 6 mikrofona t\u00eb vendosur rreth kok\u00ebs, duke izoluar n\u00eb m\u00ebnyr\u00eb inteligjente nga tingujt n\u00eb sfond me Rrjet t\u00eb Thell\u00eb Neural (DNN) t\u00eb avancuar. Sinjali jasht\u00ebzakonisht i past\u00ebr i z\u00ebrit transmetohet me shum\u00eb leht\u00ebsi p\u00ebrmes shiritit super t\u00eb gjer\u00eb (SWB) deri n\u00eb 16 kHz midis kufjeve t\u00eb tua Galaxy Buds4 dhe smartfonit Galaxy. D\u00ebgjo dhe d\u00ebgjohu me z\u00eb t\u00eb lart\u00eb dhe t\u00eb qart\u00eb \u2014 edhe n\u00eb momente t\u00eb zhurmshme.<\/p>\n<h2 class=\"feature-benefit__title contrast-target\" data-font-size-mo=\"30\" data-font-size-pc=\"48\">Zhytu n\u00eb nj\u00eb peizazh zanor personal<\/h2>\n<div class=\"feature-benefit__desc-wrap\">\n<p class=\"feature-benefit__desc contrast-target\" data-font-size-mo=\"12\" data-font-size-pc=\"18\">Me sistemin e tij cil\u00ebsor t\u00eb z\u00ebrit, Galaxy Buds4 ofron kontroll t\u00eb sakt\u00eb t\u00eb zhurm\u00ebs. Shp\u00ebrqendrimet zhduken n\u00eb koh\u00eb reale, pasi algoritmi i Anulimit Aktiv t\u00eb Zhurm\u00ebs (ANC) p\u00ebrpunon menj\u00ebher\u00eb dhe p\u00ebrshtatet me form\u00ebn e veshit dhe m\u00ebnyr\u00ebn si t\u00eb rrin\u00eb kufjet. Zhytu n\u00eb tingull gjith\u00ebp\u00ebrfshir\u00ebs, kudo q\u00eb t\u00eb jesh.<\/p>\n<h2 class=\"feature-benefit__title contrast-target\" data-font-size-mo=\"30\" data-font-size-pc=\"48\">D\u00ebgjo muzik\u00eb nd\u00ebrsa q\u00ebndron i lidhur<\/h2>\n<div class=\"feature-benefit__desc-wrap\">\n<p class=\"feature-benefit__desc contrast-target\" data-font-size-mo=\"12\" data-font-size-pc=\"18\">Menaxho p\u00ebrvoj\u00ebn e d\u00ebgjimit sipas m\u00ebnyr\u00ebs sate. Galaxy Buds4 rregullojn\u00eb nivelin e ANC-s\u00eb dhe tingujve t\u00eb ambientit n\u00eb koh\u00eb reale, duke u p\u00ebrshtatur n\u00eb mjedisin t\u00ebnd \u2014 pavar\u00ebsisht n\u00ebse je i ndjesh\u00ebm ndaj zhurm\u00ebs ose preferon m\u00eb shum\u00eb kombinim. Q\u00ebndro m\u00eb i gjith\u00ebp\u00ebrfshir\u00eb n\u00eb muzik\u00eb nd\u00ebrsa q\u00ebndron i lidhur n\u00eb bot\u00ebn rreth teje.<\/p>\n<h2 class=\"feature-benefit__title contrast-target\" data-font-size-mo=\"30\" data-font-size-pc=\"48\">Lidhje e thjesht\u00eb. Drejt e te muzika<\/h2>\n<div class=\"feature-benefit__desc-wrap\">\n<p class=\"feature-benefit__desc contrast-target\" data-font-size-mo=\"12\" data-font-size-pc=\"18\">Thjesht hap kutin\u00eb e karikimit dhe je gati \u2014 kaq e thjesht\u00eb. Asnj\u00eb aplikacion, shkarkim dhe sigurisht, asnj\u00eb bezdi. Smartfoni yt Galaxy dhe Galaxy Tab zbulojn\u00eb Galaxy Buds4 p\u00ebr \u00e7iftim t\u00eb thjesht\u00eb.<\/p>\n<h2 class=\"feature-benefit__title contrast-target\" data-font-size-mo=\"30\" data-font-size-pc=\"48\">Tani gjith\u00e7ka n\u00eb One UI<\/h2>\n<div class=\"feature-benefit__desc-wrap\">\n<p class=\"feature-benefit__desc contrast-target\" data-font-size-mo=\"12\" data-font-size-pc=\"18\">One UI 8.5 i p\u00ebrparuar krijon nj\u00eb lidhje t\u00eb thell\u00eb midis Galaxy Buds dhe smartfonit Galaxy, thuajse si nj\u00eb duet. Kontrolli nuk ka qen\u00eb kurr\u00eb m\u00eb intuitiv \u2014 menaxho ve\u00e7orit\u00eb nga cil\u00ebsimet e pajisjes pa shkarkuar nj\u00eb aplikacion t\u00eb ve\u00e7ant\u00eb. Nga Paneli i shpejt\u00eb, mund t\u00eb aksesosh leht\u00ebsisht ve\u00e7orit\u00eb dhe gjithashtu t\u00eb caktosh dhe ruash preferencat e tingullit p\u00ebr secilin aplikacion.<\/p>\n<h2 class=\"feature-benefit__title contrast-target\" data-font-size-mo=\"30\" data-font-size-pc=\"48\">P\u00ebrkthyesi personal me AI n\u00eb veshin t\u00ebnd<\/h2>\n<div class=\"feature-benefit__desc-wrap\">\n<p class=\"feature-benefit__desc contrast-target\" data-font-size-mo=\"12\" data-font-size-pc=\"18\">Thyej pengesat gjuh\u00ebsore me p\u00ebrkthyesin personal me AI n\u00eb vesh. Fokusohu plot\u00ebsisht n\u00eb moment me Interpreter t\u00eb mund\u00ebsuar nga Galaxy AI \u2014 d\u00ebgjoje p\u00ebrmes Galaxy Buds4 dhe lexoje n\u00eb smartfonin Galaxy. Galaxy AI hyn n\u00eb pun\u00eb p\u00ebr t\u00eb garantuar komunikim t\u00eb qart\u00eb n\u00eb gjuh\u00eb t\u00eb ndryshme.<\/p>\n<h2 class=\"feature-benefit__title contrast-target\" data-font-size-mo=\"30\" data-font-size-pc=\"48\">AI-ja jote, pa p\u00ebrdorur duart<\/h2>\n<div class=\"feature-benefit__desc-wrap\">\n<p class=\"feature-benefit__desc contrast-target\" data-font-size-mo=\"12\" data-font-size-pc=\"18\">P\u00ebrdor vet\u00ebm z\u00ebrin p\u00ebr t\u00eb k\u00ebrkuar ndihm\u00eb &#8211; nuk \u00ebsht\u00eb e nevojshme t\u00eb nxjerr\u00ebsh telefonin. Thjesht flit me agjent\u00ebt AI si Bixby p\u00ebr t\u00eb marr\u00eb p\u00ebrgjigje p\u00ebr pyetjet ose menaxho detyrat menj\u00ebher\u00eb pa u ngadal\u00ebsuar.<\/p>\n<p data-font-size-mo=\"12\" data-font-size-pc=\"18\"><strong>Specifikat<\/strong><\/p>\n<\/div>\n<p data-font-size-mo=\"12\" data-font-size-pc=\"18\">Mikrofon: 3 Mikrofon\u00eb (2x HSNR Dixhital, 1x Dixhital)<br \/>\nAltoparlant: 2-kah\u00ebsh<br \/>\nANC Adaptive, EQ Adaptive, Tinguj Ambienti, Kontroll Adaptive i Zhurm\u00ebs, Zbulim Z\u00ebri<br \/>\nLidhshm\u00ebria:Bluetooth 6.1<br \/>\nSensor\u00eb: Xhiroskop, Sensor Hall, Sensor Presioni, Sensor Af\u00ebrsie, Sensor Prekjeje, VPU (Nj\u00ebsia e Marrjes s\u00eb Z\u00ebrit), P\u00ebrshpejtues<br \/>\nQ\u00ebndrueshm\u00ebria: I Certifikuar IP57 (Rezistent ndaj Pluhurit dhe Ujit)<br \/>\nJeta e Bateris\u00eb (Riprodhim) :7 or\u00eb (ANC Joaktiv), 6 or\u00eb (ANC Aktiv), deri n\u00eb 30 or\u00eb me kuti (ANC Joaktiv), deri n\u00eb 26 or\u00eb me kuti (ANC Aktiv)<br \/>\nJeta e Bateris\u00eb (Bised\u00eb): 5 or\u00eb (ANC Joaktiv), 4.5 or\u00eb (ANC Aktiv), deri n\u00eb 22 or\u00eb me kuti (ANC Joaktiv), deri n\u00eb 20 or\u00eb me kuti (ANC Aktiv)<br \/>\nDimensionet e Kufjeve: 1.81 x 1.96 x 3.09 cm<br \/>\nPesha e Kufjeve: 5.1 g (me maj\u00eb veshi madh\u00ebsie M)<br \/>\nDimensionet e Kutis\u00eb s\u00eb Karikimit: 5.1 x 5.1 x 2.83 cm<br \/>\nPesha e Kutis\u00eb s\u00eb Karikimit: 44.3 g<\/p>\n<\/div>\n<\/div>\n<\/div>\n<\/div>\n<\/div>\n<\/div>\n<\/div>\n<\/div>\n<\/div>\n","protected":false},"excerpt":{"rendered":"<p>SM-R640NZWAEUC<\/p>\n","protected":false},"featured_media":8955,"comment_status":"closed","ping_status":"closed","template":"","meta":[],"product_brand":[],"product_cat":[118,113,168],"product_tag":[],"class_list":{"0":"post-8952","1":"product","2":"type-product","3":"status-publish","4":"has-post-thumbnail","6":"product_cat-aksesore","7":"product_cat-celulartabletnavigim","8":"product_cat-kufje-celulartabletnavigim","10":"first","11":"instock","12":"shipping-taxable","13":"purchasable","14":"product-type-simple"},"_links":{"self":[{"href":"https:\/\/www.metron-ks.com\/index.php?rest_route=\/wp\/v2\/product\/8952","targetHints":{"allow":["GET"]}}],"collection":[{"href":"https:\/\/www.metron-ks.com\/index.php?rest_route=\/wp\/v2\/product"}],"about":[{"href":"https:\/\/www.metron-ks.com\/index.php?rest_route=\/wp\/v2\/types\/product"}],"replies":[{"embeddable":true,"href":"https:\/\/www.metron-ks.com\/index.php?rest_route=%2Fwp%2Fv2%2Fcomments&post=8952"}],"wp:featuredmedia":[{"embeddable":true,"href":"https:\/\/www.metron-ks.com\/index.php?rest_route=\/wp\/v2\/media\/8955"}],"wp:attachment":[{"href":"https:\/\/www.metron-ks.com\/index.php?rest_route=%2Fwp%2Fv2%2Fmedia&parent=8952"}],"wp:term":[{"taxonomy":"product_brand","embeddable":true,"href":"https:\/\/www.metron-ks.com\/index.php?rest_route=%2Fwp%2Fv2%2Fproduct_brand&post=8952"},{"taxonomy":"product_cat","embeddable":true,"href":"https:\/\/www.metron-ks.com\/index.php?rest_route=%2Fwp%2Fv2%2Fproduct_cat&post=8952"},{"taxonomy":"product_tag","embeddable":true,"href":"https:\/\/www.metron-ks.com\/index.php?rest_route=%2Fwp%2Fv2%2Fproduct_tag&post=8952"}],"curies":[{"name":"wp","href":"https:\/\/api.w.org\/{rel}","templated":true}]}}