{"id":897,"date":"2023-03-06T22:24:22","date_gmt":"2023-03-06T22:24:22","guid":{"rendered":"https:\/\/www.metron-ks.com\/product\/mbeshtjelles-per-samsung-galaxy-a03\/"},"modified":"2025-01-13T12:38:33","modified_gmt":"2025-01-13T12:38:33","slug":"mbeshtjelles-per-samsung-galaxy-a03","status":"publish","type":"product","link":"https:\/\/www.metron-ks.com\/?product=mbeshtjelles-per-samsung-galaxy-a03","title":{"rendered":"Mb\u00ebshtjell\u00ebs p\u00ebr Samsung Galaxy A03"},"content":{"rendered":"<p>Forma e tij e l\u00ebmuar ruan kapjen e rehatshme t\u00eb Samsung Galaxy A03 tuaj.<br \/>\nMbrojtje e besueshme e korniz\u00ebs dhe e pjeses se pasme nga goditjet .<br \/>\nProfili i holl\u00eb rr\u00ebshqet leht\u00ebsisht n\u00eb xhepin tuaj pa shtuar shum\u00eb mas\u00eb.<br \/>\nMbulesa Soft Clear \u00ebsht\u00eb b\u00ebr\u00eb nga nj\u00eb Thermoplastic Polyurethane i q\u00ebndruesh\u00ebm dhe fleksib\u00ebl.<\/p>\n","protected":false},"excerpt":{"rendered":"<p>Mb\u00ebshtjell\u00ebs p\u00ebr Samsung Galaxy A03.<\/p>\n","protected":false},"featured_media":2084,"comment_status":"closed","ping_status":"closed","template":"","meta":[],"product_brand":[],"product_cat":[113,56],"product_tag":[],"class_list":{"0":"post-897","1":"product","2":"type-product","3":"status-publish","4":"has-post-thumbnail","6":"product_cat-celulartabletnavigim","7":"product_cat-mbeshtjelles","9":"first","10":"instock","11":"shipping-taxable","12":"purchasable","13":"product-type-simple"},"_links":{"self":[{"href":"https:\/\/www.metron-ks.com\/index.php?rest_route=\/wp\/v2\/product\/897","targetHints":{"allow":["GET"]}}],"collection":[{"href":"https:\/\/www.metron-ks.com\/index.php?rest_route=\/wp\/v2\/product"}],"about":[{"href":"https:\/\/www.metron-ks.com\/index.php?rest_route=\/wp\/v2\/types\/product"}],"replies":[{"embeddable":true,"href":"https:\/\/www.metron-ks.com\/index.php?rest_route=%2Fwp%2Fv2%2Fcomments&post=897"}],"wp:featuredmedia":[{"embeddable":true,"href":"https:\/\/www.metron-ks.com\/index.php?rest_route=\/wp\/v2\/media\/2084"}],"wp:attachment":[{"href":"https:\/\/www.metron-ks.com\/index.php?rest_route=%2Fwp%2Fv2%2Fmedia&parent=897"}],"wp:term":[{"taxonomy":"product_brand","embeddable":true,"href":"https:\/\/www.metron-ks.com\/index.php?rest_route=%2Fwp%2Fv2%2Fproduct_brand&post=897"},{"taxonomy":"product_cat","embeddable":true,"href":"https:\/\/www.metron-ks.com\/index.php?rest_route=%2Fwp%2Fv2%2Fproduct_cat&post=897"},{"taxonomy":"product_tag","embeddable":true,"href":"https:\/\/www.metron-ks.com\/index.php?rest_route=%2Fwp%2Fv2%2Fproduct_tag&post=897"}],"curies":[{"name":"wp","href":"https:\/\/api.w.org\/{rel}","templated":true}]}}