{"id":8971,"date":"2026-03-16T13:03:07","date_gmt":"2026-03-16T13:03:07","guid":{"rendered":"https:\/\/www.metron-ks.com\/?post_type=product&#038;p=8971"},"modified":"2026-03-16T13:03:11","modified_gmt":"2026-03-16T13:03:11","slug":"hama-kabllo-usb-ne-ethernet-lan","status":"publish","type":"product","link":"https:\/\/www.metron-ks.com\/?product=hama-kabllo-usb-ne-ethernet-lan","title":{"rendered":"Hama kabllo Usb n\u00eb Ethernet Lan"},"content":{"rendered":"<p>Fal\u00eb materialeve fleksib\u00ebl parandalon thyerjen e kabllit<br \/>\nMaterialet dhe punimi me cil\u00ebsi t\u00eb lart\u00eb sigurojn\u00eb cil\u00ebsi t\u00eb shk\u00eblqyer transmetimi<br \/>\nP\u00ebr lidhjen e PC-ve, laptop\u00ebve, MacBook-eve dhe tabletave me USB-A me ruter\u00eb, nd\u00ebrprer\u00ebs, shp\u00ebrndar\u00ebs ose priza muri, p\u00ebr transmetimin e t\u00eb dh\u00ebnave dhe sinjaleve dixhitale t\u00eb internetit dhe rrjetit<br \/>\nPlug &amp; play, nuk k\u00ebrkohet instalim manual i softuerit\/driver-it<br \/>\nI p\u00ebrshtatsh\u00ebm dhe i testuar p\u00ebr Gigabit Ethernet (10\/100\/1000 Mbit\/s)<br \/>\nIdeal p\u00ebr internetin e ri me shpejt\u00ebsi t\u00eb lart\u00eb<br \/>\nShpejt\u00ebsia maksimale e transferimit t\u00eb t\u00eb dh\u00ebnave [Mbit\/s]: 1000<\/p>\n","protected":false},"excerpt":{"rendered":"<p>200325<\/p>\n","protected":false},"featured_media":8973,"comment_status":"closed","ping_status":"closed","template":"","meta":[],"product_brand":[],"product_cat":[118,156],"product_tag":[],"class_list":{"0":"post-8971","1":"product","2":"type-product","3":"status-publish","4":"has-post-thumbnail","6":"product_cat-aksesore","7":"product_cat-pershtateskabllo-konvertues","9":"first","10":"instock","11":"shipping-taxable","12":"purchasable","13":"product-type-simple"},"_links":{"self":[{"href":"https:\/\/www.metron-ks.com\/index.php?rest_route=\/wp\/v2\/product\/8971","targetHints":{"allow":["GET"]}}],"collection":[{"href":"https:\/\/www.metron-ks.com\/index.php?rest_route=\/wp\/v2\/product"}],"about":[{"href":"https:\/\/www.metron-ks.com\/index.php?rest_route=\/wp\/v2\/types\/product"}],"replies":[{"embeddable":true,"href":"https:\/\/www.metron-ks.com\/index.php?rest_route=%2Fwp%2Fv2%2Fcomments&post=8971"}],"wp:featuredmedia":[{"embeddable":true,"href":"https:\/\/www.metron-ks.com\/index.php?rest_route=\/wp\/v2\/media\/8973"}],"wp:attachment":[{"href":"https:\/\/www.metron-ks.com\/index.php?rest_route=%2Fwp%2Fv2%2Fmedia&parent=8971"}],"wp:term":[{"taxonomy":"product_brand","embeddable":true,"href":"https:\/\/www.metron-ks.com\/index.php?rest_route=%2Fwp%2Fv2%2Fproduct_brand&post=8971"},{"taxonomy":"product_cat","embeddable":true,"href":"https:\/\/www.metron-ks.com\/index.php?rest_route=%2Fwp%2Fv2%2Fproduct_cat&post=8971"},{"taxonomy":"product_tag","embeddable":true,"href":"https:\/\/www.metron-ks.com\/index.php?rest_route=%2Fwp%2Fv2%2Fproduct_tag&post=8971"}],"curies":[{"name":"wp","href":"https:\/\/api.w.org\/{rel}","templated":true}]}}