{"id":8974,"date":"2026-03-16T13:13:27","date_gmt":"2026-03-16T13:13:27","guid":{"rendered":"https:\/\/www.metron-ks.com\/?post_type=product&#038;p=8974"},"modified":"2026-03-16T13:35:01","modified_gmt":"2026-03-16T13:35:01","slug":"hama-ore-dixhitale-lombok-thermometer-hygrometer","status":"publish","type":"product","link":"https:\/\/www.metron-ks.com\/?product=hama-ore-dixhitale-lombok-thermometer-hygrometer","title":{"rendered":"Hama Or\u00eb Dixhitale Lombok, Thermometer\/Hygrometer"},"content":{"rendered":"<p>Dy\u00a0 alarma t\u00eb programueshme, ideale n\u00ebse dy persona zgjohen n\u00eb koh\u00eb t\u00eb ndryshme<\/p>\n<p>Zona kohore mund t\u00eb vendoset manualisht n\u00ebse ora DCF ndryshon nga ajo e zon\u00ebs kohore<\/p>\n<p>Specifikat<\/p>\n<p>Ngjyra e produktit E zez\u00eb<br \/>\nEkran or\u00ebsh<br \/>\nFunksion alarmi<br \/>\nHigromet\u00ebr, Termomet\u00ebr<br \/>\nMateriali:Plastik\u00eb<br \/>\nDiapazoni i matjes s\u00eb lag\u00ebshtis\u00eb (brenda) (H-H)20 &#8211; 90%<br \/>\nDiapazoni i matjes s\u00eb temperatur\u00ebs (brenda) (min. &#8211; maks.)-10, 50 \u00b0C<br \/>\nMund t\u00eb montohet n\u00eb mur<br \/>\nOr\u00eb radio DCF<br \/>\nNj\u00ebsit\u00eb e matjes s\u00eb temperatur\u00ebs\u00b0C<br \/>\nEkran or\u00eb\/dat\u00eb<br \/>\nBurimi i energjis\u00eb :Bateri<br \/>\nNumri i baterive (sensor): 2<br \/>\nLloji i bateris\u00eb: AA<br \/>\nPesha dhe dimensionet: Gjer\u00ebsia216 mm, Thell\u00ebsia27 mm, Lart\u00ebsia132 mm<\/p>\n","protected":false},"excerpt":{"rendered":"<p>222232<\/p>\n","protected":false},"featured_media":8977,"comment_status":"closed","ping_status":"closed","template":"","meta":[],"product_brand":[],"product_cat":[118,209,136],"product_tag":[],"class_list":{"0":"post-8974","1":"product","2":"type-product","3":"status-publish","4":"has-post-thumbnail","6":"product_cat-aksesore","7":"product_cat-ore","8":"product_cat-pajisje-shtepiake","10":"first","11":"instock","12":"shipping-taxable","13":"purchasable","14":"product-type-simple"},"_links":{"self":[{"href":"https:\/\/www.metron-ks.com\/index.php?rest_route=\/wp\/v2\/product\/8974","targetHints":{"allow":["GET"]}}],"collection":[{"href":"https:\/\/www.metron-ks.com\/index.php?rest_route=\/wp\/v2\/product"}],"about":[{"href":"https:\/\/www.metron-ks.com\/index.php?rest_route=\/wp\/v2\/types\/product"}],"replies":[{"embeddable":true,"href":"https:\/\/www.metron-ks.com\/index.php?rest_route=%2Fwp%2Fv2%2Fcomments&post=8974"}],"wp:featuredmedia":[{"embeddable":true,"href":"https:\/\/www.metron-ks.com\/index.php?rest_route=\/wp\/v2\/media\/8977"}],"wp:attachment":[{"href":"https:\/\/www.metron-ks.com\/index.php?rest_route=%2Fwp%2Fv2%2Fmedia&parent=8974"}],"wp:term":[{"taxonomy":"product_brand","embeddable":true,"href":"https:\/\/www.metron-ks.com\/index.php?rest_route=%2Fwp%2Fv2%2Fproduct_brand&post=8974"},{"taxonomy":"product_cat","embeddable":true,"href":"https:\/\/www.metron-ks.com\/index.php?rest_route=%2Fwp%2Fv2%2Fproduct_cat&post=8974"},{"taxonomy":"product_tag","embeddable":true,"href":"https:\/\/www.metron-ks.com\/index.php?rest_route=%2Fwp%2Fv2%2Fproduct_tag&post=8974"}],"curies":[{"name":"wp","href":"https:\/\/api.w.org\/{rel}","templated":true}]}}