{"id":8978,"date":"2026-03-16T13:23:05","date_gmt":"2026-03-16T13:23:05","guid":{"rendered":"https:\/\/www.metron-ks.com\/?post_type=product&#038;p=8978"},"modified":"2026-03-16T13:23:35","modified_gmt":"2026-03-16T13:23:35","slug":"lexues-i-kartave-hama-usb-3-0","status":"publish","type":"product","link":"https:\/\/www.metron-ks.com\/?product=lexues-i-kartave-hama-usb-3-0","title":{"rendered":"Lexues i kartave Hama USB 3.0"},"content":{"rendered":"<p>Formatet e mb\u00ebshtetura: MicroSD (TransFlash), MicroSDHC, MicroSDXC, SD, SDHC, SDXC,<br \/>\nShpejt\u00ebsia e transferimit: 5000 Mbits<br \/>\nNgjyra: Gri,<br \/>\nMateriali: Plastik\u00eb<br \/>\nLidhshm\u00ebria: USB 3.0<br \/>\nPesha dhe dimensionet: Lart\u00ebsia(mm) 28.5, Gjer\u00ebsia (mm) 72, Thell\u00ebsia (mm) 10<br \/>\nPesha: 15g<\/p>\n","protected":false},"excerpt":{"rendered":"<p>124194<\/p>\n","protected":false},"featured_media":8979,"comment_status":"closed","ping_status":"closed","template":"","meta":[],"product_brand":[],"product_cat":[118,164],"product_tag":[],"class_list":{"0":"post-8978","1":"product","2":"type-product","3":"status-publish","4":"has-post-thumbnail","6":"product_cat-aksesore","7":"product_cat-lexues-i-kartave","9":"first","10":"instock","11":"shipping-taxable","12":"purchasable","13":"product-type-simple"},"_links":{"self":[{"href":"https:\/\/www.metron-ks.com\/index.php?rest_route=\/wp\/v2\/product\/8978","targetHints":{"allow":["GET"]}}],"collection":[{"href":"https:\/\/www.metron-ks.com\/index.php?rest_route=\/wp\/v2\/product"}],"about":[{"href":"https:\/\/www.metron-ks.com\/index.php?rest_route=\/wp\/v2\/types\/product"}],"replies":[{"embeddable":true,"href":"https:\/\/www.metron-ks.com\/index.php?rest_route=%2Fwp%2Fv2%2Fcomments&post=8978"}],"wp:featuredmedia":[{"embeddable":true,"href":"https:\/\/www.metron-ks.com\/index.php?rest_route=\/wp\/v2\/media\/8979"}],"wp:attachment":[{"href":"https:\/\/www.metron-ks.com\/index.php?rest_route=%2Fwp%2Fv2%2Fmedia&parent=8978"}],"wp:term":[{"taxonomy":"product_brand","embeddable":true,"href":"https:\/\/www.metron-ks.com\/index.php?rest_route=%2Fwp%2Fv2%2Fproduct_brand&post=8978"},{"taxonomy":"product_cat","embeddable":true,"href":"https:\/\/www.metron-ks.com\/index.php?rest_route=%2Fwp%2Fv2%2Fproduct_cat&post=8978"},{"taxonomy":"product_tag","embeddable":true,"href":"https:\/\/www.metron-ks.com\/index.php?rest_route=%2Fwp%2Fv2%2Fproduct_tag&post=8978"}],"curies":[{"name":"wp","href":"https:\/\/api.w.org\/{rel}","templated":true}]}}