{"id":8989,"date":"2026-03-17T12:28:11","date_gmt":"2026-03-17T12:28:11","guid":{"rendered":"https:\/\/www.metron-ks.com\/?post_type=product&#038;p=8989"},"modified":"2026-03-17T12:28:35","modified_gmt":"2026-03-17T12:28:35","slug":"lexues-i-kartave-hama-rapoo-ucr-3011-3ne1-usb-c","status":"publish","type":"product","link":"https:\/\/www.metron-ks.com\/?product=lexues-i-kartave-hama-rapoo-ucr-3011-3ne1-usb-c","title":{"rendered":"Lexues i kartave Hama Rapoo &#8220;UCR-3011&#8221; 3n\u00eb1, USB-C,"},"content":{"rendered":"<p>Kart\u00eb SD,kart\u00eb microSD<br \/>\nLidhja:USB-C<br \/>\nPort\u00eb shtes\u00eb USB-A p\u00ebr lidhjen e pajisjeve USB-A<br \/>\nPlug n Play<br \/>\nNuk k\u00ebrkohen konfigurime\/driver-a<br \/>\n-Shpejt\u00ebsi e shpejt\u00eb dhe e besueshme e transferimit t\u00eb dhenave (5Gbps)<br \/>\nDizajn i kthyesh\u00ebm dhe ultra i holl\u00eb i lidh\u00ebsit USB-C<br \/>\nKompakt dhe i l\u00ebvizsh\u00ebm<br \/>\nI pajtuesh\u00ebm me t\u00eb gjitha sistemet kryesore operative<br \/>\nDimensionet : Gjer\u00ebsia 7.5 cm, Lart\u00ebsia 2 cm, Thell\u00ebsia 12 cm<br \/>\nPesha: 49g<\/p>\n","protected":false},"excerpt":{"rendered":"<p>226497<\/p>\n","protected":false},"featured_media":8991,"comment_status":"closed","ping_status":"closed","template":"","meta":[],"product_brand":[],"product_cat":[118,164,141],"product_tag":[],"class_list":{"0":"post-8989","1":"product","2":"type-product","3":"status-publish","4":"has-post-thumbnail","6":"product_cat-aksesore","7":"product_cat-lexues-i-kartave","8":"product_cat-pclaptop","10":"first","11":"instock","12":"shipping-taxable","13":"purchasable","14":"product-type-simple"},"_links":{"self":[{"href":"https:\/\/www.metron-ks.com\/index.php?rest_route=\/wp\/v2\/product\/8989","targetHints":{"allow":["GET"]}}],"collection":[{"href":"https:\/\/www.metron-ks.com\/index.php?rest_route=\/wp\/v2\/product"}],"about":[{"href":"https:\/\/www.metron-ks.com\/index.php?rest_route=\/wp\/v2\/types\/product"}],"replies":[{"embeddable":true,"href":"https:\/\/www.metron-ks.com\/index.php?rest_route=%2Fwp%2Fv2%2Fcomments&post=8989"}],"wp:featuredmedia":[{"embeddable":true,"href":"https:\/\/www.metron-ks.com\/index.php?rest_route=\/wp\/v2\/media\/8991"}],"wp:attachment":[{"href":"https:\/\/www.metron-ks.com\/index.php?rest_route=%2Fwp%2Fv2%2Fmedia&parent=8989"}],"wp:term":[{"taxonomy":"product_brand","embeddable":true,"href":"https:\/\/www.metron-ks.com\/index.php?rest_route=%2Fwp%2Fv2%2Fproduct_brand&post=8989"},{"taxonomy":"product_cat","embeddable":true,"href":"https:\/\/www.metron-ks.com\/index.php?rest_route=%2Fwp%2Fv2%2Fproduct_cat&post=8989"},{"taxonomy":"product_tag","embeddable":true,"href":"https:\/\/www.metron-ks.com\/index.php?rest_route=%2Fwp%2Fv2%2Fproduct_tag&post=8989"}],"curies":[{"name":"wp","href":"https:\/\/api.w.org\/{rel}","templated":true}]}}