{"id":900,"date":"2023-03-06T22:24:23","date_gmt":"2023-03-06T22:24:23","guid":{"rendered":"https:\/\/www.metron-ks.com\/product\/mbeshtjelles-per-samsung-galaxy-a53-5g-s-view-wallet\/"},"modified":"2025-01-13T12:35:47","modified_gmt":"2025-01-13T12:35:47","slug":"mbeshtjelles-per-samsung-galaxy-a53-5g-s-view-wallet","status":"publish","type":"product","link":"https:\/\/www.metron-ks.com\/?product=mbeshtjelles-per-samsung-galaxy-a53-5g-s-view-wallet","title":{"rendered":"Mb\u00ebshtjell\u00ebs p\u00ebr Samsung Galaxy A53, 5G S, View Wallet"},"content":{"rendered":"<p>P\u00ebrve\u00e7 mbajtjes s\u00eb telefonit tuaj t\u00eb sigurt nga goditjet dhe r\u00ebniet e r\u00ebnda, ky\u00a0k\u00ebll\u00ebf telefoni i\u00a0menduar p\u00ebrpara, vjen gjithashtu me komoditetin e\u00a0nj\u00eb mini dritareje t\u00eb past\u00ebr t\u00eb pasuruar me nj\u00eb sensor inteligjent. Kjo ju lejon t\u00eb azhurnoni n\u00eb m\u00ebnyr\u00eb inteligjente njoftimet, pa e hapur kurr\u00eb k\u00ebllefin e telefonit. Mund t\u00eb p\u00ebrfshihen telefonatat dhe mesazhet hyr\u00ebse, mund t\u00eb kontrollohen jet\u00ebgjat\u00ebsia dhe koha e bateris\u00eb, dhe shum\u00eb m\u00eb tep\u00ebr mund t\u00eb realizohen, t\u00eb gjitha pa hapur kapakun dhe pa ekspozuar ekranin tuaj ndaj mjedisit tuaj.<\/p>\n","protected":false},"excerpt":{"rendered":"<p>Mb\u00ebshtjell\u00ebs p\u00ebr Samsung Galaxy A53 5G S View Wallet.<\/p>\n","protected":false},"featured_media":2074,"comment_status":"closed","ping_status":"closed","template":"","meta":[],"product_brand":[],"product_cat":[113,56],"product_tag":[],"class_list":{"0":"post-900","1":"product","2":"type-product","3":"status-publish","4":"has-post-thumbnail","6":"product_cat-celulartabletnavigim","7":"product_cat-mbeshtjelles","9":"first","10":"instock","11":"shipping-taxable","12":"purchasable","13":"product-type-simple"},"_links":{"self":[{"href":"https:\/\/www.metron-ks.com\/index.php?rest_route=\/wp\/v2\/product\/900","targetHints":{"allow":["GET"]}}],"collection":[{"href":"https:\/\/www.metron-ks.com\/index.php?rest_route=\/wp\/v2\/product"}],"about":[{"href":"https:\/\/www.metron-ks.com\/index.php?rest_route=\/wp\/v2\/types\/product"}],"replies":[{"embeddable":true,"href":"https:\/\/www.metron-ks.com\/index.php?rest_route=%2Fwp%2Fv2%2Fcomments&post=900"}],"wp:featuredmedia":[{"embeddable":true,"href":"https:\/\/www.metron-ks.com\/index.php?rest_route=\/wp\/v2\/media\/2074"}],"wp:attachment":[{"href":"https:\/\/www.metron-ks.com\/index.php?rest_route=%2Fwp%2Fv2%2Fmedia&parent=900"}],"wp:term":[{"taxonomy":"product_brand","embeddable":true,"href":"https:\/\/www.metron-ks.com\/index.php?rest_route=%2Fwp%2Fv2%2Fproduct_brand&post=900"},{"taxonomy":"product_cat","embeddable":true,"href":"https:\/\/www.metron-ks.com\/index.php?rest_route=%2Fwp%2Fv2%2Fproduct_cat&post=900"},{"taxonomy":"product_tag","embeddable":true,"href":"https:\/\/www.metron-ks.com\/index.php?rest_route=%2Fwp%2Fv2%2Fproduct_tag&post=900"}],"curies":[{"name":"wp","href":"https:\/\/api.w.org\/{rel}","templated":true}]}}