{"id":910,"date":"2023-03-06T22:24:27","date_gmt":"2023-03-06T22:24:27","guid":{"rendered":"https:\/\/www.metron-ks.com\/product\/mbeshtjelles-per-samsung-galaxy-tab-s7-hirte-e-hapur\/"},"modified":"2025-01-13T12:23:04","modified_gmt":"2025-01-13T12:23:04","slug":"mbeshtjelles-per-samsung-galaxy-tab-s7-hirte-e-hapur","status":"publish","type":"product","link":"https:\/\/www.metron-ks.com\/?product=mbeshtjelles-per-samsung-galaxy-tab-s7-hirte-e-hapur","title":{"rendered":"Mb\u00ebshtjell\u00ebs p\u00ebr Samsung Galaxy Tab S7+, hirt\u00eb e hapur"},"content":{"rendered":"<p>Mb\u00ebshtjelleni tabletin tuaj n\u00eb nj\u00eb mb\u00ebshtjell\u00ebs t\u00eb shk\u00eblqyeshem, sa elegant\u00a0aq edhe i\u00a0p\u00ebrshtatsh\u00ebm.\u00a0Mb\u00ebshtjell\u00ebsi paloset rreth e rrotull dhe ngjitet n\u00eb m\u00ebnyr\u00eb magnetike. Ka edhe nj\u00eb ndarje p\u00ebr S Pen.<\/p>\n<p>Dimensioni<br \/>\n286.8 x 197.2 x 10.7 mm<\/p>\n<p>Pesha<br \/>\n241 g<\/p>\n","protected":false},"excerpt":{"rendered":"<p>Mb\u00ebshtjell\u00ebs p\u00ebr Samsung Galaxy Tab S7+<\/p>\n","protected":false},"featured_media":2052,"comment_status":"closed","ping_status":"closed","template":"","meta":[],"product_brand":[],"product_cat":[113,56],"product_tag":[],"class_list":{"0":"post-910","1":"product","2":"type-product","3":"status-publish","4":"has-post-thumbnail","6":"product_cat-celulartabletnavigim","7":"product_cat-mbeshtjelles","9":"first","10":"instock","11":"shipping-taxable","12":"purchasable","13":"product-type-simple"},"_links":{"self":[{"href":"https:\/\/www.metron-ks.com\/index.php?rest_route=\/wp\/v2\/product\/910","targetHints":{"allow":["GET"]}}],"collection":[{"href":"https:\/\/www.metron-ks.com\/index.php?rest_route=\/wp\/v2\/product"}],"about":[{"href":"https:\/\/www.metron-ks.com\/index.php?rest_route=\/wp\/v2\/types\/product"}],"replies":[{"embeddable":true,"href":"https:\/\/www.metron-ks.com\/index.php?rest_route=%2Fwp%2Fv2%2Fcomments&post=910"}],"wp:featuredmedia":[{"embeddable":true,"href":"https:\/\/www.metron-ks.com\/index.php?rest_route=\/wp\/v2\/media\/2052"}],"wp:attachment":[{"href":"https:\/\/www.metron-ks.com\/index.php?rest_route=%2Fwp%2Fv2%2Fmedia&parent=910"}],"wp:term":[{"taxonomy":"product_brand","embeddable":true,"href":"https:\/\/www.metron-ks.com\/index.php?rest_route=%2Fwp%2Fv2%2Fproduct_brand&post=910"},{"taxonomy":"product_cat","embeddable":true,"href":"https:\/\/www.metron-ks.com\/index.php?rest_route=%2Fwp%2Fv2%2Fproduct_cat&post=910"},{"taxonomy":"product_tag","embeddable":true,"href":"https:\/\/www.metron-ks.com\/index.php?rest_route=%2Fwp%2Fv2%2Fproduct_tag&post=910"}],"curies":[{"name":"wp","href":"https:\/\/api.w.org\/{rel}","templated":true}]}}