{"id":913,"date":"2023-03-06T22:24:28","date_gmt":"2023-03-06T22:24:28","guid":{"rendered":"https:\/\/www.metron-ks.com\/product\/mbeshtjelles-per-samsung-galaxy-z-fold4-e-zeze\/"},"modified":"2025-01-13T12:21:15","modified_gmt":"2025-01-13T12:21:15","slug":"mbeshtjelles-per-samsung-galaxy-z-fold4-e-zeze","status":"publish","type":"product","link":"https:\/\/www.metron-ks.com\/?product=mbeshtjelles-per-samsung-galaxy-z-fold4-e-zeze","title":{"rendered":"Mb\u00ebshtjell\u00ebs p\u00ebr Samsung Galaxy Z Fold4, e zez\u00eb"},"content":{"rendered":"<p>Mb\u00ebshtjell\u00ebs i\u00a0holl\u00eb n\u00eb k\u00ebmb\u00eb p\u00ebr Galaxy Z Fold4<\/p>\n<p>Mb\u00ebshtjell\u00ebs\u00a0me stil rreth skajit t\u00eb p\u00ebrparm\u00eb t\u00eb Galaxy Z Fold4, n\u00eb m\u00ebnyr\u00eb q\u00eb t\u00eb dyja an\u00ebt t\u00eb mbulohen pa e maskuar dizajnin e tij elegant.<\/p>\n<p>Dimensionet\u00a0(WxHxD):67,1 x 158,8 x 21,1 mm<\/p>\n<p>Pesha:46 g<\/p>\n","protected":false},"excerpt":{"rendered":"<p>Mb\u00ebshtjell\u00ebs p\u00ebr Samsung Galaxy Z Fold4 me k\u00ebmb\u00eb, e zez\u00eb<\/p>\n","protected":false},"featured_media":2050,"comment_status":"closed","ping_status":"closed","template":"","meta":[],"product_brand":[],"product_cat":[113,56],"product_tag":[],"class_list":{"0":"post-913","1":"product","2":"type-product","3":"status-publish","4":"has-post-thumbnail","6":"product_cat-celulartabletnavigim","7":"product_cat-mbeshtjelles","9":"first","10":"instock","11":"shipping-taxable","12":"purchasable","13":"product-type-simple"},"_links":{"self":[{"href":"https:\/\/www.metron-ks.com\/index.php?rest_route=\/wp\/v2\/product\/913","targetHints":{"allow":["GET"]}}],"collection":[{"href":"https:\/\/www.metron-ks.com\/index.php?rest_route=\/wp\/v2\/product"}],"about":[{"href":"https:\/\/www.metron-ks.com\/index.php?rest_route=\/wp\/v2\/types\/product"}],"replies":[{"embeddable":true,"href":"https:\/\/www.metron-ks.com\/index.php?rest_route=%2Fwp%2Fv2%2Fcomments&post=913"}],"wp:featuredmedia":[{"embeddable":true,"href":"https:\/\/www.metron-ks.com\/index.php?rest_route=\/wp\/v2\/media\/2050"}],"wp:attachment":[{"href":"https:\/\/www.metron-ks.com\/index.php?rest_route=%2Fwp%2Fv2%2Fmedia&parent=913"}],"wp:term":[{"taxonomy":"product_brand","embeddable":true,"href":"https:\/\/www.metron-ks.com\/index.php?rest_route=%2Fwp%2Fv2%2Fproduct_brand&post=913"},{"taxonomy":"product_cat","embeddable":true,"href":"https:\/\/www.metron-ks.com\/index.php?rest_route=%2Fwp%2Fv2%2Fproduct_cat&post=913"},{"taxonomy":"product_tag","embeddable":true,"href":"https:\/\/www.metron-ks.com\/index.php?rest_route=%2Fwp%2Fv2%2Fproduct_tag&post=913"}],"curies":[{"name":"wp","href":"https:\/\/api.w.org\/{rel}","templated":true}]}}