{"id":915,"date":"2023-03-06T22:24:29","date_gmt":"2023-03-06T22:24:29","guid":{"rendered":"https:\/\/www.metron-ks.com\/product\/mbeshtjelles-per-samsung-galaxy-tab-s8-s7\/"},"modified":"2025-01-13T12:20:15","modified_gmt":"2025-01-13T12:20:15","slug":"mbeshtjelles-per-samsung-galaxy-tab-s8-s7","status":"publish","type":"product","link":"https:\/\/www.metron-ks.com\/?product=mbeshtjelles-per-samsung-galaxy-tab-s8-s7","title":{"rendered":"Mb\u00ebshtjell\u00ebs p\u00ebr Samsung Galaxy, Tab S8 | S7"},"content":{"rendered":"<p>Dizajn elegant me aft\u00ebsin\u00eb p\u00ebr t\u00eb mbajtur sh\u00ebnime t\u00eb shpejta.<br \/>\nHap\u00ebsir\u00eb ruajt\u00ebse e integruar p\u00ebr mbajtjen e S Pen.<br \/>\nNgjitje e shpejt\u00eb dhe e leht\u00eb me magnet n\u00eb pjes\u00ebn e pasme t\u00eb kapakut.<br \/>\nShtresa antibakteriale ju mbron nga bakteret e ndryshme*.<br \/>\nMbron pjes\u00ebn e p\u00ebrparme dhe t\u00eb pasme t\u00eb tabletit tuaj nga g\u00ebrvishtjet dhe goditjet.<br \/>\nE p\u00ebrputhshme me Galaxy Tab S7 |\u00a0S8.<\/p>\n","protected":false},"excerpt":{"rendered":"<p>Mb\u00ebshtjell\u00ebs p\u00ebr Samsung Galaxy, Tab S8 | S7.<\/p>\n","protected":false},"featured_media":2033,"comment_status":"closed","ping_status":"closed","template":"","meta":[],"product_brand":[],"product_cat":[113,56],"product_tag":[],"class_list":{"0":"post-915","1":"product","2":"type-product","3":"status-publish","4":"has-post-thumbnail","6":"product_cat-celulartabletnavigim","7":"product_cat-mbeshtjelles","9":"first","10":"instock","11":"shipping-taxable","12":"purchasable","13":"product-type-simple"},"_links":{"self":[{"href":"https:\/\/www.metron-ks.com\/index.php?rest_route=\/wp\/v2\/product\/915","targetHints":{"allow":["GET"]}}],"collection":[{"href":"https:\/\/www.metron-ks.com\/index.php?rest_route=\/wp\/v2\/product"}],"about":[{"href":"https:\/\/www.metron-ks.com\/index.php?rest_route=\/wp\/v2\/types\/product"}],"replies":[{"embeddable":true,"href":"https:\/\/www.metron-ks.com\/index.php?rest_route=%2Fwp%2Fv2%2Fcomments&post=915"}],"wp:featuredmedia":[{"embeddable":true,"href":"https:\/\/www.metron-ks.com\/index.php?rest_route=\/wp\/v2\/media\/2033"}],"wp:attachment":[{"href":"https:\/\/www.metron-ks.com\/index.php?rest_route=%2Fwp%2Fv2%2Fmedia&parent=915"}],"wp:term":[{"taxonomy":"product_brand","embeddable":true,"href":"https:\/\/www.metron-ks.com\/index.php?rest_route=%2Fwp%2Fv2%2Fproduct_brand&post=915"},{"taxonomy":"product_cat","embeddable":true,"href":"https:\/\/www.metron-ks.com\/index.php?rest_route=%2Fwp%2Fv2%2Fproduct_cat&post=915"},{"taxonomy":"product_tag","embeddable":true,"href":"https:\/\/www.metron-ks.com\/index.php?rest_route=%2Fwp%2Fv2%2Fproduct_tag&post=915"}],"curies":[{"name":"wp","href":"https:\/\/api.w.org\/{rel}","templated":true}]}}