{"id":920,"date":"2023-03-06T22:24:31","date_gmt":"2023-03-06T22:24:31","guid":{"rendered":"https:\/\/www.metron-ks.com\/product\/mbeshtjelles-silikoni-per-samsung-galaxy-s23-e-kalter-2\/"},"modified":"2025-01-13T11:26:01","modified_gmt":"2025-01-13T11:26:01","slug":"mbeshtjelles-silikoni-per-samsung-galaxy-s23-e-kalter-2","status":"publish","type":"product","link":"https:\/\/www.metron-ks.com\/?product=mbeshtjelles-silikoni-per-samsung-galaxy-s23-e-kalter-2","title":{"rendered":"Mb\u00ebshtjell\u00ebs silikoni p\u00ebr Samsung Galaxy S23+, e kalt\u00ebr"},"content":{"rendered":"<p>Pjesa e jashtme e l\u00ebmuar prej\u00a0silikoni jo vet\u00ebm q\u00eb siguron nj\u00eb kapje t\u00eb rehatshme, por shton stil q\u00eb plot\u00ebson pamjen tuaj t\u00eb p\u00ebrditshme.<\/p>\n<p>Silikoni i but\u00eb siguron nj\u00eb p\u00ebrshtatje t\u00eb qet\u00eb n\u00eb telefonin tuaj, nd\u00ebrkoh\u00eb q\u00eb zvog\u00eblon mund\u00ebsin\u00eb e ndonj\u00eb g\u00ebrvishtjeje,ose goditjeje t\u00eb pad\u00ebshiruar.<\/p>\n","protected":false},"excerpt":{"rendered":"<p>Mb\u00ebshtjell\u00ebs silikoni p\u00ebr Samsung Galaxy S23+, e kalt\u00ebr<\/p>\n","protected":false},"featured_media":2011,"comment_status":"closed","ping_status":"closed","template":"","meta":[],"product_brand":[],"product_cat":[113,56],"product_tag":[],"class_list":{"0":"post-920","1":"product","2":"type-product","3":"status-publish","4":"has-post-thumbnail","6":"product_cat-celulartabletnavigim","7":"product_cat-mbeshtjelles","9":"first","10":"instock","11":"shipping-taxable","12":"purchasable","13":"product-type-simple"},"_links":{"self":[{"href":"https:\/\/www.metron-ks.com\/index.php?rest_route=\/wp\/v2\/product\/920","targetHints":{"allow":["GET"]}}],"collection":[{"href":"https:\/\/www.metron-ks.com\/index.php?rest_route=\/wp\/v2\/product"}],"about":[{"href":"https:\/\/www.metron-ks.com\/index.php?rest_route=\/wp\/v2\/types\/product"}],"replies":[{"embeddable":true,"href":"https:\/\/www.metron-ks.com\/index.php?rest_route=%2Fwp%2Fv2%2Fcomments&post=920"}],"wp:featuredmedia":[{"embeddable":true,"href":"https:\/\/www.metron-ks.com\/index.php?rest_route=\/wp\/v2\/media\/2011"}],"wp:attachment":[{"href":"https:\/\/www.metron-ks.com\/index.php?rest_route=%2Fwp%2Fv2%2Fmedia&parent=920"}],"wp:term":[{"taxonomy":"product_brand","embeddable":true,"href":"https:\/\/www.metron-ks.com\/index.php?rest_route=%2Fwp%2Fv2%2Fproduct_brand&post=920"},{"taxonomy":"product_cat","embeddable":true,"href":"https:\/\/www.metron-ks.com\/index.php?rest_route=%2Fwp%2Fv2%2Fproduct_cat&post=920"},{"taxonomy":"product_tag","embeddable":true,"href":"https:\/\/www.metron-ks.com\/index.php?rest_route=%2Fwp%2Fv2%2Fproduct_tag&post=920"}],"curies":[{"name":"wp","href":"https:\/\/api.w.org\/{rel}","templated":true}]}}