{"id":938,"date":"2023-03-06T22:24:39","date_gmt":"2023-03-06T22:24:39","guid":{"rendered":"https:\/\/www.metron-ks.com\/product\/mbrojtese-samsung-per-samsung-galaxy-a04s-transparente\/"},"modified":"2025-01-13T09:18:50","modified_gmt":"2025-01-13T09:18:50","slug":"mbrojtese-samsung-per-samsung-galaxy-a04s-transparente","status":"publish","type":"product","link":"https:\/\/www.metron-ks.com\/?product=mbrojtese-samsung-per-samsung-galaxy-a04s-transparente","title":{"rendered":"Mbrojt\u00ebse Samsung p\u00ebr Samsung Galaxy A04s, transparente"},"content":{"rendered":"<p>Me stil dhe komode dhe me material transparent p\u00ebr mbrojtje t\u00eb\u00a0fort\u00eb.<\/p>\n","protected":false},"excerpt":{"rendered":"<p>Mbrojt\u00ebse Samsung p\u00ebr Samsung Galaxy A04s, transparente<\/p>\n","protected":false},"featured_media":1952,"comment_status":"closed","ping_status":"closed","template":"","meta":[],"product_brand":[],"product_cat":[113,56],"product_tag":[],"class_list":{"0":"post-938","1":"product","2":"type-product","3":"status-publish","4":"has-post-thumbnail","6":"product_cat-celulartabletnavigim","7":"product_cat-mbeshtjelles","9":"first","10":"instock","11":"shipping-taxable","12":"purchasable","13":"product-type-simple"},"_links":{"self":[{"href":"https:\/\/www.metron-ks.com\/index.php?rest_route=\/wp\/v2\/product\/938","targetHints":{"allow":["GET"]}}],"collection":[{"href":"https:\/\/www.metron-ks.com\/index.php?rest_route=\/wp\/v2\/product"}],"about":[{"href":"https:\/\/www.metron-ks.com\/index.php?rest_route=\/wp\/v2\/types\/product"}],"replies":[{"embeddable":true,"href":"https:\/\/www.metron-ks.com\/index.php?rest_route=%2Fwp%2Fv2%2Fcomments&post=938"}],"wp:featuredmedia":[{"embeddable":true,"href":"https:\/\/www.metron-ks.com\/index.php?rest_route=\/wp\/v2\/media\/1952"}],"wp:attachment":[{"href":"https:\/\/www.metron-ks.com\/index.php?rest_route=%2Fwp%2Fv2%2Fmedia&parent=938"}],"wp:term":[{"taxonomy":"product_brand","embeddable":true,"href":"https:\/\/www.metron-ks.com\/index.php?rest_route=%2Fwp%2Fv2%2Fproduct_brand&post=938"},{"taxonomy":"product_cat","embeddable":true,"href":"https:\/\/www.metron-ks.com\/index.php?rest_route=%2Fwp%2Fv2%2Fproduct_cat&post=938"},{"taxonomy":"product_tag","embeddable":true,"href":"https:\/\/www.metron-ks.com\/index.php?rest_route=%2Fwp%2Fv2%2Fproduct_tag&post=938"}],"curies":[{"name":"wp","href":"https:\/\/api.w.org\/{rel}","templated":true}]}}