{"id":939,"date":"2023-03-06T22:24:39","date_gmt":"2023-03-06T22:24:39","guid":{"rendered":"https:\/\/www.metron-ks.com\/product\/mikrofon-gaming-white-shark-dsm-01-zonis\/"},"modified":"2025-01-13T09:17:54","modified_gmt":"2025-01-13T09:17:54","slug":"mikrofon-gaming-white-shark-dsm-01-zonis","status":"publish","type":"product","link":"https:\/\/www.metron-ks.com\/?product=mikrofon-gaming-white-shark-dsm-01-zonis","title":{"rendered":"Mikrofon Gaming White Shark DSM-01, Zonis"},"content":{"rendered":"<p>B\u00ebrthama e mikrofonit t\u00eb kondensatorit me diamet\u00ebr 16 mm<\/p>\n<p>Qark qarkullues pa zhurm\u00eb ultra i ul\u00ebt<\/p>\n<p>Krahu i kthyesh\u00ebm 2-boshte p\u00ebr pozicionimin e sakt\u00eb<\/p>\n<p>Niveli i zhurm\u00ebs: 16dBa<\/p>\n<p>Kondensuesi me diamet\u00ebr 16 mm<\/p>\n<p>Ndjeshm\u00ebri: -38dB +\/- 3dB<\/p>\n<p>Shtrirja e frekuenc\u00ebs: 30Hz &#8211; 16kHz<\/p>\n<p>Gjat\u00ebsia e kabllos: 2.5m<\/p>\n","protected":false},"excerpt":{"rendered":"<p>Mikrofon Gaming White Shark DSM-01, Zonis<\/p>\n","protected":false},"featured_media":1959,"comment_status":"closed","ping_status":"closed","template":"","meta":[],"product_brand":[],"product_cat":[116,129],"product_tag":[],"class_list":{"0":"post-939","1":"product","2":"type-product","3":"status-publish","4":"has-post-thumbnail","6":"product_cat-gaming","7":"product_cat-mikrofon-gaming","9":"first","10":"instock","11":"shipping-taxable","12":"purchasable","13":"product-type-simple"},"_links":{"self":[{"href":"https:\/\/www.metron-ks.com\/index.php?rest_route=\/wp\/v2\/product\/939","targetHints":{"allow":["GET"]}}],"collection":[{"href":"https:\/\/www.metron-ks.com\/index.php?rest_route=\/wp\/v2\/product"}],"about":[{"href":"https:\/\/www.metron-ks.com\/index.php?rest_route=\/wp\/v2\/types\/product"}],"replies":[{"embeddable":true,"href":"https:\/\/www.metron-ks.com\/index.php?rest_route=%2Fwp%2Fv2%2Fcomments&post=939"}],"wp:featuredmedia":[{"embeddable":true,"href":"https:\/\/www.metron-ks.com\/index.php?rest_route=\/wp\/v2\/media\/1959"}],"wp:attachment":[{"href":"https:\/\/www.metron-ks.com\/index.php?rest_route=%2Fwp%2Fv2%2Fmedia&parent=939"}],"wp:term":[{"taxonomy":"product_brand","embeddable":true,"href":"https:\/\/www.metron-ks.com\/index.php?rest_route=%2Fwp%2Fv2%2Fproduct_brand&post=939"},{"taxonomy":"product_cat","embeddable":true,"href":"https:\/\/www.metron-ks.com\/index.php?rest_route=%2Fwp%2Fv2%2Fproduct_cat&post=939"},{"taxonomy":"product_tag","embeddable":true,"href":"https:\/\/www.metron-ks.com\/index.php?rest_route=%2Fwp%2Fv2%2Fproduct_tag&post=939"}],"curies":[{"name":"wp","href":"https:\/\/api.w.org\/{rel}","templated":true}]}}