{"id":942,"date":"2023-03-06T22:24:41","date_gmt":"2023-03-06T22:24:41","guid":{"rendered":"https:\/\/www.metron-ks.com\/product\/mikrofon-hama-46020-dm-20-dynamic-i-zi-46020\/"},"modified":"2025-11-04T07:51:43","modified_gmt":"2025-11-04T07:51:43","slug":"mikrofon-hama-46020-dm-20-dynamic-i-zi-46020","status":"publish","type":"product","link":"https:\/\/www.metron-ks.com\/?product=mikrofon-hama-46020-dm-20-dynamic-i-zi-46020","title":{"rendered":"Mikrofon HAMA &#8220;Party&#8221; 460000 Dynamic, i zi"},"content":{"rendered":"<p>Mikrofoni \u00ebsht\u00eb i p\u00ebrsour p\u00ebr incizimin e z\u00ebrit, qoft\u00eb p\u00ebrmes kompjuterit apo n\u00eb ndonj\u00eb konferenc\u00eb. Ky mikrofon prodhon z\u00eb t\u00eb kualitetit t\u00eb lart\u00eb, t\u00eb qart\u00eb dhe natural. Mikrofoni ka pesh\u00eb tejet t\u00eb leht\u00eb, mund t\u00eb lidhet me pajisje t\u00eb ndryshme p\u00ebrmes kabllos 2.5m<\/p>\n<p>Lidhja: Jack 3.5 mm, Jack 6.35 mm<br \/>\nShtrirja e Frekuenc\u00ebs 100 Hz &#8211; 10 kHz<br \/>\nImpedanca 600 \u03a9<br \/>\nDrejtueshm\u00ebria: Nj\u00ebdrejtim\u00ebshe<br \/>\nMateriali:Plastik<br \/>\nLloji i Mikrofonit: Dinamik<br \/>\nModeli: Mono<br \/>\nNdjeshm\u00ebria: &#8211; 75 dB<br \/>\nLloji: Mikrofon Dore<br \/>\nGjat\u00ebsia e Kabllit: 2.5 m<br \/>\nLart\u00ebsia: 220 mm<br \/>\nGjat\u00ebsia :53 mm<br \/>\nGjer\u00ebsia: 53 mm<\/p>\n<p>Pesha: 200 g<\/p>\n","protected":false},"excerpt":{"rendered":"<p>460000<\/p>\n","protected":false},"featured_media":1946,"comment_status":"closed","ping_status":"closed","template":"","meta":[],"product_brand":[],"product_cat":[118,159,158],"product_tag":[],"class_list":{"0":"post-942","1":"product","2":"type-product","3":"status-publish","4":"has-post-thumbnail","6":"product_cat-aksesore","7":"product_cat-mikrofon-pajisje-zerimi","8":"product_cat-pajisje-zerimi","10":"first","11":"instock","12":"shipping-taxable","13":"purchasable","14":"product-type-simple"},"_links":{"self":[{"href":"https:\/\/www.metron-ks.com\/index.php?rest_route=\/wp\/v2\/product\/942","targetHints":{"allow":["GET"]}}],"collection":[{"href":"https:\/\/www.metron-ks.com\/index.php?rest_route=\/wp\/v2\/product"}],"about":[{"href":"https:\/\/www.metron-ks.com\/index.php?rest_route=\/wp\/v2\/types\/product"}],"replies":[{"embeddable":true,"href":"https:\/\/www.metron-ks.com\/index.php?rest_route=%2Fwp%2Fv2%2Fcomments&post=942"}],"wp:featuredmedia":[{"embeddable":true,"href":"https:\/\/www.metron-ks.com\/index.php?rest_route=\/wp\/v2\/media\/1946"}],"wp:attachment":[{"href":"https:\/\/www.metron-ks.com\/index.php?rest_route=%2Fwp%2Fv2%2Fmedia&parent=942"}],"wp:term":[{"taxonomy":"product_brand","embeddable":true,"href":"https:\/\/www.metron-ks.com\/index.php?rest_route=%2Fwp%2Fv2%2Fproduct_brand&post=942"},{"taxonomy":"product_cat","embeddable":true,"href":"https:\/\/www.metron-ks.com\/index.php?rest_route=%2Fwp%2Fv2%2Fproduct_cat&post=942"},{"taxonomy":"product_tag","embeddable":true,"href":"https:\/\/www.metron-ks.com\/index.php?rest_route=%2Fwp%2Fv2%2Fproduct_tag&post=942"}],"curies":[{"name":"wp","href":"https:\/\/api.w.org\/{rel}","templated":true}]}}