{"id":945,"date":"2023-03-06T22:24:42","date_gmt":"2023-03-06T22:24:42","guid":{"rendered":"https:\/\/www.metron-ks.com\/product\/mikrofon-hama-notebook-voip-57152\/"},"modified":"2025-01-13T08:51:54","modified_gmt":"2025-01-13T08:51:54","slug":"mikrofon-hama-notebook-voip-57152","status":"publish","type":"product","link":"https:\/\/www.metron-ks.com\/?product=mikrofon-hama-notebook-voip-57152","title":{"rendered":"Mikrofon Hama Notebook VoIP 57152"},"content":{"rendered":"<p>Mikrofon ideal\u00a0p\u00ebr t\u00eb\u00a0komunikuar n\u00eb\u00a0kompjuterin tuaj, Plug and Play dhe\u00a0i p\u00ebrshtatsh\u00ebm p\u00ebr \u00e7do kart\u00eb t\u00eb z\u00ebrit.<\/p>\n<p>Ngjyra:Zez\u00eb<\/p>\n<p>E lart\u00eb:17.5cm<\/p>\n<p>E gj\u00ebr\u00eb:3cm<\/p>\n<p>Adapteri: 3.5 mm Jack Plug<\/p>\n<p>Rezistenc\u00eb e plot\u00eb: 1400\u03a9<\/p>\n<p>Ndjeshm\u00ebria (Mikrofoni): &#8211; 62 + \/ &#8211; 3 dB<\/p>\n","protected":false},"excerpt":{"rendered":"<p>Mikrofon Hama Notebook VoIP 57152<\/p>\n","protected":false},"featured_media":1934,"comment_status":"closed","ping_status":"closed","template":"","meta":[],"product_brand":[],"product_cat":[118,157,141],"product_tag":[],"class_list":{"0":"post-945","1":"product","2":"type-product","3":"status-publish","4":"has-post-thumbnail","6":"product_cat-aksesore","7":"product_cat-mikrofon-pclaptop","8":"product_cat-pclaptop","10":"first","11":"instock","12":"shipping-taxable","13":"purchasable","14":"product-type-simple"},"_links":{"self":[{"href":"https:\/\/www.metron-ks.com\/index.php?rest_route=\/wp\/v2\/product\/945","targetHints":{"allow":["GET"]}}],"collection":[{"href":"https:\/\/www.metron-ks.com\/index.php?rest_route=\/wp\/v2\/product"}],"about":[{"href":"https:\/\/www.metron-ks.com\/index.php?rest_route=\/wp\/v2\/types\/product"}],"replies":[{"embeddable":true,"href":"https:\/\/www.metron-ks.com\/index.php?rest_route=%2Fwp%2Fv2%2Fcomments&post=945"}],"wp:featuredmedia":[{"embeddable":true,"href":"https:\/\/www.metron-ks.com\/index.php?rest_route=\/wp\/v2\/media\/1934"}],"wp:attachment":[{"href":"https:\/\/www.metron-ks.com\/index.php?rest_route=%2Fwp%2Fv2%2Fmedia&parent=945"}],"wp:term":[{"taxonomy":"product_brand","embeddable":true,"href":"https:\/\/www.metron-ks.com\/index.php?rest_route=%2Fwp%2Fv2%2Fproduct_brand&post=945"},{"taxonomy":"product_cat","embeddable":true,"href":"https:\/\/www.metron-ks.com\/index.php?rest_route=%2Fwp%2Fv2%2Fproduct_cat&post=945"},{"taxonomy":"product_tag","embeddable":true,"href":"https:\/\/www.metron-ks.com\/index.php?rest_route=%2Fwp%2Fv2%2Fproduct_tag&post=945"}],"curies":[{"name":"wp","href":"https:\/\/api.w.org\/{rel}","templated":true}]}}