{"id":947,"date":"2023-03-06T22:24:42","date_gmt":"2023-03-06T22:24:42","guid":{"rendered":"https:\/\/www.metron-ks.com\/product\/mouse-gaming-eshark-esl-m1-tanto-i-zi\/"},"modified":"2025-01-13T08:52:32","modified_gmt":"2025-01-13T08:52:32","slug":"mouse-gaming-eshark-esl-m1-tanto-i-zi","status":"publish","type":"product","link":"https:\/\/www.metron-ks.com\/?product=mouse-gaming-eshark-esl-m1-tanto-i-zi","title":{"rendered":"Mouse Gaming eShark ESL-M1 Tanto, i zi"},"content":{"rendered":"<p>Maus i dizajnuar n\u00eb m\u00ebnyr\u00eb ergonomike i krijuar p\u00ebr veprim t\u00eb shpejt\u00eb. Pixart 3325 Sensori optik, RGB i plot\u00eb dhe shtat\u00eb butona t\u00eb personalizuesh\u00ebm jan\u00eb gjith\u00e7ka q\u00eb ju nevojitet p\u00ebr dominim t\u00eb plot\u00eb<\/p>\n<p>Tanto \u00ebsht\u00eb plot\u00ebsisht i optimizuar p\u00ebr loj\u00ebra, fal\u00eb sensorit optik Pixart 3325 i cili siguron performanc\u00eb t\u00eb p\u00ebrparuar t\u00eb loj\u00ebrave me ndjeshm\u00ebrin\u00eb e tij 5000 DPI dhe shkall\u00ebn polling\u00a01000 Hz.<\/p>\n<p>Tanto vjen me 7 butona t\u00eb programuesh\u00ebm n\u00eb m\u00ebnyr\u00eb t\u00eb pavarur t\u00eb cil\u00ebt gjithashtu mund t\u00eb p\u00ebrdoren si komanda makro. Butoni an\u00ebsor, mbrapa dhe p\u00ebrpara, s\u00eb bashku me butonat DPI, jan\u00eb vendosur n\u00eb m\u00ebnyr\u00eb ergonomike p\u00ebr p\u00ebrshtatje dhe leht\u00ebsi optimale<\/p>\n<p>Secili buton mund t\u00eb konfigurohet n\u00eb softuerin Tanto, s\u00eb bashku me nj\u00eb buton n\u00eb rrot\u00ebn e l\u00ebvizjes. Ndri\u00e7imi RGB dhe efektet e drit\u00ebs gjithashtu mund t\u00eb vendosen q\u00eb t\u00eb p\u00ebrputhen me nj\u00eb nivel t\u00eb specifikuar DPI.<\/p>\n<p>Chipset: Pixart 3325<br \/>\nLloji i sensorit: Optik<br \/>\nRezolucioni: 5000 DPI<br \/>\nShkalla: Ultrapooling 1000Hz<br \/>\nPershpejtimi: 20G<br \/>\nJet\u00ebgjat\u00ebsia: Deri n\u00eb 5 milion her\u00eb<br \/>\nNdri\u00e7imi: RGB me 16.8 milion ngjyra t\u00eb personalizueshme<br \/>\nInterface: USB 2.0<br \/>\nGjat\u00ebsia e kabllit: 1.8m<br \/>\nP\u00ebrmasat (mm): 132x72x42<br \/>\nPesha: 150g<br \/>\nNgjyra: E zez\u00eb<br \/>\nSoftware<\/p>\n","protected":false},"excerpt":{"rendered":"<p>Maus eShark ESL-M1 Tanto, i zi<\/p>\n","protected":false},"featured_media":1940,"comment_status":"closed","ping_status":"closed","template":"","meta":[],"product_brand":[],"product_cat":[116,124],"product_tag":[],"class_list":{"0":"post-947","1":"product","2":"type-product","3":"status-publish","4":"has-post-thumbnail","6":"product_cat-gaming","7":"product_cat-mouse-gaming","9":"first","10":"instock","11":"shipping-taxable","12":"purchasable","13":"product-type-simple"},"_links":{"self":[{"href":"https:\/\/www.metron-ks.com\/index.php?rest_route=\/wp\/v2\/product\/947","targetHints":{"allow":["GET"]}}],"collection":[{"href":"https:\/\/www.metron-ks.com\/index.php?rest_route=\/wp\/v2\/product"}],"about":[{"href":"https:\/\/www.metron-ks.com\/index.php?rest_route=\/wp\/v2\/types\/product"}],"replies":[{"embeddable":true,"href":"https:\/\/www.metron-ks.com\/index.php?rest_route=%2Fwp%2Fv2%2Fcomments&post=947"}],"wp:featuredmedia":[{"embeddable":true,"href":"https:\/\/www.metron-ks.com\/index.php?rest_route=\/wp\/v2\/media\/1940"}],"wp:attachment":[{"href":"https:\/\/www.metron-ks.com\/index.php?rest_route=%2Fwp%2Fv2%2Fmedia&parent=947"}],"wp:term":[{"taxonomy":"product_brand","embeddable":true,"href":"https:\/\/www.metron-ks.com\/index.php?rest_route=%2Fwp%2Fv2%2Fproduct_brand&post=947"},{"taxonomy":"product_cat","embeddable":true,"href":"https:\/\/www.metron-ks.com\/index.php?rest_route=%2Fwp%2Fv2%2Fproduct_cat&post=947"},{"taxonomy":"product_tag","embeddable":true,"href":"https:\/\/www.metron-ks.com\/index.php?rest_route=%2Fwp%2Fv2%2Fproduct_tag&post=947"}],"curies":[{"name":"wp","href":"https:\/\/api.w.org\/{rel}","templated":true}]}}