{"id":948,"date":"2023-03-06T22:24:43","date_gmt":"2023-03-06T22:24:43","guid":{"rendered":"https:\/\/www.metron-ks.com\/product\/mouse-gaming-white-shark-hannibal-2-gm-5006r-3200dpi\/"},"modified":"2024-12-10T14:50:51","modified_gmt":"2024-12-10T14:50:51","slug":"mouse-gaming-white-shark-hannibal-2-gm-5006r-3200dpi","status":"publish","type":"product","link":"https:\/\/www.metron-ks.com\/?product=mouse-gaming-white-shark-hannibal-2-gm-5006r-3200dpi","title":{"rendered":"Maus Gaming White Shark, Hannibal 2, GM-5006R, 3200DPI"},"content":{"rendered":"<p>Mausi ka 6 butona p\u00ebr produktivitet dhe efikasitet t\u00eb lart\u00eb.<\/p>\n<p>E pajisur me sensor optik Sunplus 704, i aft\u00eb deri n\u00eb 3200DPI dhe 125 Hz.<\/p>\n<p>Kontroll me sakt\u00ebsi me 4 cil\u00ebsime DPI 1200\/1600\/2400\/3200 DPI.<\/p>\n<p>Mausi ka 7 ngjyra LED t\u00eb ndryshueshme dhe USB 2.0<\/p>\n<p>E thjesht\u00eb p\u00ebr t\u2019u p\u00ebrdorur vet\u00ebm \u201cplug dhe play\u201d. Nuk k\u00ebrkohet softuer shtes\u00eb ose firmware.<\/p>\n<p>Sensor : Optik<br \/>\nRezolucion 1200\/1600\/2400\/3200<br \/>\nNgjyra: Kuqe<br \/>\nInterface: USB 2.0<br \/>\nMateriali: Plastik<br \/>\nGjat\u00ebsia e kabllos: 1.8m<br \/>\nPesha: 135g<\/p>\n","protected":false},"excerpt":{"rendered":"<p>HANNIBAL 2 GM-5006R, 3200DPI<\/p>\n","protected":false},"featured_media":7077,"comment_status":"closed","ping_status":"closed","template":"","meta":[],"product_brand":[],"product_cat":[118,116,124],"product_tag":[],"class_list":{"0":"post-948","1":"product","2":"type-product","3":"status-publish","4":"has-post-thumbnail","6":"product_cat-aksesore","7":"product_cat-gaming","8":"product_cat-mouse-gaming","10":"first","11":"instock","12":"shipping-taxable","13":"purchasable","14":"product-type-simple"},"_links":{"self":[{"href":"https:\/\/www.metron-ks.com\/index.php?rest_route=\/wp\/v2\/product\/948","targetHints":{"allow":["GET"]}}],"collection":[{"href":"https:\/\/www.metron-ks.com\/index.php?rest_route=\/wp\/v2\/product"}],"about":[{"href":"https:\/\/www.metron-ks.com\/index.php?rest_route=\/wp\/v2\/types\/product"}],"replies":[{"embeddable":true,"href":"https:\/\/www.metron-ks.com\/index.php?rest_route=%2Fwp%2Fv2%2Fcomments&post=948"}],"wp:featuredmedia":[{"embeddable":true,"href":"https:\/\/www.metron-ks.com\/index.php?rest_route=\/wp\/v2\/media\/7077"}],"wp:attachment":[{"href":"https:\/\/www.metron-ks.com\/index.php?rest_route=%2Fwp%2Fv2%2Fmedia&parent=948"}],"wp:term":[{"taxonomy":"product_brand","embeddable":true,"href":"https:\/\/www.metron-ks.com\/index.php?rest_route=%2Fwp%2Fv2%2Fproduct_brand&post=948"},{"taxonomy":"product_cat","embeddable":true,"href":"https:\/\/www.metron-ks.com\/index.php?rest_route=%2Fwp%2Fv2%2Fproduct_cat&post=948"},{"taxonomy":"product_tag","embeddable":true,"href":"https:\/\/www.metron-ks.com\/index.php?rest_route=%2Fwp%2Fv2%2Fproduct_tag&post=948"}],"curies":[{"name":"wp","href":"https:\/\/api.w.org\/{rel}","templated":true}]}}