{"id":9592,"date":"2026-04-21T14:39:13","date_gmt":"2026-04-21T14:39:13","guid":{"rendered":"https:\/\/www.metron-ks.com\/?post_type=product&#038;p=9592"},"modified":"2026-04-22T11:01:01","modified_gmt":"2026-04-22T11:01:01","slug":"karikues-i-shpejte-hama-usb-c-pd-20w-i-zi","status":"publish","type":"product","link":"https:\/\/www.metron-ks.com\/?product=karikues-i-shpejte-hama-usb-c-pd-20w-i-zi","title":{"rendered":"Karikues i shpejt\u00eb Hama, USB-C, PD, 20W, i zi"},"content":{"rendered":"<p><strong>Karikim i optimizuar<\/strong><br \/>\nKarikimi i optimizuar mbron baterin\u00eb dhe k\u00ebshtu zgjat jet\u00ebgjat\u00ebsin\u00eb e saj.<\/p>\n<p><strong>Zbulimi automatik i pajisjes n\u00ebp\u00ebrmjet IC-s\u00eb<\/strong><br \/>\nKarikuesi USB njeh automatikisht pajisjet e lidhura dhe i karikon ato n\u00eb m\u00ebnyr\u00eb optimale.<\/p>\n<p><strong>Universal<\/strong><br \/>\nP\u00ebrputhshm\u00ebri maksimale p\u00ebr t\u00eb gjith\u00eb telefonat celular\u00eb, tablet\u00ebt dhe pajisjet e tjera me nj\u00eb port\u00eb USB-C.<\/p>\n<p><strong>Proces i sigurt karikimi<\/strong><br \/>\n\u00c7ipset inteligjent p\u00ebr karikim t\u00eb sigurt: Mbrojtje nga mbingarkesa, mbirryma dhe qarku i shkurt\u00ebr, IC me mbrojtje nga temperatura<\/p>\n<p><strong>Karikues i shpejt\u00eb me performanc\u00eb t\u00eb lart\u00eb<\/strong><br \/>\nPerfekt p\u00ebr telefonat inteligjent\u00eb me kapacitet t\u00eb lart\u00eb karikimi: Karikon pajisjet me shpejt\u00ebsi t\u00eb lart\u00eb, deri n\u00eb 60% n\u00eb 30 minuta, ideal p\u00ebr pajisjet e gjenerat\u00ebs s\u00eb re, pasi k\u00ebto shpesh nuk vijn\u00eb m\u00eb me karikues t\u00eb p\u00ebrfshir\u00eb.<\/p>\n<p><strong>I p\u00ebrshtatsh\u00ebm p\u00ebr shum\u00eb pajisje<\/strong><br \/>\nPD \u00ebsht\u00eb i zbatuesh\u00ebm universalisht, duke e b\u00ebr\u00eb t\u00eb p\u00ebrshtatsh\u00ebm p\u00ebr telefonat inteligjent\u00eb, AirPods, tableta dhe paketa energjie.<\/p>\n<p>Power Delivery<br \/>\nTeknologjia PD garanton karikim jasht\u00ebzakonisht t\u00eb shpejt\u00eb<\/p>\n<p><strong>Specifikat<\/strong><\/p>\n<p>Tensioni i hyrjes: 100 V\/240 V<br \/>\nPower Delivery<br \/>\nFuqia maksimale e daljes: 20 W<br \/>\nPort\u00eb: USB-C<br \/>\nNumri i portave USB: 1<br \/>\nLloji i priz\u00ebs Europlug, tipi C (CEE 7\/16)<\/p>\n","protected":false},"excerpt":{"rendered":"<p>201959<\/p>\n","protected":false},"featured_media":9594,"comment_status":"closed","ping_status":"closed","template":"","meta":[],"product_brand":[],"product_cat":[118,113,115],"product_tag":[],"class_list":{"0":"post-9592","1":"product","2":"type-product","3":"status-publish","4":"has-post-thumbnail","6":"product_cat-aksesore","7":"product_cat-celulartabletnavigim","8":"product_cat-karikues-celulartabletnavigim","10":"first","11":"instock","12":"shipping-taxable","13":"purchasable","14":"product-type-simple"},"_links":{"self":[{"href":"https:\/\/www.metron-ks.com\/index.php?rest_route=\/wp\/v2\/product\/9592","targetHints":{"allow":["GET"]}}],"collection":[{"href":"https:\/\/www.metron-ks.com\/index.php?rest_route=\/wp\/v2\/product"}],"about":[{"href":"https:\/\/www.metron-ks.com\/index.php?rest_route=\/wp\/v2\/types\/product"}],"replies":[{"embeddable":true,"href":"https:\/\/www.metron-ks.com\/index.php?rest_route=%2Fwp%2Fv2%2Fcomments&post=9592"}],"wp:featuredmedia":[{"embeddable":true,"href":"https:\/\/www.metron-ks.com\/index.php?rest_route=\/wp\/v2\/media\/9594"}],"wp:attachment":[{"href":"https:\/\/www.metron-ks.com\/index.php?rest_route=%2Fwp%2Fv2%2Fmedia&parent=9592"}],"wp:term":[{"taxonomy":"product_brand","embeddable":true,"href":"https:\/\/www.metron-ks.com\/index.php?rest_route=%2Fwp%2Fv2%2Fproduct_brand&post=9592"},{"taxonomy":"product_cat","embeddable":true,"href":"https:\/\/www.metron-ks.com\/index.php?rest_route=%2Fwp%2Fv2%2Fproduct_cat&post=9592"},{"taxonomy":"product_tag","embeddable":true,"href":"https:\/\/www.metron-ks.com\/index.php?rest_route=%2Fwp%2Fv2%2Fproduct_tag&post=9592"}],"curies":[{"name":"wp","href":"https:\/\/api.w.org\/{rel}","templated":true}]}}