{"id":976,"date":"2023-03-06T22:24:56","date_gmt":"2023-03-06T22:24:56","guid":{"rendered":"https:\/\/www.metron-ks.com\/product\/ore-e-mencur-hama-fit-watch-4910-roze\/"},"modified":"2025-01-10T08:27:41","modified_gmt":"2025-01-10T08:27:41","slug":"ore-e-mencur-hama-fit-watch-4910-roze","status":"publish","type":"product","link":"https:\/\/www.metron-ks.com\/?product=ore-e-mencur-hama-fit-watch-4910-roze","title":{"rendered":"Or\u00eb e men\u00e7ur Hama &#8220;Fit Watch 4910&#8221;, roz\u00eb"},"content":{"rendered":"<p>Njoftimi me dridhje dhe shfaqja n\u00eb ekran me pamje paraprake t\u00eb mesazheve WhatsApp, Instagram dhe Facebook, SMS, thirrje, email dhe m\u00eb shum\u00eb.<br \/>\nFal\u00eb klas\u00ebs s\u00eb mbrojtjes IP 68, ky gjurmues fitnesi i pap\u00ebrshkuesh\u00ebm nga uji \u00ebsht\u00eb i p\u00ebrshtatsh\u00ebm p\u00ebr t\u00eb gjitha aktivitetet brenda dhe n\u00eb uj\u00eb.<br \/>\nRr\u00ebshqitni ekranin si n\u00eb nj\u00eb telefon inteligjent: Ekran LCD me ngjyra 1,09&#8243; i p\u00ebrshtatsh\u00ebm p\u00ebr p\u00ebrdoruesit p\u00ebr nj\u00eb p\u00ebrmbledhje t\u00eb shpejt\u00eb t\u00eb t\u00eb gjitha funksioneve.<br \/>\nZgjidhni nga 15 lloje sporti dhe p\u00ebrfitoni nga nj\u00eb vler\u00ebsim i p\u00ebrshtatur.<br \/>\nMatje e vazhdueshme e rrahjeve t\u00eb zemr\u00ebs,\u00a0gjat\u00eb pushimit, dhe gjumit.<br \/>\nMe analiz\u00ebn tuaj t\u00eb gjumit, ju e dini se si shp\u00ebrndahen fazat e zgjimit, gjumit t\u00eb thell\u00eb<br \/>\nMat oksigjenin n\u00eb gjak, kur aktivizohet.<br \/>\nKontrolloni muzik\u00ebn nga telefoni inteligjent p\u00ebrmes or\u00ebs, p.sh. Ndez\u00eb\/Fik\u00eb, para \/prapa.<br \/>\nAplikacioni\u00a0&#8220;Hama FIT Move&#8221; \u00ebsht\u00eb certifikuar p\u00ebr cil\u00ebsin\u00eb e tij dhe \u00ebsht\u00eb testuar n\u00eb Gjermani p\u00ebr \u00e7do funksion.<br \/>\nKjo or\u00eb fitnesi zbulon automatikisht nj\u00eb aktivitet t\u00eb kryer p\u00ebr nj\u00eb koh\u00eb t\u00eb gjat\u00eb dhe e regjistron at\u00eb direkt pas konfirmimit.<br \/>\nFal\u00eb hapametrit, ju e dini sakt\u00ebsisht se sa hapa b\u00ebni n\u00eb dit\u00eb.<br \/>\nN\u00eb ekran shihni totalin e kalorive t\u00eb konsumuara dhe e dini kur keni konsumuar shumic\u00ebn e k\u00ebtyre kalorive.<br \/>\nRegjistroni deri n\u00eb 6 dit\u00eb aktivitet me nj\u00eb karikim t\u00eb vet\u00ebm te bateris\u00a0dhe pas 1,5 or\u00ebsh karikimi jeni gati t\u00eb p\u00ebrballeni s\u00ebrish me sfida t\u00eb reja.<\/p>\n<p>Rrahjet mesatare t\u00eb zemr\u00ebs, oksigjeni n\u00eb gjak, djegia e kalorive, distanca, rrahjet e zemr\u00ebs, hapametri, SWOLF, Gjumi, Shpejt\u00ebsia, Stresi, Tempo, Koha e st\u00ebrvitjes.<\/p>\n<p>Funksione shtes\u00eb: Moti, Kronometri, Kontrolli i muzik\u00ebs, Telefonat, Zbulimi i aktivitetit, Ora, Cikli menstrual, Koh\u00ebmat\u00ebsi, Modaliteti &#8220;Mos shqet\u00ebso&#8221;, Modaliteti i relaksimit, Modaliteti Sportiv, Njoftimet, P\u00ebrkujtuesi i l\u00ebvizjes, P\u00ebrkujtuesi i hidratimit, K\u00ebrkimi i telefonit, Ora me zile, Shk\u00eblqimi i ekranit i rregulluesh\u00ebm, Touch.<\/p>\n<p>Alumin\/Polikarbonat\/Silikon<br \/>\nI pap\u00ebrshkuesh\u00ebm nga uji<\/p>\n<p>Lloji i ekranit: Ekran LCD<br \/>\nLart\u00ebsia: 1.3 cm<br \/>\nGjatesia: 4.5 cm<br \/>\nGjer\u00ebsia e rripit: 2 cm<br \/>\nGjat\u00ebsia: 23.1 cm<br \/>\nGjat\u00ebsia e rripit: 8.4cm<br \/>\nGjat\u00ebsia maksimale e rripit: 10.6cm<br \/>\nPesha: 34 g<br \/>\nMadh\u00ebsia e ekranit: 2,79 cm (1,09&#8243;)<\/p>\n","protected":false},"excerpt":{"rendered":"<p>Or\u00eb e men\u00e7ur Hama &#8220;Fit Watch 4910&#8221; roz\u00eb 178608<\/p>\n","protected":false},"featured_media":1839,"comment_status":"closed","ping_status":"closed","template":"","meta":[],"product_brand":[],"product_cat":[66,114],"product_tag":[],"class_list":{"0":"post-976","1":"product","2":"type-product","3":"status-publish","4":"has-post-thumbnail","6":"product_cat-oremates-aktiviteti","7":"product_cat-smart","9":"first","10":"instock","11":"shipping-taxable","12":"purchasable","13":"product-type-simple"},"_links":{"self":[{"href":"https:\/\/www.metron-ks.com\/index.php?rest_route=\/wp\/v2\/product\/976","targetHints":{"allow":["GET"]}}],"collection":[{"href":"https:\/\/www.metron-ks.com\/index.php?rest_route=\/wp\/v2\/product"}],"about":[{"href":"https:\/\/www.metron-ks.com\/index.php?rest_route=\/wp\/v2\/types\/product"}],"replies":[{"embeddable":true,"href":"https:\/\/www.metron-ks.com\/index.php?rest_route=%2Fwp%2Fv2%2Fcomments&post=976"}],"wp:featuredmedia":[{"embeddable":true,"href":"https:\/\/www.metron-ks.com\/index.php?rest_route=\/wp\/v2\/media\/1839"}],"wp:attachment":[{"href":"https:\/\/www.metron-ks.com\/index.php?rest_route=%2Fwp%2Fv2%2Fmedia&parent=976"}],"wp:term":[{"taxonomy":"product_brand","embeddable":true,"href":"https:\/\/www.metron-ks.com\/index.php?rest_route=%2Fwp%2Fv2%2Fproduct_brand&post=976"},{"taxonomy":"product_cat","embeddable":true,"href":"https:\/\/www.metron-ks.com\/index.php?rest_route=%2Fwp%2Fv2%2Fproduct_cat&post=976"},{"taxonomy":"product_tag","embeddable":true,"href":"https:\/\/www.metron-ks.com\/index.php?rest_route=%2Fwp%2Fv2%2Fproduct_tag&post=976"}],"curies":[{"name":"wp","href":"https:\/\/api.w.org\/{rel}","templated":true}]}}