{"id":978,"date":"2023-03-06T22:24:57","date_gmt":"2023-03-06T22:24:57","guid":{"rendered":"https:\/\/www.metron-ks.com\/product\/ore-e-mencur-hama-fit-watch-5910-me-gps-178606\/"},"modified":"2025-01-10T08:26:32","modified_gmt":"2025-01-10T08:26:32","slug":"ore-e-mencur-hama-fit-watch-5910-me-gps-178606","status":"publish","type":"product","link":"https:\/\/www.metron-ks.com\/?product=ore-e-mencur-hama-fit-watch-5910-me-gps-178606","title":{"rendered":"Or\u00eb e men\u00e7ur Hama &#8220;Fit Watch 5910&#8221;, me GPS, 178606"},"content":{"rendered":"<p>Or\u00eb e zgjuar, gjurmues fitnesi ose or\u00eb vrapimi &#8211; me &#8220;Fit Watch 5910&#8221; ju jeni gjithmon\u00eb t\u00eb azhurnuar dhe merrni nj\u00eb trajner motivues i cili do t&#8217;ju ngrej\u00eb n\u00eb nj\u00eb nivel t\u00eb ri fitnesi. Vrapim, rrotullim, palest\u00ebr ose yoga &#8211; tani \u00ebsht\u00eb koha p\u00ebr t\u00eb filluar!<\/p>\n<p>D\u00ebshironi t\u00eb dini sakt\u00ebsisht: shfaqni rrug\u00ebn tuaj t\u00eb sakt\u00eb gjat\u00eb vrapimit, bi\u00e7iklet\u00ebs ose sh\u00ebtitjes me GPS t\u00eb integruar &#8211; nuk k\u00ebrkohet smartphone<\/p>\n<p>Or\u00eb inteligjente dhe gjurmues fitnesi me GPS t\u00eb integruar p\u00ebr t\u00eb kontrolluar dhe optimizuar funksionet e trupit p\u00ebr nj\u00eb jet\u00eb t\u00eb sh\u00ebndetshme t\u00eb p\u00ebrditshme dhe sport aktiv<br \/>\n8 sporte mund t\u00eb ruhen n\u00eb or\u00ebn sportive<br \/>\nVendosni synime atletike me koh\u00ebmat\u00ebsin ose kronometrin, p\u00ebr shembull ecjen 15 minuta ne shkall\u00eb ose matjen e koh\u00ebs s\u00eb vrapimit &#8211; kjo p\u00ebrfshihet me pedometrin n\u00eb rrjet shtes\u00eb: n\u00eb kombinim me Google Fit, Apple Health dhe Strava ju merrni edhe m\u00eb shum\u00eb vler\u00ebsime p\u00ebr nj\u00eb m\u00ebnyr\u00eb jetese t\u00eb sh\u00ebndetshme<br \/>\nNdri\u00e7imi i ekranit i rregulluesh\u00ebm p\u00ebr t\u00eb p\u00ebrshtatur ekranin me kushtet p\u00ebrkat\u00ebse t\u00eb ndri\u00e7imit<br \/>\nEkrani i duhur p\u00ebr t\u00eb gjith\u00eb: zgjidhni nga modelet e ndryshme t\u00eb display dhe vendosni nj\u00eb imazh individual ne background<br \/>\nEkrani aktivizohet me nj\u00eb l\u00ebvizje dores p\u00ebrpjet\u00eb<br \/>\nMos u habitni m\u00eb nga shiu apo bora me parashikimin e integruar t\u00eb motit<br \/>\nAktivizo modalitetin &#8220;Mos shqet\u00ebso&#8221; n\u00eb m\u00ebnyr\u00eb q\u00eb asgj\u00eb t\u00eb mos t\u00eb t\u00ebrheq\u00eb v\u00ebmendjen &#8211; as gjat\u00eb sportit dhe as n\u00eb zyr\u00eb<br \/>\nP\u00ebrdorni funksionin e k\u00ebrkimit t\u00eb telefonit p\u00ebr t\u00eb gjetur telefonin inteligjent<br \/>\nOra inteligjente q\u00eb madje ju ndihmon t\u00eb relaksoheni: n\u00ebse jeni shum\u00eb t\u00eb stresuar, b\u00ebni nj\u00eb st\u00ebrvitje t\u00eb frym\u00ebmarrjes dhe pushoni p\u00ebrs\u00ebri<br \/>\nNdjekja e ciklit menstrual &#8211; n\u00ebse \u00ebsht\u00eb e nevojshme, ora llogarit menstruacionet e ardhshme, faz\u00ebn pjellore, etj. Dhe d\u00ebrgon nj\u00eb kujtes\u00eb<br \/>\nKarikim i p\u00ebrshtatsh\u00ebm me Ngarkes\u00eb Magnetike &#8211; kablloja e furnizuar e karikimit lidhet me or\u00ebn inteligjente p\u00ebrmes nj\u00eb magneti<\/p>\n<p>Jet\u00ebgjat\u00ebsia maksimale e bateris\u00eb: 6 dit\u00eb<\/p>\n<p>Versioni 5 i Bluetooth<br \/>\nRezistent nga uji<br \/>\nKlasa e mbrojtjes IP IP68 (mbrojtje kund\u00ebr hyrjes s\u00eb pluhurit dhe zhytjes s\u00eb vazhdueshme)<br \/>\nMaterial \u00e7elik inox<br \/>\nFunksioni mat\u00ebs: Mesatarja e Rrahjeve t\u00eb Zemr\u00ebs \/ Distanca \/ Shpejt\u00ebsia \/ Ritmi i Zemr\u00ebs \/ Djegia e kalorive \/ Gjumi \/ SWOLF \/ Ritmi \/ Koha e st\u00ebrvitjes<br \/>\nFunksione shtes\u00eb: Detektimi i aktivitetit, njoftimet, kujtesa e l\u00ebvizjes, m\u00ebnyra e relaksimit, kontrolli i muzik\u00ebs, modaliteti i mos shqet\u00ebsimit, m\u00ebnyrat sportive, kronometri, k\u00ebrkimi i telefonit, koh\u00ebmat\u00ebsi,ora me zile, shfaqja e motit<br \/>\nPesha: 35 g<\/p>\n","protected":false},"excerpt":{"rendered":"<p>Or\u00eb e men\u00e7ur Hama &#8220;Fit Watch 5910&#8221; GPS, Kalori, 178606<\/p>\n","protected":false},"featured_media":1829,"comment_status":"closed","ping_status":"closed","template":"","meta":[],"product_brand":[],"product_cat":[66,114],"product_tag":[],"class_list":{"0":"post-978","1":"product","2":"type-product","3":"status-publish","4":"has-post-thumbnail","6":"product_cat-oremates-aktiviteti","7":"product_cat-smart","9":"first","10":"instock","11":"shipping-taxable","12":"purchasable","13":"product-type-simple"},"_links":{"self":[{"href":"https:\/\/www.metron-ks.com\/index.php?rest_route=\/wp\/v2\/product\/978","targetHints":{"allow":["GET"]}}],"collection":[{"href":"https:\/\/www.metron-ks.com\/index.php?rest_route=\/wp\/v2\/product"}],"about":[{"href":"https:\/\/www.metron-ks.com\/index.php?rest_route=\/wp\/v2\/types\/product"}],"replies":[{"embeddable":true,"href":"https:\/\/www.metron-ks.com\/index.php?rest_route=%2Fwp%2Fv2%2Fcomments&post=978"}],"wp:featuredmedia":[{"embeddable":true,"href":"https:\/\/www.metron-ks.com\/index.php?rest_route=\/wp\/v2\/media\/1829"}],"wp:attachment":[{"href":"https:\/\/www.metron-ks.com\/index.php?rest_route=%2Fwp%2Fv2%2Fmedia&parent=978"}],"wp:term":[{"taxonomy":"product_brand","embeddable":true,"href":"https:\/\/www.metron-ks.com\/index.php?rest_route=%2Fwp%2Fv2%2Fproduct_brand&post=978"},{"taxonomy":"product_cat","embeddable":true,"href":"https:\/\/www.metron-ks.com\/index.php?rest_route=%2Fwp%2Fv2%2Fproduct_cat&post=978"},{"taxonomy":"product_tag","embeddable":true,"href":"https:\/\/www.metron-ks.com\/index.php?rest_route=%2Fwp%2Fv2%2Fproduct_tag&post=978"}],"curies":[{"name":"wp","href":"https:\/\/api.w.org\/{rel}","templated":true}]}}