{"id":981,"date":"2023-03-06T22:24:58","date_gmt":"2023-03-06T22:24:58","guid":{"rendered":"https:\/\/www.metron-ks.com\/product\/ore-e-mencur-meanit-m33-lady-roze\/"},"modified":"2025-01-10T08:18:17","modified_gmt":"2025-01-10T08:18:17","slug":"ore-e-mencur-meanit-m33-lady-roze","status":"publish","type":"product","link":"https:\/\/www.metron-ks.com\/?product=ore-e-mencur-meanit-m33-lady-roze","title":{"rendered":"Or\u00eb e men\u00e7ur meanIT M33 Lady, roz\u00eb"},"content":{"rendered":"<p>Ekrani 1.3&#8243; (240*240).<br \/>\nNjoftimi i thirrjeve dhe mesazheve.<br \/>\nPedometer, matja e rrahjeve t\u00eb zemr\u00ebs, MultiSport, matjet e distances, kalorit, monitorimi i gjumit, alarm, remote camera, gjeje oren.<br \/>\nNj\u00eb pajisje me nj\u00eb dizajn shum\u00eb elegant (shum\u00eb i leht\u00eb).<br \/>\nIP67 i pap\u00ebrshkuesh\u00ebm nga uji.<br \/>\nLidhje me val\u00eb BT, dridhje.<br \/>\nByzylyk i k\u00ebmbyesh\u00ebm.<br \/>\nFytyra t\u00eb k\u00ebmbyeshme t\u00eb or\u00ebs.<br \/>\nBateria me jet\u00ebgjat\u00ebsi (procesor ekonomik i gjenerat\u00ebs s\u00eb re).<br \/>\nBateria: 160 mAh<br \/>\nAplikacioni: Glory Fit<\/p>\n","protected":false},"excerpt":{"rendered":"<p>Or\u00eb e men\u00e7ur meanIT M33 Lady, roz\u00eb<\/p>\n","protected":false},"featured_media":7226,"comment_status":"closed","ping_status":"closed","template":"","meta":[],"product_brand":[],"product_cat":[66,114],"product_tag":[],"class_list":{"0":"post-981","1":"product","2":"type-product","3":"status-publish","4":"has-post-thumbnail","6":"product_cat-oremates-aktiviteti","7":"product_cat-smart","9":"first","10":"instock","11":"shipping-taxable","12":"purchasable","13":"product-type-simple"},"_links":{"self":[{"href":"https:\/\/www.metron-ks.com\/index.php?rest_route=\/wp\/v2\/product\/981","targetHints":{"allow":["GET"]}}],"collection":[{"href":"https:\/\/www.metron-ks.com\/index.php?rest_route=\/wp\/v2\/product"}],"about":[{"href":"https:\/\/www.metron-ks.com\/index.php?rest_route=\/wp\/v2\/types\/product"}],"replies":[{"embeddable":true,"href":"https:\/\/www.metron-ks.com\/index.php?rest_route=%2Fwp%2Fv2%2Fcomments&post=981"}],"wp:featuredmedia":[{"embeddable":true,"href":"https:\/\/www.metron-ks.com\/index.php?rest_route=\/wp\/v2\/media\/7226"}],"wp:attachment":[{"href":"https:\/\/www.metron-ks.com\/index.php?rest_route=%2Fwp%2Fv2%2Fmedia&parent=981"}],"wp:term":[{"taxonomy":"product_brand","embeddable":true,"href":"https:\/\/www.metron-ks.com\/index.php?rest_route=%2Fwp%2Fv2%2Fproduct_brand&post=981"},{"taxonomy":"product_cat","embeddable":true,"href":"https:\/\/www.metron-ks.com\/index.php?rest_route=%2Fwp%2Fv2%2Fproduct_cat&post=981"},{"taxonomy":"product_tag","embeddable":true,"href":"https:\/\/www.metron-ks.com\/index.php?rest_route=%2Fwp%2Fv2%2Fproduct_tag&post=981"}],"curies":[{"name":"wp","href":"https:\/\/api.w.org\/{rel}","templated":true}]}}