{"id":9859,"date":"2026-04-23T12:43:21","date_gmt":"2026-04-23T12:43:21","guid":{"rendered":"https:\/\/www.metron-ks.com\/?post_type=product&#038;p=9859"},"modified":"2026-04-23T12:43:23","modified_gmt":"2026-04-23T12:43:23","slug":"power-bank-samsung-qi2-magnet-wireless-5000mah","status":"publish","type":"product","link":"https:\/\/www.metron-ks.com\/?product=power-bank-samsung-qi2-magnet-wireless-5000mah","title":{"rendered":"Power Bank Samsung Qi2 Magnet Wireless, 5000mAh"},"content":{"rendered":"<p>Karikim pa tel 15W i \u00e7ertifikuar nga Qi2<br \/>\nKarikim super i shpejt\u00eb deri n\u00eb 25W n\u00ebp\u00ebrmjet USB-C<br \/>\nKarikim i nj\u00ebkohsh\u00ebm i dy pajisjeve<br \/>\nKapacitet tipik 5,000mAh<br \/>\nRreshtim magnetik p\u00ebr fiksim t\u00eb sigurt<br \/>\nMb\u00ebshtet\u00ebse e palosshme p\u00ebr shikim vertikal ose horizontal<br \/>\nDizajn i holl\u00eb dhe i leht\u00eb<br \/>\nPesha: 140 g<br \/>\nLart\u00ebsia: 10.25 cm<br \/>\nGjer\u00ebsia: 1.42 cm<br \/>\nThell\u00ebsia: 6.76 cm<\/p>\n","protected":false},"excerpt":{"rendered":"<p>EB-U2500XJEGWW<\/p>\n","protected":false},"featured_media":9861,"comment_status":"closed","ping_status":"closed","template":"","meta":[],"product_brand":[],"product_cat":[118,113,153],"product_tag":[],"class_list":{"0":"post-9859","1":"product","2":"type-product","3":"status-publish","4":"has-post-thumbnail","6":"product_cat-aksesore","7":"product_cat-celulartabletnavigim","8":"product_cat-power-bank","10":"first","11":"instock","12":"shipping-taxable","13":"purchasable","14":"product-type-simple"},"_links":{"self":[{"href":"https:\/\/www.metron-ks.com\/index.php?rest_route=\/wp\/v2\/product\/9859","targetHints":{"allow":["GET"]}}],"collection":[{"href":"https:\/\/www.metron-ks.com\/index.php?rest_route=\/wp\/v2\/product"}],"about":[{"href":"https:\/\/www.metron-ks.com\/index.php?rest_route=\/wp\/v2\/types\/product"}],"replies":[{"embeddable":true,"href":"https:\/\/www.metron-ks.com\/index.php?rest_route=%2Fwp%2Fv2%2Fcomments&post=9859"}],"wp:featuredmedia":[{"embeddable":true,"href":"https:\/\/www.metron-ks.com\/index.php?rest_route=\/wp\/v2\/media\/9861"}],"wp:attachment":[{"href":"https:\/\/www.metron-ks.com\/index.php?rest_route=%2Fwp%2Fv2%2Fmedia&parent=9859"}],"wp:term":[{"taxonomy":"product_brand","embeddable":true,"href":"https:\/\/www.metron-ks.com\/index.php?rest_route=%2Fwp%2Fv2%2Fproduct_brand&post=9859"},{"taxonomy":"product_cat","embeddable":true,"href":"https:\/\/www.metron-ks.com\/index.php?rest_route=%2Fwp%2Fv2%2Fproduct_cat&post=9859"},{"taxonomy":"product_tag","embeddable":true,"href":"https:\/\/www.metron-ks.com\/index.php?rest_route=%2Fwp%2Fv2%2Fproduct_tag&post=9859"}],"curies":[{"name":"wp","href":"https:\/\/api.w.org\/{rel}","templated":true}]}}